{"id":10463,"date":"2019-06-25T18:12:53","date_gmt":"2019-06-25T16:12:53","guid":{"rendered":"https:\/\/schiffers.pl\/?post_type=product&#038;p=10463\/"},"modified":"2019-10-21T23:35:34","modified_gmt":"2019-10-21T21:35:34","slug":"zlota-obraczka-z-efektem-warstw","status":"publish","type":"product","link":"https:\/\/schiffers.pl\/en\/sklep\/zlota-obraczka-z-efektem-warstw\/","title":{"rendered":"Terra Four"},"content":{"rendered":"","protected":false},"excerpt":{"rendered":"<p>R\u0119cznie wykonana warstwowa obr\u0105czka w dw\u00f3ch kolorach z\u0142ota, z diamentem.<\/p>","protected":false},"featured_media":10464,"template":"","meta":[],"product_brand":[],"product_cat":[189],"product_tag":[],"class_list":{"0":"post-10463","1":"product","2":"type-product","3":"status-publish","4":"has-post-thumbnail","6":"product_cat-prezentacja-obraczki-slubne","8":"first","9":"outofstock","10":"shipping-taxable","11":"product-type-simple"},"yoast_head":"<!-- This site is optimized with the Yoast SEO plugin v24.6 - https:\/\/yoast.com\/wordpress\/plugins\/seo\/ -->\n<title>Terra Four - Schiffers<\/title>\n<meta name=\"robots\" content=\"index, follow, max-snippet:-1, max-image-preview:large, max-video-preview:-1\" \/>\n<link rel=\"canonical\" href=\"https:\/\/schiffers.pl\/en\/sklep\/zlota-obraczka-z-efektem-warstw\/\" \/>\n<meta property=\"og:locale\" content=\"en_US\" \/>\n<meta property=\"og:type\" content=\"article\" \/>\n<meta property=\"og:title\" content=\"Terra Four - Schiffers\" \/>\n<meta property=\"og:description\" content=\"R\u0119cznie wykonana warstwowa obr\u0105czka w dw\u00f3ch kolorach z\u0142ota, z diamentem.\" \/>\n<meta property=\"og:url\" content=\"https:\/\/schiffers.pl\/en\/sklep\/zlota-obraczka-z-efektem-warstw\/\" \/>\n<meta property=\"og:site_name\" content=\"Schiffers\" \/>\n<meta property=\"article:modified_time\" content=\"2019-10-21T21:35:34+00:00\" \/>\n<meta property=\"og:image\" content=\"https:\/\/schiffers.pl\/wp-content\/uploads\/2019\/06\/1310792.jpg\" \/>\n\t<meta property=\"og:image:width\" content=\"1265\" \/>\n\t<meta property=\"og:image:height\" content=\"1265\" \/>\n\t<meta property=\"og:image:type\" content=\"image\/jpeg\" \/>\n<meta name=\"twitter:card\" content=\"summary_large_image\" \/>\n<script type=\"application\/ld+json\" class=\"yoast-schema-graph\">{\"@context\":\"https:\/\/schema.org\",\"@graph\":[{\"@type\":\"WebPage\",\"@id\":\"https:\/\/schiffers.pl\/sklep\/zlota-obraczka-z-efektem-warstw\/\",\"url\":\"https:\/\/schiffers.pl\/sklep\/zlota-obraczka-z-efektem-warstw\/\",\"name\":\"Terra Four - Schiffers\",\"isPartOf\":{\"@id\":\"https:\/\/schiffers.pl\/#website\"},\"primaryImageOfPage\":{\"@id\":\"https:\/\/schiffers.pl\/sklep\/zlota-obraczka-z-efektem-warstw\/#primaryimage\"},\"image\":{\"@id\":\"https:\/\/schiffers.pl\/sklep\/zlota-obraczka-z-efektem-warstw\/#primaryimage\"},\"thumbnailUrl\":\"https:\/\/schiffers.pl\/wp-content\/uploads\/2019\/06\/1310792.jpg\",\"datePublished\":\"2019-06-25T16:12:53+00:00\",\"dateModified\":\"2019-10-21T21:35:34+00:00\",\"breadcrumb\":{\"@id\":\"https:\/\/schiffers.pl\/sklep\/zlota-obraczka-z-efektem-warstw\/#breadcrumb\"},\"inLanguage\":\"en-US\",\"potentialAction\":[{\"@type\":\"ReadAction\",\"target\":[\"https:\/\/schiffers.pl\/sklep\/zlota-obraczka-z-efektem-warstw\/\"]}]},{\"@type\":\"ImageObject\",\"inLanguage\":\"en-US\",\"@id\":\"https:\/\/schiffers.pl\/sklep\/zlota-obraczka-z-efektem-warstw\/#primaryimage\",\"url\":\"https:\/\/schiffers.pl\/wp-content\/uploads\/2019\/06\/1310792.jpg\",\"contentUrl\":\"https:\/\/schiffers.pl\/wp-content\/uploads\/2019\/06\/1310792.jpg\",\"width\":1265,\"height\":1265},{\"@type\":\"BreadcrumbList\",\"@id\":\"https:\/\/schiffers.pl\/sklep\/zlota-obraczka-z-efektem-warstw\/#breadcrumb\",\"itemListElement\":[{\"@type\":\"ListItem\",\"position\":1,\"name\":\"Strona g\u0142\u00f3wna\",\"item\":\"https:\/\/schiffers.pl\/\"},{\"@type\":\"ListItem\",\"position\":2,\"name\":\"Sklep\",\"item\":\"https:\/\/schiffers.pl\/sklep\/\"},{\"@type\":\"ListItem\",\"position\":3,\"name\":\"Terra Four\"}]},{\"@type\":\"WebSite\",\"@id\":\"https:\/\/schiffers.pl\/#website\",\"url\":\"https:\/\/schiffers.pl\/\",\"name\":\"Schiffers\",\"description\":\"bi\u017cuteria\",\"potentialAction\":[{\"@type\":\"SearchAction\",\"target\":{\"@type\":\"EntryPoint\",\"urlTemplate\":\"https:\/\/schiffers.pl\/?s={search_term_string}\"},\"query-input\":{\"@type\":\"PropertyValueSpecification\",\"valueRequired\":true,\"valueName\":\"search_term_string\"}}],\"inLanguage\":\"en-US\"}]}<\/script>\n<!-- \/ Yoast SEO plugin. -->","yoast_head_json":{"title":"Terra Four - Schiffers","robots":{"index":"index","follow":"follow","max-snippet":"max-snippet:-1","max-image-preview":"max-image-preview:large","max-video-preview":"max-video-preview:-1"},"canonical":"https:\/\/schiffers.pl\/en\/sklep\/zlota-obraczka-z-efektem-warstw\/","og_locale":"en_US","og_type":"article","og_title":"Terra Four - Schiffers","og_description":"R\u0119cznie wykonana warstwowa obr\u0105czka w dw\u00f3ch kolorach z\u0142ota, z diamentem.","og_url":"https:\/\/schiffers.pl\/en\/sklep\/zlota-obraczka-z-efektem-warstw\/","og_site_name":"Schiffers","article_modified_time":"2019-10-21T21:35:34+00:00","og_image":[{"width":1265,"height":1265,"url":"https:\/\/schiffers.pl\/wp-content\/uploads\/2019\/06\/1310792.jpg","type":"image\/jpeg"}],"twitter_card":"summary_large_image","schema":{"@context":"https:\/\/schema.org","@graph":[{"@type":"WebPage","@id":"https:\/\/schiffers.pl\/sklep\/zlota-obraczka-z-efektem-warstw\/","url":"https:\/\/schiffers.pl\/sklep\/zlota-obraczka-z-efektem-warstw\/","name":"Terra Four - Schiffers","isPartOf":{"@id":"https:\/\/schiffers.pl\/#website"},"primaryImageOfPage":{"@id":"https:\/\/schiffers.pl\/sklep\/zlota-obraczka-z-efektem-warstw\/#primaryimage"},"image":{"@id":"https:\/\/schiffers.pl\/sklep\/zlota-obraczka-z-efektem-warstw\/#primaryimage"},"thumbnailUrl":"https:\/\/schiffers.pl\/wp-content\/uploads\/2019\/06\/1310792.jpg","datePublished":"2019-06-25T16:12:53+00:00","dateModified":"2019-10-21T21:35:34+00:00","breadcrumb":{"@id":"https:\/\/schiffers.pl\/sklep\/zlota-obraczka-z-efektem-warstw\/#breadcrumb"},"inLanguage":"en-US","potentialAction":[{"@type":"ReadAction","target":["https:\/\/schiffers.pl\/sklep\/zlota-obraczka-z-efektem-warstw\/"]}]},{"@type":"ImageObject","inLanguage":"en-US","@id":"https:\/\/schiffers.pl\/sklep\/zlota-obraczka-z-efektem-warstw\/#primaryimage","url":"https:\/\/schiffers.pl\/wp-content\/uploads\/2019\/06\/1310792.jpg","contentUrl":"https:\/\/schiffers.pl\/wp-content\/uploads\/2019\/06\/1310792.jpg","width":1265,"height":1265},{"@type":"BreadcrumbList","@id":"https:\/\/schiffers.pl\/sklep\/zlota-obraczka-z-efektem-warstw\/#breadcrumb","itemListElement":[{"@type":"ListItem","position":1,"name":"Strona g\u0142\u00f3wna","item":"https:\/\/schiffers.pl\/"},{"@type":"ListItem","position":2,"name":"Sklep","item":"https:\/\/schiffers.pl\/sklep\/"},{"@type":"ListItem","position":3,"name":"Terra Four"}]},{"@type":"WebSite","@id":"https:\/\/schiffers.pl\/#website","url":"https:\/\/schiffers.pl\/","name":"Schiffers","description":"bi\u017cuteria","potentialAction":[{"@type":"SearchAction","target":{"@type":"EntryPoint","urlTemplate":"https:\/\/schiffers.pl\/?s={search_term_string}"},"query-input":{"@type":"PropertyValueSpecification","valueRequired":true,"valueName":"search_term_string"}}],"inLanguage":"en-US"}]}},"_links":{"self":[{"href":"https:\/\/schiffers.pl\/en\/wp-json\/wp\/v2\/product\/10463","targetHints":{"allow":["GET"]}}],"collection":[{"href":"https:\/\/schiffers.pl\/en\/wp-json\/wp\/v2\/product"}],"about":[{"href":"https:\/\/schiffers.pl\/en\/wp-json\/wp\/v2\/types\/product"}],"wp:featuredmedia":[{"embeddable":true,"href":"https:\/\/schiffers.pl\/en\/wp-json\/wp\/v2\/media\/10464"}],"wp:attachment":[{"href":"https:\/\/schiffers.pl\/en\/wp-json\/wp\/v2\/media?parent=10463"}],"wp:term":[{"taxonomy":"product_brand","embeddable":true,"href":"https:\/\/schiffers.pl\/en\/wp-json\/wp\/v2\/product_brand?post=10463"},{"taxonomy":"product_cat","embeddable":true,"href":"https:\/\/schiffers.pl\/en\/wp-json\/wp\/v2\/product_cat?post=10463"},{"taxonomy":"product_tag","embeddable":true,"href":"https:\/\/schiffers.pl\/en\/wp-json\/wp\/v2\/product_tag?post=10463"}],"curies":[{"name":"wp","href":"https:\/\/api.w.org\/{rel}","templated":true}]}}