{"id":5368,"date":"2016-11-30T17:31:58","date_gmt":"2016-11-30T16:31:58","guid":{"rendered":"https:\/\/schiffers.pl\/bio\/?lang=en"},"modified":"2017-02-22T20:46:32","modified_gmt":"2017-02-22T19:46:32","slug":"bio","status":"publish","type":"page","link":"https:\/\/schiffers.pl\/en\/bio\/","title":{"rendered":"BIO"},"content":{"rendered":"<div class=\"wpb-content-wrapper\"><div class=\"jas-container\"><div class=\"vc_row vc_custom_1480524225841\"><div class=\"wpb_column vc_column_container vc_col-sm-12\"><div class=\"vc_column-inner\"><div class=\"wpb_wrapper\">\n\t<div class=\"wpb_text_column wpb_content_element spero-atelier-heading\" >\n\t\t<div class=\"wpb_wrapper\">\n\t\t\t<p style=\"text-align: center;\">Achievements and Family history<\/p>\n\n\t\t<\/div>\n\t<\/div>\n\n\t<div class=\"wpb_raw_code wpb_raw_html wpb_content_element\" >\n\t\t<div class=\"wpb_wrapper\">\n\t\t\t<span class=\"spero-bio-timeline\"><\/span>\n\t\t<\/div>\n\t<\/div>\n<\/div><\/div><\/div><\/div><\/div><div class=\"jas-container\"><div class=\"vc_row vc_row-o-equal-height vc_row-flex\"><div class=\"wpb_column vc_column_container vc_col-sm-6\"><div class=\"vc_column-inner\"><div class=\"wpb_wrapper\"><div class=\"vc_row vc_inner vc_custom_1480527202603\"><div class=\"wpb_column vc_column_container vc_col-sm-12\"><div class=\"vc_column-inner\"><div class=\"wpb_wrapper\">\n\t<div class=\"wpb_raw_code wpb_raw_html wpb_content_element\" >\n\t\t<div class=\"wpb_wrapper\">\n\t\t\t<div class=\"history-dot-left\"><\/div>\n\t\t<\/div>\n\t<\/div>\n\n\t<div class=\"wpb_text_column wpb_content_element\" >\n\t\t<div class=\"wpb_wrapper\">\n\t\t\t<p style=\"text-align: right;\"><span class=\"spero-atelier-heading\">Warsaw&#8217;s Praga<br \/>\n<\/span><\/p>\n\n\t\t<\/div>\n\t<\/div>\n\n\t<div class=\"wpb_text_column wpb_content_element\" >\n\t\t<div class=\"wpb_wrapper\">\n\t\t\t<p>My world is my job and my place in Warsaw&#8217;s Prague \u2013 a small workshop located in one of the oldest streets in the city, where Andrzej Wajda filmed one of his first movies \u2013 <em>Pokolenie<\/em>, in 1954.<\/p>\n<p>But what is this story about?<\/p>\n<p>A little bit about me, about you and your jewellery, the jewellery that you wish to create with me and gift to someone special. Maybe about the fact that you&#8217;re tired of shopping centres, mass production, lack of originality and soul. You want something more than just a decorative item, you want a work of art and a solid example of craft (Praga is a good place to look for craftspeople!)<\/p>\n\n\t\t<\/div>\n\t<\/div>\n<\/div><\/div><\/div><\/div><\/div><\/div><\/div><div class=\"wpb_column vc_column_container vc_col-sm-6\"><div class=\"vc_column-inner\"><div class=\"wpb_wrapper\">\n\t<div  class=\"wpb_single_image wpb_content_element vc_align_left wpb_content_element vc_custom_1484591202724\">\n\t\t\n\t\t<figure class=\"wpb_wrapper vc_figure\">\n\t\t\t<div class=\"vc_single_image-wrapper   vc_box_border_grey\"><img loading=\"lazy\" decoding=\"async\" width=\"800\" height=\"517\" src=\"https:\/\/schiffers.pl\/wp-content\/uploads\/2016\/11\/15822361_1688478094511483_671315925_n.jpg\" class=\"vc_single_image-img attachment-full\" alt=\"\" title=\"15822361_1688478094511483_671315925_n\" srcset=\"https:\/\/schiffers.pl\/wp-content\/uploads\/2016\/11\/15822361_1688478094511483_671315925_n.jpg 800w, https:\/\/schiffers.pl\/wp-content\/uploads\/2016\/11\/15822361_1688478094511483_671315925_n-300x194.jpg 300w, https:\/\/schiffers.pl\/wp-content\/uploads\/2016\/11\/15822361_1688478094511483_671315925_n-768x496.jpg 768w\" sizes=\"auto, (max-width: 800px) 100vw, 800px\" \/><\/div>\n\t\t<\/figure>\n\t<\/div>\n<\/div><\/div><\/div><\/div><\/div><div class=\"jas-container\"><div class=\"vc_row moja-historia vc_row-o-equal-height vc_row-flex\"><div class=\"wpb_column vc_column_container vc_col-sm-6\"><div class=\"vc_column-inner\"><div class=\"wpb_wrapper\">\n\t<div  class=\"wpb_single_image wpb_content_element vc_align_right wpb_content_element vc_custom_1484591753991\">\n\t\t\n\t\t<figure class=\"wpb_wrapper vc_figure\">\n\t\t\t<div class=\"vc_single_image-wrapper   vc_box_border_grey\"><img loading=\"lazy\" decoding=\"async\" width=\"798\" height=\"600\" src=\"https:\/\/schiffers.pl\/wp-content\/uploads\/2016\/11\/punca-schiffers.jpg\" class=\"vc_single_image-img attachment-full\" alt=\"\" title=\"punca schiffers\" srcset=\"https:\/\/schiffers.pl\/wp-content\/uploads\/2016\/11\/punca-schiffers.jpg 798w, https:\/\/schiffers.pl\/wp-content\/uploads\/2016\/11\/punca-schiffers-300x226.jpg 300w, https:\/\/schiffers.pl\/wp-content\/uploads\/2016\/11\/punca-schiffers-768x577.jpg 768w\" sizes=\"auto, (max-width: 798px) 100vw, 798px\" \/><\/div>\n\t\t<\/figure>\n\t<\/div>\n<\/div><\/div><\/div><div class=\"wpb_column vc_column_container vc_col-sm-6\"><div class=\"vc_column-inner\"><div class=\"wpb_wrapper\"><div class=\"vc_row vc_inner vc_custom_1480527333597\"><div class=\"wpb_column vc_column_container vc_col-sm-12\"><div class=\"vc_column-inner\"><div class=\"wpb_wrapper\">\n\t<div class=\"wpb_raw_code wpb_raw_html wpb_content_element\" >\n\t\t<div class=\"wpb_wrapper\">\n\t\t\t<div class=\"history-dot-right\"><\/div>\n\t\t<\/div>\n\t<\/div>\n\n\t<div class=\"wpb_text_column wpb_content_element\" >\n\t\t<div class=\"wpb_wrapper\">\n\t\t\t<p style=\"text-align: left;\"><span class=\"spero-atelier-heading\">My Story<br \/>\n<\/span><\/p>\n\n\t\t<\/div>\n\t<\/div>\n\n\t<div class=\"wpb_text_column wpb_content_element\" >\n\t\t<div class=\"wpb_wrapper\">\n\t\t\t<p>Where did I come from and where did I learn jewellery making? It runs in the family&#8230; plus, naturally, the education I received at \u0141\u00f3d\u017a Academy of Fine Arts at the Department of Jewellery Design (beautiful 5 years of my life!) and plenty of professional jewellery training courses.<\/p>\n<p>What about genes? My great grandfather was Andrzej Boles\u0142aw Schiffers. Collectors and experts in pre-war Warsaw cutlery and vessels will be familiar with Schiffers&amp;Co. The factory opened in the 19<sup>th<\/sup> century, it was located on the right bank of the Vistula and employed over 100 people. After World War I it even had a branch in Teheran and completed orders for a Persian Shah (Andrzej Schiffers was quite a businessman ;). I have a small collection of sugar bowls, fruit bowls and other items from the family factory. Now I show them to my daughter in the hope that she&#8217;ll appreciate the beautiful things made by artists and craftspeople.<\/p>\n\n\t\t<\/div>\n\t<\/div>\n<\/div><\/div><\/div><\/div><\/div><\/div><\/div><\/div><\/div><div class=\"jas-container\"><div class=\"vc_row vc_row-o-equal-height vc_row-flex\"><div class=\"wpb_column vc_column_container vc_col-sm-6\"><div class=\"vc_column-inner\"><div class=\"wpb_wrapper\"><div class=\"vc_row vc_inner vc_custom_1480527202603\"><div class=\"wpb_column vc_column_container vc_col-sm-12\"><div class=\"vc_column-inner\"><div class=\"wpb_wrapper\">\n\t<div class=\"wpb_raw_code wpb_raw_html wpb_content_element\" >\n\t\t<div class=\"wpb_wrapper\">\n\t\t\t<div class=\"history-dot-left\"><\/div>\n\t\t<\/div>\n\t<\/div>\n\n\t<div class=\"wpb_text_column wpb_content_element\" >\n\t\t<div class=\"wpb_wrapper\">\n\t\t\t<p style=\"text-align: right;\"><span class=\"spero-atelier-heading\">Metal\u00a0has it&#8217;s secrets<\/span><\/p>\n\n\t\t<\/div>\n\t<\/div>\n\n\t<div class=\"wpb_text_column wpb_content_element\" >\n\t\t<div class=\"wpb_wrapper\">\n\t\t\t<p>This is why I stayed in Praga, why I chose to be a jeweller \u2013 metals have their secrets and even as a kid I wanted to learn about them. I love silver but working in gold is, as some say, my 'kung fu&#8217; \ud83d\ude09<\/p>\n<p>What kind of jewellery can I make for you? Silver, gold, with gemstones or nice-looking zirconia. I try to rub a little bit of my passion for enamelling off on my customers. This is an old technique that gives original and beautiful results.<\/p>\n<p>I don&#8217;t like being labelled and my skills let me work on a great deal of jewellery forms: modern, minimalist jewellery as well as classic, traditional and sumptuous designs.<\/p>\n<p>Visit my workshop in my Praga at 9 K\u0119pna Street.<\/p>\n\n\t\t<\/div>\n\t<\/div>\n<\/div><\/div><\/div><\/div><\/div><\/div><\/div><div class=\"wpb_column vc_column_container vc_col-sm-6\"><div class=\"vc_column-inner\"><div class=\"wpb_wrapper\">\n\t<div  class=\"wpb_single_image wpb_content_element vc_align_left wpb_content_element vc_custom_1484592089996\">\n\t\t\n\t\t<figure class=\"wpb_wrapper vc_figure\">\n\t\t\t<div class=\"vc_single_image-wrapper   vc_box_border_grey\"><img loading=\"lazy\" decoding=\"async\" width=\"800\" height=\"800\" src=\"https:\/\/schiffers.pl\/wp-content\/uploads\/2016\/11\/img33.png\" class=\"vc_single_image-img attachment-full\" alt=\"\" title=\"img33\" srcset=\"https:\/\/schiffers.pl\/wp-content\/uploads\/2016\/11\/img33.png 800w, https:\/\/schiffers.pl\/wp-content\/uploads\/2016\/11\/img33-150x150.png 150w, https:\/\/schiffers.pl\/wp-content\/uploads\/2016\/11\/img33-300x300.png 300w, https:\/\/schiffers.pl\/wp-content\/uploads\/2016\/11\/img33-768x768.png 768w, https:\/\/schiffers.pl\/wp-content\/uploads\/2016\/11\/img33-570x570.png 570w, https:\/\/schiffers.pl\/wp-content\/uploads\/2016\/11\/img33-600x600.png 600w\" sizes=\"auto, (max-width: 800px) 100vw, 800px\" \/><\/div>\n\t\t<\/figure>\n\t<\/div>\n<\/div><\/div><\/div><\/div><\/div><div class=\"jas-container\"><div class=\"vc_row vc_row-o-equal-height vc_row-flex\"><div class=\"wpb_column vc_column_container vc_col-sm-6\"><div class=\"vc_column-inner\"><div class=\"wpb_wrapper\">\n\t<div  class=\"wpb_single_image wpb_content_element vc_align_right wpb_content_element vc_custom_1484592348029\">\n\t\t\n\t\t<figure class=\"wpb_wrapper vc_figure\">\n\t\t\t<div class=\"vc_single_image-wrapper   vc_box_border_grey\"><img loading=\"lazy\" decoding=\"async\" width=\"537\" height=\"700\" src=\"https:\/\/schiffers.pl\/wp-content\/uploads\/2016\/11\/13000067_1079998198727236_2946528437035679181_n.jpg\" class=\"vc_single_image-img attachment-full\" alt=\"\" title=\"13000067_1079998198727236_2946528437035679181_n\" srcset=\"https:\/\/schiffers.pl\/wp-content\/uploads\/2016\/11\/13000067_1079998198727236_2946528437035679181_n.jpg 537w, https:\/\/schiffers.pl\/wp-content\/uploads\/2016\/11\/13000067_1079998198727236_2946528437035679181_n-230x300.jpg 230w\" sizes=\"auto, (max-width: 537px) 100vw, 537px\" \/><\/div>\n\t\t<\/figure>\n\t<\/div>\n<\/div><\/div><\/div><div class=\"wpb_column vc_column_container vc_col-sm-6\"><div class=\"vc_column-inner\"><div class=\"wpb_wrapper\"><div class=\"vc_row vc_inner vc_custom_1480527333597\"><div class=\"wpb_column vc_column_container vc_col-sm-12\"><div class=\"vc_column-inner\"><div class=\"wpb_wrapper\">\n\t<div class=\"wpb_raw_code wpb_raw_html wpb_content_element\" >\n\t\t<div class=\"wpb_wrapper\">\n\t\t\t<div class=\"history-dot-right\"><\/div>\n\t\t<\/div>\n\t<\/div>\n\n\t<div class=\"wpb_text_column wpb_content_element\" >\n\t\t<div class=\"wpb_wrapper\">\n\t\t\t<p>Here&#8217;s a list of my qualifications and accomplishments for those of you who are interested:<\/p>\n\n\t\t<\/div>\n\t<\/div>\n\n\t<div class=\"wpb_text_column wpb_content_element\" >\n\t\t<div class=\"wpb_wrapper\">\n\t\t\t<p><strong>Courses\/Workshops\/Membership<\/strong><\/p>\n<ul>\n<li>Expert Diamond Appraiser, Polish Gemmology Society<\/li>\n<li>Expert Gemstone Appraiser, Polish Gemmology Society<\/li>\n<li>member of Polish Guild of Artisan Masters<\/li>\n<\/ul>\n<p>&nbsp;<\/p>\n<p><strong>Awards and Distinctions:<\/strong><\/p>\n<p>&nbsp;<\/p>\n<ul>\n<li>2015 Amber Globe \u2013 the best jewellery design at the International Amberif Trade Fair in Gda\u0144sk, award of Strzemi\u0144ski Academy of Fine Arts student jury<\/li>\n<li>2012 \u2013 6<sup>th<\/sup> Salon of Artisan Masters, \u0141\u00f3d\u017a \u2013 Gold Medal<\/li>\n<li>2012 \u2013 Nationwide Art Jewellery Competition &#8222;2012 Presentations&#8221;, Warsaw &#8211; Distinction awarded by Rodent company<\/li>\n<li>2011 \u2013 20<sup>th<\/sup> International Goldsmithery Competition &#8222;Sexy&#8221;, Art Gallery, Legnica, Silver Spur<\/li>\n<li>2011 \u2013 20<sup>th<\/sup> International Goldsmithery Competition &#8222;Sexy&#8221;, Art Gallery, Legnica, Award of Alchemy Gallery<\/li>\n<li>2011 \u2013 20<sup>th<\/sup> International Goldsmithery Competition &#8222;Sexy&#8221;, Art Gallery, Legnica, Award of Joachim Sok\u00f3lski<\/li>\n<li>2006 \u2013 Nationwide Art Jewellery Competition &#8222;2006 Presentations&#8221;, Warsaw \u2013 Second Prize<\/li>\n<\/ul>\n\n\t\t<\/div>\n\t<\/div>\n<\/div><\/div><\/div><\/div><\/div><\/div><\/div><\/div><\/div><div class=\"jas-container\"><div class=\"vc_row\"><div class=\"wpb_column vc_column_container vc_col-sm-12\"><div class=\"vc_column-inner\"><div class=\"wpb_wrapper\"><div class=\"vc_separator wpb_content_element vc_separator_align_center vc_sep_width_100 vc_sep_pos_align_center vc_separator_no_text wpb_content_element  wpb_content_element\" ><span class=\"vc_sep_holder vc_sep_holder_l\"><span style=\"border-color:#9d9d9d;\" class=\"vc_sep_line\"><\/span><\/span><span class=\"vc_sep_holder vc_sep_holder_r\"><span style=\"border-color:#9d9d9d;\" class=\"vc_sep_line\"><\/span><\/span>\n<\/div>\n\t<div class=\"wpb_text_column wpb_content_element\" >\n\t\t<div class=\"wpb_wrapper\">\n\t\t\t<p><span class=\"spero-atelier-heading\">Joint Exhibitions<br \/>\n<\/span><\/p>\n\n\t\t<\/div>\n\t<\/div>\n<\/div><\/div><\/div><\/div><\/div><div class=\"jas-container\"><div class=\"vc_row vc_row-o-equal-height vc_row-flex\"><div class=\"wpb_column vc_column_container vc_col-sm-6\"><div class=\"vc_column-inner\"><div class=\"wpb_wrapper\">\n\t<div class=\"wpb_text_column wpb_content_element\" >\n\t\t<div class=\"wpb_wrapper\">\n\t\t\t<ul>\n<li>&#8211; 2016 &#8211;<strong>\u00a0 <\/strong>&#8222;Sacred Jewellery&#8221; , Legnica- 2015 &#8211; &#8222;Polish Goldsmithery Groups&#8221;, Art Gallery, Legnica- 2015 &#8211; 24<sup>th<\/sup> International Goldsmithery Competition &#8222;Borders&#8221; &#8211; Holownia, Art Gallery, Legnica- 2013 &#8211; ALATA, Kaliningrad, Russia- 2013 &#8211; &#8222;The Common Point of View&#8221;, joint exhibition of graduates and teachers of the Department of Jewellery at the Academy of Fine Arts in \u0141\u00f3d\u017a, Dubiel Gallery, Warsaw- 2013-2014 &#8211; permanent exhibition, District Museum, Konin- 2012 &#8211; &#8222;The Common Point of View&#8221;, joint exhibition of graduates and teachers of the Department of Jewellery at the Academy of Fine Arts in \u0141\u00f3d\u017a, Open Gallery, Sandomierz- 2012 &#8211; Nationwide Art Jewellery Competition &#8222;2012 Presentations&#8221;, Warsaw- 2011 &#8211; 20<sup>th<\/sup> International Goldsmithery Competition &#8222;Sexy&#8221;, Art Gallery, Legnica- 2011 &#8211; &#8222;BI\u017bart&#8221;, Art Gallery, Legnica\n<p>&#8211; 2010-2014, Open Gallery, Sandomierz<\/p>\n<p>&#8211; 2010 &#8211; Exhibition of graduates of the Academy of Fine Arts in \u0141\u00f3d\u017a, Warsaw<\/p>\n<p>&#8211; 2009 &#8211; &#8222;Collection of Contemporary Goldsmithery Works by Magdalena Kwiatkowska&#8221;, Modern Theatre, Warsaw<\/p>\n<p>&#8211; 2009 &#8211; &#8222;BrylART&#8221;, Yes Gallery, Pozna\u0144<\/li>\n<\/ul>\n\n\t\t<\/div>\n\t<\/div>\n<\/div><\/div><\/div><div class=\"wpb_column vc_column_container vc_col-sm-6\"><div class=\"vc_column-inner\"><div class=\"wpb_wrapper\">\n\t<div class=\"wpb_text_column wpb_content_element\" >\n\t\t<div class=\"wpb_wrapper\">\n\t\t\t<ul>\n<li>2008-2009 &#8211; \u201eCzas Srebra i Bursztynu\u201d, Galeria Sztuki, Legnica<\/li>\n<li>2008 &#8211; \u201eOpraw brylant w talent\u201d, Galeria Yes, Pozna\u0144<\/li>\n<li>2006 &#8211; Wystawa Grupy G7, Muzeum Sztuki Wsp\u00f3\u0142czesnej, \u0141\u00f3d\u017a<\/li>\n<li>2006 &#8211; Og\u00f3lnopolski Konkurs Bi\u017cuterii Artystycznej \u201ePrezentacje 2006\u201d, Warszawa<\/li>\n<li>2005-2006 &#8211; V Mi\u0119dzynarodowy konkurs M\u0142odych Projektant\u00f3w \u201eObraz i Forma\u201d, Sankt Petersburg (Rosja)<\/li>\n<li>2005 &#8211; Og\u00f3lnopolski Konkurs Bi\u017cuterii Artystycznej \u201ePrezentacje 2005\u201d, Warszawa<\/li>\n<li>2004 &#8211; \u201eBi\u017cuteria na medal\u201d, Galeria Millano, Warszawa<\/li>\n<li>2004 &#8211; XV Konkurs im. W\u0142adys\u0142awa Strzemi\u0144skiego \u201eProjekt\u201d, \u0141\u00f3d\u017a<\/li>\n<li>2004 &#8211; 13 Mi\u0119dzynarodowy Konkurs Sztuki Z\u0142otniczej \u201eShort Message\u201d, Galeria Sztuki, Legnica<\/li>\n<li>2004 &#8211; Mi\u0119dzynarodowy Konkurs na Projekt Bi\u017cuterii z Bursztynem Amberif, Gda\u0144sk<\/li>\n<li>2004 &#8211; Og\u00f3lnopolski Konkurs Bi\u017cuterii Artystycznej \u201ePrezentacje 2004\u201d, Warszawa<\/li>\n<li>2003 &#8211; Prezentacje m\u0142odych projektant\u00f3w z Polski, Kopenhaga (Dania)<\/li>\n<li>2003 &#8211; Og\u00f3lnopolski Konkurs Bi\u017cuterii Artystycznej \u201ePrezentacje 2003\u201d, Warszawa<\/li>\n<\/ul>\n\n\t\t<\/div>\n\t<\/div>\n<\/div><\/div><\/div><\/div><\/div><div class=\"jas-container\"><div class=\"vc_row\"><div class=\"wpb_column vc_column_container vc_col-sm-12\"><div class=\"vc_column-inner\"><div class=\"wpb_wrapper\"><\/div><\/div><\/div><\/div><\/div><div class=\"jas-container\"><div class=\"vc_row\"><div class=\"wpb_column vc_column_container vc_col-sm-12\"><div class=\"vc_column-inner\"><div class=\"wpb_wrapper\">\n\t<div class=\"wpb_text_column wpb_content_element\" >\n\t\t<div class=\"wpb_wrapper\">\n\t\t\t<p><strong>Teaching:<\/strong><\/p>\n<p>&#8211; 2011 &#8211; Delivering lectures in: goldsmithery workshop, Antidotum Manufactory, Warsaw<\/p>\n<p><strong>\u00a0<\/strong><\/p>\n<p><strong>Community Activities:<\/strong><\/p>\n<p>&#8211; from 2006 &#8211; co-founder of G7 group<\/p>\n<p>&nbsp;<\/p>\n<p><strong>\u00a0Works on Collections:<\/strong><\/p>\n<ul>\n<li>Art Gallery, Legnica<\/li>\n<li>Museum in Konin<\/li>\n<\/ul>\n\n\t\t<\/div>\n\t<\/div>\n<\/div><\/div><\/div><\/div><\/div>\n<\/div>","protected":false},"excerpt":{"rendered":"Achievements and Family history Warsaw's Praga My world is my job and my place in Warsaw's Prague \u2013 a small workshop located in one of the oldest streets in the city, where Andrzej Wajda filmed one of his first movies \u2013 Pokolenie, in 1954. But what is this story about? A little bit about me, [...]","protected":false},"author":4,"featured_media":15889,"parent":0,"menu_order":0,"comment_status":"closed","ping_status":"closed","template":"","meta":{"footnotes":""},"class_list":["post-5368","page","type-page","status-publish","has-post-thumbnail","hentry"],"yoast_head":"<!-- This site is optimized with the Yoast SEO plugin v24.6 - https:\/\/yoast.com\/wordpress\/plugins\/seo\/ -->\n<title>BIO - Schiffers<\/title>\n<meta name=\"robots\" content=\"index, follow, max-snippet:-1, max-image-preview:large, max-video-preview:-1\" \/>\n<link rel=\"canonical\" href=\"https:\/\/schiffers.pl\/en\/bio\/\" \/>\n<meta property=\"og:locale\" content=\"en_US\" \/>\n<meta property=\"og:type\" content=\"article\" \/>\n<meta property=\"og:title\" content=\"BIO - Schiffers\" \/>\n<meta property=\"og:url\" content=\"https:\/\/schiffers.pl\/en\/bio\/\" \/>\n<meta property=\"og:site_name\" content=\"Schiffers\" \/>\n<meta property=\"article:modified_time\" content=\"2017-02-22T19:46:32+00:00\" \/>\n<meta property=\"og:image\" content=\"https:\/\/schiffers.pl\/wp-content\/uploads\/2022\/09\/1470129-scaled.jpg\" \/>\n\t<meta property=\"og:image:width\" content=\"2560\" \/>\n\t<meta property=\"og:image:height\" content=\"1492\" \/>\n\t<meta property=\"og:image:type\" content=\"image\/jpeg\" \/>\n<meta name=\"twitter:card\" content=\"summary_large_image\" \/>\n<meta name=\"twitter:label1\" content=\"Est. reading time\" \/>\n\t<meta name=\"twitter:data1\" content=\"6 minutes\" \/>\n<script type=\"application\/ld+json\" class=\"yoast-schema-graph\">{\"@context\":\"https:\/\/schema.org\",\"@graph\":[{\"@type\":\"WebPage\",\"@id\":\"https:\/\/schiffers.pl\/bio\/\",\"url\":\"https:\/\/schiffers.pl\/bio\/\",\"name\":\"BIO - Schiffers\",\"isPartOf\":{\"@id\":\"https:\/\/schiffers.pl\/#website\"},\"primaryImageOfPage\":{\"@id\":\"https:\/\/schiffers.pl\/bio\/#primaryimage\"},\"image\":{\"@id\":\"https:\/\/schiffers.pl\/bio\/#primaryimage\"},\"thumbnailUrl\":\"https:\/\/schiffers.pl\/wp-content\/uploads\/2022\/09\/1470129-scaled.jpg\",\"datePublished\":\"2016-11-30T16:31:58+00:00\",\"dateModified\":\"2017-02-22T19:46:32+00:00\",\"breadcrumb\":{\"@id\":\"https:\/\/schiffers.pl\/bio\/#breadcrumb\"},\"inLanguage\":\"en-US\",\"potentialAction\":[{\"@type\":\"ReadAction\",\"target\":[\"https:\/\/schiffers.pl\/bio\/\"]}]},{\"@type\":\"ImageObject\",\"inLanguage\":\"en-US\",\"@id\":\"https:\/\/schiffers.pl\/bio\/#primaryimage\",\"url\":\"https:\/\/schiffers.pl\/wp-content\/uploads\/2022\/09\/1470129-scaled.jpg\",\"contentUrl\":\"https:\/\/schiffers.pl\/wp-content\/uploads\/2022\/09\/1470129-scaled.jpg\",\"width\":2560,\"height\":1492},{\"@type\":\"BreadcrumbList\",\"@id\":\"https:\/\/schiffers.pl\/bio\/#breadcrumb\",\"itemListElement\":[{\"@type\":\"ListItem\",\"position\":1,\"name\":\"Strona g\u0142\u00f3wna\",\"item\":\"https:\/\/schiffers.pl\/\"},{\"@type\":\"ListItem\",\"position\":2,\"name\":\"BIO\"}]},{\"@type\":\"WebSite\",\"@id\":\"https:\/\/schiffers.pl\/#website\",\"url\":\"https:\/\/schiffers.pl\/\",\"name\":\"Schiffers\",\"description\":\"bi\u017cuteria\",\"potentialAction\":[{\"@type\":\"SearchAction\",\"target\":{\"@type\":\"EntryPoint\",\"urlTemplate\":\"https:\/\/schiffers.pl\/?s={search_term_string}\"},\"query-input\":{\"@type\":\"PropertyValueSpecification\",\"valueRequired\":true,\"valueName\":\"search_term_string\"}}],\"inLanguage\":\"en-US\"}]}<\/script>\n<!-- \/ Yoast SEO plugin. -->","yoast_head_json":{"title":"BIO - Schiffers","robots":{"index":"index","follow":"follow","max-snippet":"max-snippet:-1","max-image-preview":"max-image-preview:large","max-video-preview":"max-video-preview:-1"},"canonical":"https:\/\/schiffers.pl\/en\/bio\/","og_locale":"en_US","og_type":"article","og_title":"BIO - Schiffers","og_url":"https:\/\/schiffers.pl\/en\/bio\/","og_site_name":"Schiffers","article_modified_time":"2017-02-22T19:46:32+00:00","og_image":[{"width":2560,"height":1492,"url":"https:\/\/schiffers.pl\/wp-content\/uploads\/2022\/09\/1470129-scaled.jpg","type":"image\/jpeg"}],"twitter_card":"summary_large_image","twitter_misc":{"Est. reading time":"6 minutes"},"schema":{"@context":"https:\/\/schema.org","@graph":[{"@type":"WebPage","@id":"https:\/\/schiffers.pl\/bio\/","url":"https:\/\/schiffers.pl\/bio\/","name":"BIO - Schiffers","isPartOf":{"@id":"https:\/\/schiffers.pl\/#website"},"primaryImageOfPage":{"@id":"https:\/\/schiffers.pl\/bio\/#primaryimage"},"image":{"@id":"https:\/\/schiffers.pl\/bio\/#primaryimage"},"thumbnailUrl":"https:\/\/schiffers.pl\/wp-content\/uploads\/2022\/09\/1470129-scaled.jpg","datePublished":"2016-11-30T16:31:58+00:00","dateModified":"2017-02-22T19:46:32+00:00","breadcrumb":{"@id":"https:\/\/schiffers.pl\/bio\/#breadcrumb"},"inLanguage":"en-US","potentialAction":[{"@type":"ReadAction","target":["https:\/\/schiffers.pl\/bio\/"]}]},{"@type":"ImageObject","inLanguage":"en-US","@id":"https:\/\/schiffers.pl\/bio\/#primaryimage","url":"https:\/\/schiffers.pl\/wp-content\/uploads\/2022\/09\/1470129-scaled.jpg","contentUrl":"https:\/\/schiffers.pl\/wp-content\/uploads\/2022\/09\/1470129-scaled.jpg","width":2560,"height":1492},{"@type":"BreadcrumbList","@id":"https:\/\/schiffers.pl\/bio\/#breadcrumb","itemListElement":[{"@type":"ListItem","position":1,"name":"Strona g\u0142\u00f3wna","item":"https:\/\/schiffers.pl\/"},{"@type":"ListItem","position":2,"name":"BIO"}]},{"@type":"WebSite","@id":"https:\/\/schiffers.pl\/#website","url":"https:\/\/schiffers.pl\/","name":"Schiffers","description":"bi\u017cuteria","potentialAction":[{"@type":"SearchAction","target":{"@type":"EntryPoint","urlTemplate":"https:\/\/schiffers.pl\/?s={search_term_string}"},"query-input":{"@type":"PropertyValueSpecification","valueRequired":true,"valueName":"search_term_string"}}],"inLanguage":"en-US"}]}},"_links":{"self":[{"href":"https:\/\/schiffers.pl\/en\/wp-json\/wp\/v2\/pages\/5368","targetHints":{"allow":["GET"]}}],"collection":[{"href":"https:\/\/schiffers.pl\/en\/wp-json\/wp\/v2\/pages"}],"about":[{"href":"https:\/\/schiffers.pl\/en\/wp-json\/wp\/v2\/types\/page"}],"author":[{"embeddable":true,"href":"https:\/\/schiffers.pl\/en\/wp-json\/wp\/v2\/users\/4"}],"replies":[{"embeddable":true,"href":"https:\/\/schiffers.pl\/en\/wp-json\/wp\/v2\/comments?post=5368"}],"version-history":[{"count":0,"href":"https:\/\/schiffers.pl\/en\/wp-json\/wp\/v2\/pages\/5368\/revisions"}],"wp:featuredmedia":[{"embeddable":true,"href":"https:\/\/schiffers.pl\/en\/wp-json\/wp\/v2\/media\/15889"}],"wp:attachment":[{"href":"https:\/\/schiffers.pl\/en\/wp-json\/wp\/v2\/media?parent=5368"}],"curies":[{"name":"wp","href":"https:\/\/api.w.org\/{rel}","templated":true}]}}