{"id":5289,"date":"2017-02-16T14:35:48","date_gmt":"2017-02-16T13:35:48","guid":{"rendered":"https:\/\/schiffers.pl\/?page_id=5289"},"modified":"2018-11-30T15:54:44","modified_gmt":"2018-11-30T14:54:44","slug":"all","status":"publish","type":"page","link":"https:\/\/schiffers.pl\/en\/all\/","title":{"rendered":"All"},"content":{"rendered":"<div class=\"wpb-content-wrapper\"><div class=\"jas-container\"><div class=\"vc_row flex vc_custom_1518022839651\"><div class=\"center-vertical wpb_column vc_column_container vc_col-sm-6\"><div class=\"vc_column-inner\"><div class=\"wpb_wrapper\">\n\t<div class=\"wpb_text_column wpb_content_element sp-justify justify\" >\n\t\t<div class=\"wpb_wrapper\">\n\t\t\t<p>ALL<\/p>\n<p>Kolekcja ALL powsta\u0142a w wyniku &#8222;zabaw&#8221; i eksperyment\u00f3w z innymi metalami ni\u017c srebro i z\u0142oto.<\/p>\n<p>Aluminium okaza\u0142o si\u0119 wdzi\u0119cznym materia\u0142em a proces anodowania nada\u0142 mu szczeg\u00f3lnych w\u0142a\u015bciwo\u015bci (niezwykle trwa\u0142y kolor!). Bransolety powstaj\u0105 od pocz\u0105tku do ko\u0144ca r\u0119cznie. Kamienie &#8211; bardzo wysokiej jako\u015bci cyrkonie &#8211; wsuwane s\u0105 jeden po drugim, pod odpowiednim k\u0105tem.<\/p>\n<p>Ka\u017cda bransoleta to efekt kilku godzin pracy, w trakcie kt\u00f3rej zwyk\u0142a aluminiowa &#8222;rura&#8221; staje si\u0119 ekskluzywnym produktem &#8211; bi\u017cuteri\u0105 nowoczesn\u0105, eleganck\u0105 o przyjemnej w dotyku powierzchni.<\/p>\n\n\t\t<\/div>\n\t<\/div>\n<\/div><\/div><\/div><div class=\"wpb_column vc_column_container vc_col-sm-6\"><div class=\"vc_column-inner\"><div class=\"wpb_wrapper\">\n\t<div  class=\"wpb_single_image wpb_content_element vc_align_left wpb_content_element\">\n\t\t\n\t\t<figure class=\"wpb_wrapper vc_figure\">\n\t\t\t<div class=\"vc_single_image-wrapper   vc_box_border_grey\"><img loading=\"lazy\" decoding=\"async\" width=\"5616\" height=\"3744\" src=\"https:\/\/schiffers.pl\/wp-content\/uploads\/2017\/02\/1C-1.jpg\" class=\"vc_single_image-img attachment-full\" alt=\"\" title=\"1C\" srcset=\"https:\/\/schiffers.pl\/wp-content\/uploads\/2017\/02\/1C-1.jpg 5616w, https:\/\/schiffers.pl\/wp-content\/uploads\/2017\/02\/1C-1-300x200.jpg 300w, https:\/\/schiffers.pl\/wp-content\/uploads\/2017\/02\/1C-1-768x512.jpg 768w, https:\/\/schiffers.pl\/wp-content\/uploads\/2017\/02\/1C-1-1024x683.jpg 1024w\" sizes=\"auto, (max-width: 5616px) 100vw, 5616px\" \/><\/div>\n\t\t<\/figure>\n\t<\/div>\n<\/div><\/div><\/div><\/div><\/div><div class=\"jas-container\"><div class=\"vc_row\"><div class=\"f-center wpb_column vc_column_container vc_col-sm-12\"><div class=\"vc_column-inner\"><div class=\"wpb_wrapper\">\n\t<div class=\"wpb_text_column wpb_content_element\" >\n\t\t<div class=\"wpb_wrapper\">\n\t\t\t<div id='gallery-1' class='gallery galleryid-5289 gallery-columns-3 gallery-size-medium'><figure class='gallery-item'>\n\t\t\t<div class='gallery-icon landscape'>\n\t\t\t\t<a title=\"DSC_3075obrobionedu\u017ce\" href='https:\/\/schiffers.pl\/wp-content\/uploads\/2017\/02\/DSC_3075obrobionedu\u017ce.jpg'><img loading=\"lazy\" decoding=\"async\" width=\"300\" height=\"300\" src=\"https:\/\/schiffers.pl\/wp-content\/uploads\/2017\/02\/DSC_3075obrobionedu\u017ce-300x300.jpg\" class=\"attachment-medium size-medium\" alt=\"\" aria-describedby=\"gallery-1-8856\" srcset=\"https:\/\/schiffers.pl\/wp-content\/uploads\/2017\/02\/DSC_3075obrobionedu\u017ce-300x300.jpg 300w, https:\/\/schiffers.pl\/wp-content\/uploads\/2017\/02\/DSC_3075obrobionedu\u017ce-150x150.jpg 150w, https:\/\/schiffers.pl\/wp-content\/uploads\/2017\/02\/DSC_3075obrobionedu\u017ce-768x768.jpg 768w, https:\/\/schiffers.pl\/wp-content\/uploads\/2017\/02\/DSC_3075obrobionedu\u017ce-1024x1024.jpg 1024w, https:\/\/schiffers.pl\/wp-content\/uploads\/2017\/02\/DSC_3075obrobionedu\u017ce-570x570.jpg 570w, https:\/\/schiffers.pl\/wp-content\/uploads\/2017\/02\/DSC_3075obrobionedu\u017ce-600x600.jpg 600w, https:\/\/schiffers.pl\/wp-content\/uploads\/2017\/02\/DSC_3075obrobionedu\u017ce-45x45.jpg 45w\" sizes=\"auto, (max-width: 300px) 100vw, 300px\" \/><\/a>\n\t\t\t<\/div>\n\t\t\t\t<figcaption class='wp-caption-text gallery-caption' id='gallery-1-8856'>\n\t\t\t\tAluminum anodowane na czarny kolor, cyrkonie &#8211; produkt na indywidualne zam\u00f3wienie. Cena 1100 &#8211; 1700 z\u0142\n\t\t\t\t<\/figcaption><\/figure><figure class='gallery-item'>\n\t\t\t<div class='gallery-icon landscape'>\n\t\t\t\t<a title=\"DSC_3089obrobionema\u0142e\" href='https:\/\/schiffers.pl\/wp-content\/uploads\/2017\/02\/DSC_3089obrobionema\u0142e.jpg'><img loading=\"lazy\" decoding=\"async\" width=\"300\" height=\"300\" src=\"https:\/\/schiffers.pl\/wp-content\/uploads\/2017\/02\/DSC_3089obrobionema\u0142e-300x300.jpg\" class=\"attachment-medium size-medium\" alt=\"\" aria-describedby=\"gallery-1-8826\" srcset=\"https:\/\/schiffers.pl\/wp-content\/uploads\/2017\/02\/DSC_3089obrobionema\u0142e-300x300.jpg 300w, https:\/\/schiffers.pl\/wp-content\/uploads\/2017\/02\/DSC_3089obrobionema\u0142e-150x150.jpg 150w, https:\/\/schiffers.pl\/wp-content\/uploads\/2017\/02\/DSC_3089obrobionema\u0142e-768x768.jpg 768w, https:\/\/schiffers.pl\/wp-content\/uploads\/2017\/02\/DSC_3089obrobionema\u0142e-570x570.jpg 570w, https:\/\/schiffers.pl\/wp-content\/uploads\/2017\/02\/DSC_3089obrobionema\u0142e-600x600.jpg 600w, https:\/\/schiffers.pl\/wp-content\/uploads\/2017\/02\/DSC_3089obrobionema\u0142e-45x45.jpg 45w, https:\/\/schiffers.pl\/wp-content\/uploads\/2017\/02\/DSC_3089obrobionema\u0142e.jpg 801w\" sizes=\"auto, (max-width: 300px) 100vw, 300px\" \/><\/a>\n\t\t\t<\/div>\n\t\t\t\t<figcaption class='wp-caption-text gallery-caption' id='gallery-1-8826'>\n\t\t\t\tAluminum anodowane na czarny kolor, cyrkonie &#8211; produkt na indywidualne zam\u00f3wienie. Cena 1100 &#8211; 1700 z\u0142\n\t\t\t\t<\/figcaption><\/figure><figure class='gallery-item'>\n\t\t\t<div class='gallery-icon landscape'>\n\t\t\t\t<a title=\"OBROBIONEMA\u0141E\" href='https:\/\/schiffers.pl\/wp-content\/uploads\/2017\/02\/OBROBIONEMA\u0141E.jpg'><img loading=\"lazy\" decoding=\"async\" width=\"300\" height=\"300\" src=\"https:\/\/schiffers.pl\/wp-content\/uploads\/2017\/02\/OBROBIONEMA\u0141E-300x300.jpg\" class=\"attachment-medium size-medium\" alt=\"\" aria-describedby=\"gallery-1-8828\" srcset=\"https:\/\/schiffers.pl\/wp-content\/uploads\/2017\/02\/OBROBIONEMA\u0141E-300x300.jpg 300w, https:\/\/schiffers.pl\/wp-content\/uploads\/2017\/02\/OBROBIONEMA\u0141E-150x150.jpg 150w, https:\/\/schiffers.pl\/wp-content\/uploads\/2017\/02\/OBROBIONEMA\u0141E-768x768.jpg 768w, https:\/\/schiffers.pl\/wp-content\/uploads\/2017\/02\/OBROBIONEMA\u0141E-570x570.jpg 570w, https:\/\/schiffers.pl\/wp-content\/uploads\/2017\/02\/OBROBIONEMA\u0141E-600x600.jpg 600w, https:\/\/schiffers.pl\/wp-content\/uploads\/2017\/02\/OBROBIONEMA\u0141E-45x45.jpg 45w, https:\/\/schiffers.pl\/wp-content\/uploads\/2017\/02\/OBROBIONEMA\u0141E.jpg 801w\" sizes=\"auto, (max-width: 300px) 100vw, 300px\" \/><\/a>\n\t\t\t<\/div>\n\t\t\t\t<figcaption class='wp-caption-text gallery-caption' id='gallery-1-8828'>\n\t\t\t\tAluminum anodowane na czarny kolor, cyrkonie &#8211; produkt na indywidualne zam\u00f3wienie. Cena 1100 &#8211; 1700 z\u0142\n\t\t\t\t<\/figcaption><\/figure><figure class='gallery-item'>\n\t\t\t<div class='gallery-icon landscape'>\n\t\t\t\t<a title=\"DSC_3088obrobioneduze (1)\" href='https:\/\/schiffers.pl\/wp-content\/uploads\/2017\/02\/DSC_3088obrobioneduze-1.jpg'><img loading=\"lazy\" decoding=\"async\" width=\"300\" height=\"300\" src=\"https:\/\/schiffers.pl\/wp-content\/uploads\/2017\/02\/DSC_3088obrobioneduze-1-300x300.jpg\" class=\"attachment-medium size-medium\" alt=\"\" aria-describedby=\"gallery-1-8824\" srcset=\"https:\/\/schiffers.pl\/wp-content\/uploads\/2017\/02\/DSC_3088obrobioneduze-1-300x300.jpg 300w, https:\/\/schiffers.pl\/wp-content\/uploads\/2017\/02\/DSC_3088obrobioneduze-1-150x150.jpg 150w, https:\/\/schiffers.pl\/wp-content\/uploads\/2017\/02\/DSC_3088obrobioneduze-1-768x768.jpg 768w, https:\/\/schiffers.pl\/wp-content\/uploads\/2017\/02\/DSC_3088obrobioneduze-1-1024x1024.jpg 1024w, https:\/\/schiffers.pl\/wp-content\/uploads\/2017\/02\/DSC_3088obrobioneduze-1-570x570.jpg 570w, https:\/\/schiffers.pl\/wp-content\/uploads\/2017\/02\/DSC_3088obrobioneduze-1-600x600.jpg 600w, https:\/\/schiffers.pl\/wp-content\/uploads\/2017\/02\/DSC_3088obrobioneduze-1-45x45.jpg 45w\" sizes=\"auto, (max-width: 300px) 100vw, 300px\" \/><\/a>\n\t\t\t<\/div>\n\t\t\t\t<figcaption class='wp-caption-text gallery-caption' id='gallery-1-8824'>\n\t\t\t\tAluminum anodowane na czarny kolor, cyrkonie &#8211; produkt na indywidualne zam\u00f3wienie. Cena 1100 &#8211; 1700 z\u0142\n\t\t\t\t<\/figcaption><\/figure><figure class='gallery-item'>\n\t\t\t<div class='gallery-icon portrait'>\n\t\t\t\t<a title=\"6C\" href='https:\/\/schiffers.pl\/wp-content\/uploads\/2017\/02\/6C.jpg'><img loading=\"lazy\" decoding=\"async\" width=\"200\" height=\"300\" src=\"https:\/\/schiffers.pl\/wp-content\/uploads\/2017\/02\/6C-200x300.jpg\" class=\"attachment-medium size-medium\" alt=\"\" aria-describedby=\"gallery-1-8851\" srcset=\"https:\/\/schiffers.pl\/wp-content\/uploads\/2017\/02\/6C-200x300.jpg 200w, https:\/\/schiffers.pl\/wp-content\/uploads\/2017\/02\/6C-768x1152.jpg 768w, https:\/\/schiffers.pl\/wp-content\/uploads\/2017\/02\/6C-683x1024.jpg 683w\" sizes=\"auto, (max-width: 200px) 100vw, 200px\" \/><\/a>\n\t\t\t<\/div>\n\t\t\t\t<figcaption class='wp-caption-text gallery-caption' id='gallery-1-8851'>\n\t\t\t\tKolekcja All\n\t\t\t\t<\/figcaption><\/figure><figure class='gallery-item'>\n\t\t\t<div class='gallery-icon portrait'>\n\t\t\t\t<a title=\"5C\" href='https:\/\/schiffers.pl\/wp-content\/uploads\/2017\/02\/5C.jpg'><img loading=\"lazy\" decoding=\"async\" width=\"200\" height=\"300\" src=\"https:\/\/schiffers.pl\/wp-content\/uploads\/2017\/02\/5C-200x300.jpg\" class=\"attachment-medium size-medium\" alt=\"\" aria-describedby=\"gallery-1-8849\" srcset=\"https:\/\/schiffers.pl\/wp-content\/uploads\/2017\/02\/5C-200x300.jpg 200w, https:\/\/schiffers.pl\/wp-content\/uploads\/2017\/02\/5C-768x1152.jpg 768w, https:\/\/schiffers.pl\/wp-content\/uploads\/2017\/02\/5C-683x1024.jpg 683w\" sizes=\"auto, (max-width: 200px) 100vw, 200px\" \/><\/a>\n\t\t\t<\/div>\n\t\t\t\t<figcaption class='wp-caption-text gallery-caption' id='gallery-1-8849'>\n\t\t\t\tKolekcja All\n\t\t\t\t<\/figcaption><\/figure>\n\t\t<\/div>\n\n\n\t\t<\/div>\n\t<\/div>\n<\/div><\/div><\/div><\/div><\/div>\n<\/div>","protected":false},"excerpt":{"rendered":"ALL Kolekcja ALL powsta\u0142a w wyniku \"zabaw\" i eksperyment\u00f3w z innymi metalami ni\u017c srebro i z\u0142oto. Aluminium okaza\u0142o si\u0119 wdzi\u0119cznym materia\u0142em a proces anodowania nada\u0142 mu szczeg\u00f3lnych w\u0142a\u015bciwo\u015bci (niezwykle trwa\u0142y kolor!). Bransolety powstaj\u0105 od pocz\u0105tku do ko\u0144ca r\u0119cznie. Kamienie - bardzo wysokiej jako\u015bci cyrkonie - wsuwane s\u0105 jeden po drugim, pod odpowiednim k\u0105tem. Ka\u017cda bransoleta [...]","protected":false},"author":4,"featured_media":9075,"parent":0,"menu_order":0,"comment_status":"closed","ping_status":"closed","template":"","meta":{"footnotes":""},"class_list":["post-5289","page","type-page","status-publish","has-post-thumbnail","hentry"],"yoast_head":"<!-- This site is optimized with the Yoast SEO plugin v24.6 - https:\/\/yoast.com\/wordpress\/plugins\/seo\/ -->\n<title>All - Schiffers<\/title>\n<meta name=\"robots\" content=\"index, follow, max-snippet:-1, max-image-preview:large, max-video-preview:-1\" \/>\n<link rel=\"canonical\" href=\"https:\/\/schiffers.pl\/en\/all\/\" \/>\n<meta property=\"og:locale\" content=\"en_US\" \/>\n<meta property=\"og:type\" content=\"article\" \/>\n<meta property=\"og:title\" content=\"All - Schiffers\" \/>\n<meta property=\"og:url\" content=\"https:\/\/schiffers.pl\/en\/all\/\" \/>\n<meta property=\"og:site_name\" content=\"Schiffers\" \/>\n<meta property=\"article:modified_time\" content=\"2018-11-30T14:54:44+00:00\" \/>\n<meta property=\"og:image\" content=\"https:\/\/schiffers.pl\/wp-content\/uploads\/2017\/02\/4C-kopia-1.jpg\" \/>\n\t<meta property=\"og:image:width\" content=\"3658\" \/>\n\t<meta property=\"og:image:height\" content=\"2058\" \/>\n\t<meta property=\"og:image:type\" content=\"image\/jpeg\" \/>\n<meta name=\"twitter:card\" content=\"summary_large_image\" \/>\n<meta name=\"twitter:label1\" content=\"Est. reading time\" \/>\n\t<meta name=\"twitter:data1\" content=\"1 minute\" \/>\n<script type=\"application\/ld+json\" class=\"yoast-schema-graph\">{\"@context\":\"https:\/\/schema.org\",\"@graph\":[{\"@type\":\"WebPage\",\"@id\":\"https:\/\/schiffers.pl\/all\/\",\"url\":\"https:\/\/schiffers.pl\/all\/\",\"name\":\"All - Schiffers\",\"isPartOf\":{\"@id\":\"https:\/\/schiffers.pl\/#website\"},\"primaryImageOfPage\":{\"@id\":\"https:\/\/schiffers.pl\/all\/#primaryimage\"},\"image\":{\"@id\":\"https:\/\/schiffers.pl\/all\/#primaryimage\"},\"thumbnailUrl\":\"https:\/\/schiffers.pl\/wp-content\/uploads\/2017\/02\/4C-kopia-1.jpg\",\"datePublished\":\"2017-02-16T13:35:48+00:00\",\"dateModified\":\"2018-11-30T14:54:44+00:00\",\"breadcrumb\":{\"@id\":\"https:\/\/schiffers.pl\/all\/#breadcrumb\"},\"inLanguage\":\"en-US\",\"potentialAction\":[{\"@type\":\"ReadAction\",\"target\":[\"https:\/\/schiffers.pl\/all\/\"]}]},{\"@type\":\"ImageObject\",\"inLanguage\":\"en-US\",\"@id\":\"https:\/\/schiffers.pl\/all\/#primaryimage\",\"url\":\"https:\/\/schiffers.pl\/wp-content\/uploads\/2017\/02\/4C-kopia-1.jpg\",\"contentUrl\":\"https:\/\/schiffers.pl\/wp-content\/uploads\/2017\/02\/4C-kopia-1.jpg\",\"width\":3658,\"height\":2058},{\"@type\":\"BreadcrumbList\",\"@id\":\"https:\/\/schiffers.pl\/all\/#breadcrumb\",\"itemListElement\":[{\"@type\":\"ListItem\",\"position\":1,\"name\":\"Strona g\u0142\u00f3wna\",\"item\":\"https:\/\/schiffers.pl\/\"},{\"@type\":\"ListItem\",\"position\":2,\"name\":\"All\"}]},{\"@type\":\"WebSite\",\"@id\":\"https:\/\/schiffers.pl\/#website\",\"url\":\"https:\/\/schiffers.pl\/\",\"name\":\"Schiffers\",\"description\":\"bi\u017cuteria\",\"potentialAction\":[{\"@type\":\"SearchAction\",\"target\":{\"@type\":\"EntryPoint\",\"urlTemplate\":\"https:\/\/schiffers.pl\/?s={search_term_string}\"},\"query-input\":{\"@type\":\"PropertyValueSpecification\",\"valueRequired\":true,\"valueName\":\"search_term_string\"}}],\"inLanguage\":\"en-US\"}]}<\/script>\n<!-- \/ Yoast SEO plugin. -->","yoast_head_json":{"title":"All - Schiffers","robots":{"index":"index","follow":"follow","max-snippet":"max-snippet:-1","max-image-preview":"max-image-preview:large","max-video-preview":"max-video-preview:-1"},"canonical":"https:\/\/schiffers.pl\/en\/all\/","og_locale":"en_US","og_type":"article","og_title":"All - Schiffers","og_url":"https:\/\/schiffers.pl\/en\/all\/","og_site_name":"Schiffers","article_modified_time":"2018-11-30T14:54:44+00:00","og_image":[{"width":3658,"height":2058,"url":"https:\/\/schiffers.pl\/wp-content\/uploads\/2017\/02\/4C-kopia-1.jpg","type":"image\/jpeg"}],"twitter_card":"summary_large_image","twitter_misc":{"Est. reading time":"1 minute"},"schema":{"@context":"https:\/\/schema.org","@graph":[{"@type":"WebPage","@id":"https:\/\/schiffers.pl\/all\/","url":"https:\/\/schiffers.pl\/all\/","name":"All - Schiffers","isPartOf":{"@id":"https:\/\/schiffers.pl\/#website"},"primaryImageOfPage":{"@id":"https:\/\/schiffers.pl\/all\/#primaryimage"},"image":{"@id":"https:\/\/schiffers.pl\/all\/#primaryimage"},"thumbnailUrl":"https:\/\/schiffers.pl\/wp-content\/uploads\/2017\/02\/4C-kopia-1.jpg","datePublished":"2017-02-16T13:35:48+00:00","dateModified":"2018-11-30T14:54:44+00:00","breadcrumb":{"@id":"https:\/\/schiffers.pl\/all\/#breadcrumb"},"inLanguage":"en-US","potentialAction":[{"@type":"ReadAction","target":["https:\/\/schiffers.pl\/all\/"]}]},{"@type":"ImageObject","inLanguage":"en-US","@id":"https:\/\/schiffers.pl\/all\/#primaryimage","url":"https:\/\/schiffers.pl\/wp-content\/uploads\/2017\/02\/4C-kopia-1.jpg","contentUrl":"https:\/\/schiffers.pl\/wp-content\/uploads\/2017\/02\/4C-kopia-1.jpg","width":3658,"height":2058},{"@type":"BreadcrumbList","@id":"https:\/\/schiffers.pl\/all\/#breadcrumb","itemListElement":[{"@type":"ListItem","position":1,"name":"Strona g\u0142\u00f3wna","item":"https:\/\/schiffers.pl\/"},{"@type":"ListItem","position":2,"name":"All"}]},{"@type":"WebSite","@id":"https:\/\/schiffers.pl\/#website","url":"https:\/\/schiffers.pl\/","name":"Schiffers","description":"bi\u017cuteria","potentialAction":[{"@type":"SearchAction","target":{"@type":"EntryPoint","urlTemplate":"https:\/\/schiffers.pl\/?s={search_term_string}"},"query-input":{"@type":"PropertyValueSpecification","valueRequired":true,"valueName":"search_term_string"}}],"inLanguage":"en-US"}]}},"_links":{"self":[{"href":"https:\/\/schiffers.pl\/en\/wp-json\/wp\/v2\/pages\/5289","targetHints":{"allow":["GET"]}}],"collection":[{"href":"https:\/\/schiffers.pl\/en\/wp-json\/wp\/v2\/pages"}],"about":[{"href":"https:\/\/schiffers.pl\/en\/wp-json\/wp\/v2\/types\/page"}],"author":[{"embeddable":true,"href":"https:\/\/schiffers.pl\/en\/wp-json\/wp\/v2\/users\/4"}],"replies":[{"embeddable":true,"href":"https:\/\/schiffers.pl\/en\/wp-json\/wp\/v2\/comments?post=5289"}],"version-history":[{"count":0,"href":"https:\/\/schiffers.pl\/en\/wp-json\/wp\/v2\/pages\/5289\/revisions"}],"wp:featuredmedia":[{"embeddable":true,"href":"https:\/\/schiffers.pl\/en\/wp-json\/wp\/v2\/media\/9075"}],"wp:attachment":[{"href":"https:\/\/schiffers.pl\/en\/wp-json\/wp\/v2\/media?parent=5289"}],"curies":[{"name":"wp","href":"https:\/\/api.w.org\/{rel}","templated":true}]}}