{"id":5192,"date":"2017-02-15T14:13:56","date_gmt":"2017-02-15T13:13:56","guid":{"rendered":"https:\/\/schiffers.pl\/?page_id=5192"},"modified":"2026-02-04T10:24:54","modified_gmt":"2026-02-04T09:24:54","slug":"kolekcje","status":"publish","type":"page","link":"https:\/\/schiffers.pl\/en\/kolekcje\/","title":{"rendered":"Kolekcje"},"content":{"rendered":"<div class=\"wpb-content-wrapper\"><div class=\"jas-container\"><div class=\"vc_row lookbook-gallery\"><div class=\"wpb_column vc_column_container vc_col-sm-4\"><div class=\"vc_column-inner\"><div class=\"wpb_wrapper\">\n\t<div class=\"wpb_text_column wpb_content_element vc_custom_1733262699688 sp-justify justify all-coll-txt\" >\n\t\t<div class=\"wpb_wrapper\">\n\t\t\t<p>KOLEKCJE\u00a0 SCHIFFERS<\/p>\n<p>Nie wszystkie produkty z kolekcji s\u0105 dost\u0119pne w SKLEPIE www. Aktualnie skupiamy si\u0119 przede wszystkim na indywidualnym projektowaniu bi\u017cuterii ze z\u0142ota a kolekcje srebrne traktujemy bardziej sentymentalnie jako wa\u017cn\u0105 cz\u0119\u015b\u0107 historii naszej firmy. Je\u015bli chcesz, mo\u017cesz zawsze zapyta\u0107 o mo\u017cliwo\u015b\u0107 wykonania bi\u017cuterii z przedstawionych kolekcji pisz\u0105c wiadomo\u015b\u0107 na e-mail podany w stopce.<\/p>\n<p>***<\/p>\n<p>Bi\u017cuteri\u0119 tworz\u0119 intuicyjnie a pytania o inspiracje niezmiennie wprawiaj\u0105 mnie w \u00a0w zak\u0142opotanie\u2026 Pomys\u0142y na kolejne wzory przychodz\u0105 do mnie po prostu, jak dobre sny\u2026 Wystarczy przenie\u015b\u0107 je na papier a potem wykona\u0107 w srebrze lub ulubionym z\u0142ocie.<\/p>\n<p>R\u0119ce staj\u0105 si\u0119 najwa\u017cniejszym narz\u0119dziem &#8211; to one sprawiaj\u0105 , \u017ce bi\u017cuteria opuszczaj\u0105ca moj\u0105 pracowni\u0119 jest wyj\u0105tkowa i zawiera w sobie ca\u0142y \u0142adunek pasji do tego zawodu. Ka\u017cdy detal powstaje tutaj pod moim okiem, z cierpliwo\u015bci\u0105 ogl\u0105dany pod ka\u017cdym k\u0105tem.<\/p>\n<p>Chcia\u0142bym aby moja bi\u017cuteria kojarzona by\u0142a ze szlachetno\u015bci\u0105, artyzmem i precyzj\u0105, z jakimi od pokole\u0144 kojarzone s\u0105 wyroby z sygnatur\u0105 Schiffers.<\/p>\n<p>Kupuj\u0105c bi\u017cuteri\u0119 z logiem Schiffers, kupujesz ma\u0142e dzie\u0142a sztuki, wykonywane r\u0119cznie i z szacunkiem do materia\u0142u z jakiego jest zrobiona. To wszystko sprawia, \u017ce kobiety, kt\u00f3re nosz\u0105 bi\u017cuteri\u0119 mojego projektu czuj\u0105 si\u0119 w niej doskonale a ozdoby podkre\u015blaj\u0105 ich osobowo\u015b\u0107.<\/p>\n<p><em>\u00a0 \u00a0 \u00a0 \u00a0 \u00a0 \u00a0 \u00a0 \u00a0 \u00a0 \u00a0 \u00a0 \u00a0 \u00a0 \u00a0 \u00a0 \u00a0 \u00a0 \u00a0 \u00a0 \u00a0 \u00a0 \u00a0 \u00a0 \u00a0 \u00a0 \u00a0 \u00a0 \u00a0 \u00a0 \u00a0 \u00a0 \u00a0 \u00a0 \u00a0 \u00a0 \u00a0Kacper Schiffers<\/em><\/p>\n\n\t\t<\/div>\n\t<\/div>\n<div class=\"vc_empty_space\"   style=\"height: 32px\"><span class=\"vc_empty_space_inner\"><\/span><\/div>\n\t<div class=\"wpb_text_column wpb_content_element wpb_animate_when_almost_visible wpb_left-to-right left-to-right\" >\n\t\t<div class=\"wpb_wrapper\">\n\t\t\t<div class=\"lookbook-collection wholelink pr tc dib\">\n<div class=\"lamelle\">\n<h3 class=\"pa tu custom-head-1\"><span class=\"fs__14 f__libre db\" style=\"font-size: 30px;\">Lamelle<br \/>\n<a href=\"\/en\/lamelle\/\">Wi\u0119cej \u2192<\/a><\/span><\/h3>\n<\/div>\n<p><img loading=\"lazy\" decoding=\"async\" class=\"alignnone wp-image-8631\" src=\"https:\/\/schiffers.pl\/wp-content\/uploads\/2017\/02\/MG_5563-kopia-300x247.jpg\" width=\"384\" height=\"316\" srcset=\"https:\/\/schiffers.pl\/wp-content\/uploads\/2017\/02\/MG_5563-kopia-300x247.jpg 300w, https:\/\/schiffers.pl\/wp-content\/uploads\/2017\/02\/MG_5563-kopia-768x631.jpg 768w, https:\/\/schiffers.pl\/wp-content\/uploads\/2017\/02\/MG_5563-kopia-1024x842.jpg 1024w, https:\/\/schiffers.pl\/wp-content\/uploads\/2017\/02\/MG_5563-kopia.jpg 1564w\" sizes=\"auto, (max-width: 384px) 100vw, 384px\" \/><\/p>\n<\/div>\n\n\t\t<\/div>\n\t<\/div>\n<div class=\"vc_empty_space\"   style=\"height: 32px\"><span class=\"vc_empty_space_inner\"><\/span><\/div>\n\t<div class=\"wpb_text_column wpb_content_element wpb_animate_when_almost_visible wpb_left-to-right left-to-right\" >\n\t\t<div class=\"wpb_wrapper\">\n\t\t\t<div class=\"lookbook-collection wholelink pr tc dib\">\n<div class=\"all-ff\">\n<h3 class=\"pa tu custom-head-1\"><span class=\"fs__14 f__libre db\" style=\"font-size: 30px;\">All<br \/>\n<a href=\"\/en\/all\/\">Wi\u0119cej \u2192<\/a><\/span><\/h3>\n<\/div>\n<p><img loading=\"lazy\" decoding=\"async\" class=\"alignnone wp-image-6151 size-full\" src=\"https:\/\/schiffers.pl\/wp-content\/uploads\/2017\/02\/all.jpg\" width=\"391\" height=\"391\" srcset=\"https:\/\/schiffers.pl\/wp-content\/uploads\/2017\/02\/all.jpg 391w, https:\/\/schiffers.pl\/wp-content\/uploads\/2017\/02\/all-150x150.jpg 150w, https:\/\/schiffers.pl\/wp-content\/uploads\/2017\/02\/all-300x300.jpg 300w\" sizes=\"auto, (max-width: 391px) 100vw, 391px\" \/><\/p>\n<\/div>\n\n\t\t<\/div>\n\t<\/div>\n<div class=\"vc_empty_space\"   style=\"height: 32px\"><span class=\"vc_empty_space_inner\"><\/span><\/div>\n\t<div class=\"wpb_text_column wpb_content_element wpb_animate_when_almost_visible wpb_left-to-right left-to-right\" >\n\t\t<div class=\"wpb_wrapper\">\n\t\t\t<div class=\"lookbook-collection wholelink pr tc dib\">\n<div class=\"all-ff\">\n<h3 class=\"pa tu custom-head-1\"><span class=\"fs__14 f__libre db\" style=\"font-size: 30px;\">Elisabetta Summer<br \/>\n<a href=\"\/en\/elisabettasummer\/\">Wi\u0119cej \u2192<\/a><\/span><\/h3>\n<\/div>\n<p><img loading=\"lazy\" decoding=\"async\" class=\"alignnone wp-image-9162\" src=\"https:\/\/schiffers.pl\/wp-content\/uploads\/2017\/02\/unnamed-200x300.jpg\" width=\"329\" height=\"494\" srcset=\"https:\/\/schiffers.pl\/wp-content\/uploads\/2017\/02\/unnamed-200x300.jpg 200w, https:\/\/schiffers.pl\/wp-content\/uploads\/2017\/02\/unnamed-768x1152.jpg 768w, https:\/\/schiffers.pl\/wp-content\/uploads\/2017\/02\/unnamed-683x1024.jpg 683w, https:\/\/schiffers.pl\/wp-content\/uploads\/2017\/02\/unnamed.jpg 800w\" sizes=\"auto, (max-width: 329px) 100vw, 329px\" \/><\/p>\n<\/div>\n\n\t\t<\/div>\n\t<\/div>\n<div class=\"vc_empty_space\"   style=\"height: 32px\"><span class=\"vc_empty_space_inner\"><\/span><\/div>\n\t<div class=\"wpb_text_column wpb_content_element wpb_animate_when_almost_visible wpb_left-to-right left-to-right\" >\n\t\t<div class=\"wpb_wrapper\">\n\t\t\t<div class=\"lookbook-collection wholelink pr tc dib\">\n<div class=\"all-ff\">\n<h3 class=\"pa tu custom-head-1\"><span class=\"fs__14 f__libre db\" style=\"font-size: 30px;\">Impressions<br \/>\n<a href=\"\/en\/pozakolekcjami\/\">Wi\u0119cej \u2192<\/a><\/span><\/h3>\n<\/div>\n<p><img loading=\"lazy\" decoding=\"async\" class=\"alignnone wp-image-10586\" src=\"https:\/\/schiffers.pl\/wp-content\/uploads\/2017\/02\/internet25-200x300.jpg\" width=\"396\" height=\"593\" srcset=\"https:\/\/schiffers.pl\/wp-content\/uploads\/2017\/02\/internet25-200x300.jpg 200w, https:\/\/schiffers.pl\/wp-content\/uploads\/2017\/02\/internet25-768x1152.jpg 768w, https:\/\/schiffers.pl\/wp-content\/uploads\/2017\/02\/internet25.jpg 1123w\" sizes=\"auto, (max-width: 396px) 100vw, 396px\" \/><\/p>\n<\/div>\n\n\t\t<\/div>\n\t<\/div>\n<div class=\"vc_empty_space\"   style=\"height: 32px\"><span class=\"vc_empty_space_inner\"><\/span><\/div><\/div><\/div><\/div><div class=\"wpb_column vc_column_container vc_col-sm-4\"><div class=\"vc_column-inner\"><div class=\"wpb_wrapper\">\n\t<div class=\"wpb_text_column wpb_content_element wpb_animate_when_almost_visible wpb_left-to-right left-to-right\" >\n\t\t<div class=\"wpb_wrapper\">\n\t\t\t<div class=\"lookbook-collection wholelink pr tc dib\" style=\"padding: 0px;\">\n<div class=\"baroque\">\n<h3 class=\"pa tu custom-head-1\"><span class=\"fs__14 f__libre db\" style=\"font-size: 30px;\">All Stones&amp;Animals<br \/>\n<a href=\"\/en\/all-ff\/\">Wi\u0119cej \u2192<\/a><\/span><\/h3>\n<\/div>\n<p><img loading=\"lazy\" decoding=\"async\" class=\"alignnone wp-image-9090\" src=\"https:\/\/schiffers.pl\/wp-content\/uploads\/2017\/02\/Anka-duze-4-2-225x300.jpg\" width=\"319\" height=\"426\" srcset=\"https:\/\/schiffers.pl\/wp-content\/uploads\/2017\/02\/Anka-duze-4-2-225x300.jpg 225w, https:\/\/schiffers.pl\/wp-content\/uploads\/2017\/02\/Anka-duze-4-2-768x1024.jpg 768w, https:\/\/schiffers.pl\/wp-content\/uploads\/2017\/02\/Anka-duze-4-2-160x215.jpg 160w\" sizes=\"auto, (max-width: 319px) 100vw, 319px\" \/><\/p>\n<\/div>\n\n\t\t<\/div>\n\t<\/div>\n<div class=\"vc_empty_space\"   style=\"height: 32px\"><span class=\"vc_empty_space_inner\"><\/span><\/div>\n\t<div class=\"wpb_text_column wpb_content_element wpb_animate_when_almost_visible wpb_left-to-right left-to-right\" >\n\t\t<div class=\"wpb_wrapper\">\n\t\t\t<div class=\"lookbook-collection wholelink pr tc dib\">\n<div class=\"all-ff\">\n<h3 class=\"pa tu custom-head-1\"><span class=\"fs__14 f__libre db\" style=\"font-size: 30px;\">Farge<br \/>\n<a href=\"\/en\/farge\/\">Wi\u0119cej \u2192<\/a><\/span><\/h3>\n<\/div>\n<p><img loading=\"lazy\" decoding=\"async\" class=\"wp-image-9109\" src=\"https:\/\/schiffers.pl\/wp-content\/uploads\/2018\/11\/MG_0904-200x300.jpg\" width=\"346\" height=\"519\" srcset=\"https:\/\/schiffers.pl\/wp-content\/uploads\/2018\/11\/MG_0904-200x300.jpg 200w, https:\/\/schiffers.pl\/wp-content\/uploads\/2018\/11\/MG_0904-768x1152.jpg 768w, https:\/\/schiffers.pl\/wp-content\/uploads\/2018\/11\/MG_0904-683x1024.jpg 683w\" sizes=\"auto, (max-width: 346px) 100vw, 346px\" \/><\/p>\n<\/div>\n\n\t\t<\/div>\n\t<\/div>\n<div class=\"vc_empty_space\"   style=\"height: 32px\"><span class=\"vc_empty_space_inner\"><\/span><\/div>\n\t<div class=\"wpb_text_column wpb_content_element wpb_animate_when_almost_visible wpb_left-to-right left-to-right\" >\n\t\t<div class=\"wpb_wrapper\">\n\t\t\t<div class=\"lookbook-collection wholelink pr tc dib\">\n<div class=\"elegance\">\n<h3 class=\"pa tu custom-head-1\"><span class=\"fs__14 f__libre db\" style=\"font-size: 30px;\">Elegance\u00a0<a href=\"https:\/\/schiffers.pl\/en\/elegance\/\"><br \/>\nWi\u0119cej \u2192<\/a><\/span><\/h3>\n<\/div>\n<p><img loading=\"lazy\" decoding=\"async\" class=\"alignnone wp-image-5238 size-full\" src=\"https:\/\/schiffers.pl\/wp-content\/uploads\/2017\/02\/Ok\u0142adkadoELEGANCE.jpg\" width=\"391\" height=\"592\" srcset=\"https:\/\/schiffers.pl\/wp-content\/uploads\/2017\/02\/Ok\u0142adkadoELEGANCE.jpg 391w, https:\/\/schiffers.pl\/wp-content\/uploads\/2017\/02\/Ok\u0142adkadoELEGANCE-198x300.jpg 198w\" sizes=\"auto, (max-width: 391px) 100vw, 391px\" \/><\/p>\n<\/div>\n\n\t\t<\/div>\n\t<\/div>\n<div class=\"vc_empty_space\"   style=\"height: 32px\"><span class=\"vc_empty_space_inner\"><\/span><\/div>\n\t<div class=\"wpb_text_column wpb_content_element wpb_animate_when_almost_visible wpb_left-to-right left-to-right\" >\n\t\t<div class=\"wpb_wrapper\">\n\t\t\t<div class=\"lookbook-collection wholelink pr tc dib\" style=\"padding: 0px;\">\n<div class=\"baroque\">\n<h3 class=\"pa tu custom-head-1\"><span class=\"fs__14 f__libre db\" style=\"font-size: 30px;\">Baroque<br \/>\n<a href=\"\/en\/baroque\/\">Wi\u0119cej \u2192<\/a><\/span><\/h3>\n<\/div>\n<p><img loading=\"lazy\" decoding=\"async\" class=\"alignnone wp-image-6147 size-full\" src=\"https:\/\/schiffers.pl\/wp-content\/uploads\/2017\/06\/baroque.jpg\" width=\"391\" height=\"511\" srcset=\"https:\/\/schiffers.pl\/wp-content\/uploads\/2017\/06\/baroque.jpg 391w, https:\/\/schiffers.pl\/wp-content\/uploads\/2017\/06\/baroque-230x300.jpg 230w\" sizes=\"auto, (max-width: 391px) 100vw, 391px\" \/><\/p>\n<\/div>\n\n\t\t<\/div>\n\t<\/div>\n<\/div><\/div><\/div><div class=\"wpb_column vc_column_container vc_col-sm-4\"><div class=\"vc_column-inner\"><div class=\"wpb_wrapper\"><div class=\"vc_empty_space\"   style=\"height: 32px\"><span class=\"vc_empty_space_inner\"><\/span><\/div>\n\t<div class=\"wpb_text_column wpb_content_element wpb_animate_when_almost_visible wpb_left-to-right left-to-right\" >\n\t\t<div class=\"wpb_wrapper\">\n\t\t\t<div class=\"lookbook-collection wholelink pr tc dib\">\n<div class=\"modern-vintage\">\n<h3 class=\"pa tu custom-head-1\"><span class=\"fs__14 f__libre db\" style=\"font-size: 30px;\">Elisabetta<br \/>\n<a class=\"wiecej\" href=\"\/en\/elisabetta\/\">Wi\u0119cej \u2192<\/a><\/span><\/h3>\n<\/div>\n<p><img loading=\"lazy\" decoding=\"async\" class=\"alignnone wp-image-8971\" src=\"https:\/\/schiffers.pl\/wp-content\/uploads\/2018\/11\/MG_1336-1-204x300.jpg\" width=\"314\" height=\"462\" srcset=\"https:\/\/schiffers.pl\/wp-content\/uploads\/2018\/11\/MG_1336-1-204x300.jpg 204w, https:\/\/schiffers.pl\/wp-content\/uploads\/2018\/11\/MG_1336-1-768x1129.jpg 768w, https:\/\/schiffers.pl\/wp-content\/uploads\/2018\/11\/MG_1336-1-697x1024.jpg 697w, https:\/\/schiffers.pl\/wp-content\/uploads\/2018\/11\/MG_1336-1.jpg 769w\" sizes=\"auto, (max-width: 314px) 100vw, 314px\" \/><\/p>\n<\/div>\n\n\t\t<\/div>\n\t<\/div>\n<div class=\"vc_empty_space\"   style=\"height: 32px\"><span class=\"vc_empty_space_inner\"><\/span><\/div>\n\t<div class=\"wpb_text_column wpb_content_element wpb_animate_when_almost_visible wpb_left-to-right left-to-right\" >\n\t\t<div class=\"wpb_wrapper\">\n\t\t\t<div class=\"lookbook-collection wholelink pr tc dib\">\n<div class=\"princess-frog\">\n<h3 class=\"pa tu custom-head-1\"><span class=\"fs__14 f__libre db\" style=\"font-size: 30px;\">The Princess and the Frog<br \/>\n<a href=\"https:\/\/schiffers.pl\/en\/the-princess-and-the-frog\/\">Wi\u0119cej \u2192<\/a><\/span><\/h3>\n<\/div>\n<p><img loading=\"lazy\" decoding=\"async\" class=\"spero-test alignnone wp-image-5243\" src=\"https:\/\/schiffers.pl\/wp-content\/uploads\/2017\/02\/zdj\u0119cie-ok\u0142adka-kolekcja-ThePrincessAndThefrog-2-300x200.jpg\" width=\"595\" height=\"397\" srcset=\"https:\/\/schiffers.pl\/wp-content\/uploads\/2017\/02\/zdj\u0119cie-ok\u0142adka-kolekcja-ThePrincessAndThefrog-2-300x200.jpg 300w, https:\/\/schiffers.pl\/wp-content\/uploads\/2017\/02\/zdj\u0119cie-ok\u0142adka-kolekcja-ThePrincessAndThefrog-2.jpg 391w\" sizes=\"auto, (max-width: 595px) 100vw, 595px\" \/><\/p>\n<\/div>\n\n\t\t<\/div>\n\t<\/div>\n<div class=\"vc_empty_space\"   style=\"height: 32px\"><span class=\"vc_empty_space_inner\"><\/span><\/div>\n\t<div class=\"wpb_text_column wpb_content_element wpb_animate_when_almost_visible wpb_left-to-right left-to-right\" >\n\t\t<div class=\"wpb_wrapper\">\n\t\t\t<div class=\"lookbook-collection wholelink pr tc dib\">\n<div class=\"lamelle\">\n<h3 class=\"pa tu custom-head-1\"><span class=\"fs__14 f__libre db\" style=\"font-size: 30px;\">Going to the Garden<br \/>\n<a href=\"\/en\/go-to-garden\/\">Wi\u0119cej \u2192<\/a><\/span><\/h3>\n<\/div>\n<p><img loading=\"lazy\" decoding=\"async\" class=\"alignnone wp-image-7542\" src=\"https:\/\/schiffers.pl\/wp-content\/uploads\/2017\/02\/internet48-200x300.jpg\" width=\"391\" height=\"587\" srcset=\"https:\/\/schiffers.pl\/wp-content\/uploads\/2017\/02\/internet48-200x300.jpg 200w, https:\/\/schiffers.pl\/wp-content\/uploads\/2017\/02\/internet48-768x1152.jpg 768w, https:\/\/schiffers.pl\/wp-content\/uploads\/2017\/02\/internet48-682x1024.jpg 682w, https:\/\/schiffers.pl\/wp-content\/uploads\/2017\/02\/internet48.jpg 1123w\" sizes=\"auto, (max-width: 391px) 100vw, 391px\" \/><\/p>\n<\/div>\n\n\t\t<\/div>\n\t<\/div>\n<div class=\"vc_empty_space\"   style=\"height: 32px\"><span class=\"vc_empty_space_inner\"><\/span><\/div>\n\t<div class=\"wpb_text_column wpb_content_element wpb_animate_when_almost_visible wpb_left-to-right left-to-right\" >\n\t\t<div class=\"wpb_wrapper\">\n\t\t\t<div class=\"lookbook-collection wholelink pr tc dib\">\n<div class=\"modern-vintage\">\n<h3 class=\"pa tu custom-head-1\"><span class=\"fs__14 f__libre db\" style=\"font-size: 30px;\">Modern Vintage<br \/>\n<a class=\"wiecej\" href=\"\/en\/modern-vintage\/\">Wi\u0119cej \u2192<\/a><\/span><\/h3>\n<\/div>\n<p><img loading=\"lazy\" decoding=\"async\" class=\"alignnone wp-image-6058\" src=\"https:\/\/schiffers.pl\/wp-content\/uploads\/2017\/02\/modern_vin_okl.jpg\" width=\"380\" height=\"571\" srcset=\"https:\/\/schiffers.pl\/wp-content\/uploads\/2017\/02\/modern_vin_okl.jpg 391w, https:\/\/schiffers.pl\/wp-content\/uploads\/2017\/02\/modern_vin_okl-200x300.jpg 200w\" sizes=\"auto, (max-width: 380px) 100vw, 380px\" \/><\/p>\n<\/div>\n\n\t\t<\/div>\n\t<\/div>\n<div class=\"vc_empty_space\"   style=\"height: 32px\"><span class=\"vc_empty_space_inner\"><\/span><\/div><\/div><\/div><\/div><\/div><\/div>\n<\/div>","protected":false},"excerpt":{"rendered":"KOLEKCJE\u00a0 SCHIFFERS Nie wszystkie produkty z kolekcji s\u0105 dost\u0119pne w SKLEPIE www. Aktualnie skupiamy si\u0119 przede wszystkim na indywidualnym projektowaniu bi\u017cuterii ze z\u0142ota a kolekcje srebrne traktujemy bardziej sentymentalnie jako wa\u017cn\u0105 cz\u0119\u015b\u0107 historii naszej firmy. Je\u015bli chcesz, mo\u017cesz zawsze zapyta\u0107 o mo\u017cliwo\u015b\u0107 wykonania bi\u017cuterii z przedstawionych kolekcji pisz\u0105c wiadomo\u015b\u0107 na e-mail podany w stopce. *** [...]","protected":false},"author":4,"featured_media":6081,"parent":0,"menu_order":0,"comment_status":"closed","ping_status":"closed","template":"","meta":{"footnotes":""},"class_list":["post-5192","page","type-page","status-publish","has-post-thumbnail","hentry"],"yoast_head":"<!-- This site is optimized with the Yoast SEO plugin v24.6 - https:\/\/yoast.com\/wordpress\/plugins\/seo\/ -->\n<title>Kolekcje Schiffers \u2013 r\u0119cznie robionej autorskiej bi\u017cuterii | Schiffers<\/title>\n<meta name=\"description\" content=\"Kolekcje bi\u017cuterii tworzonej z pasj\u0105 w warszawskiej pracowni Schiffers. Mistrzowskie rzemios\u0142o, szlachetne materia\u0142y i unikalne projekty. Zajrzyj do nas!\" \/>\n<meta name=\"robots\" content=\"index, follow, max-snippet:-1, max-image-preview:large, max-video-preview:-1\" \/>\n<link rel=\"canonical\" href=\"https:\/\/schiffers.pl\/en\/kolekcje\/\" \/>\n<meta property=\"og:locale\" content=\"en_US\" \/>\n<meta property=\"og:type\" content=\"article\" \/>\n<meta property=\"og:title\" content=\"Kolekcje Schiffers \u2013 r\u0119cznie robionej autorskiej bi\u017cuterii | Schiffers\" \/>\n<meta property=\"og:description\" content=\"Kolekcje bi\u017cuterii tworzonej z pasj\u0105 w warszawskiej pracowni Schiffers. Mistrzowskie rzemios\u0142o, szlachetne materia\u0142y i unikalne projekty. Zajrzyj do nas!\" \/>\n<meta property=\"og:url\" content=\"https:\/\/schiffers.pl\/en\/kolekcje\/\" \/>\n<meta property=\"og:site_name\" content=\"Schiffers\" \/>\n<meta property=\"article:modified_time\" content=\"2026-02-04T09:24:54+00:00\" \/>\n<meta property=\"og:image\" content=\"https:\/\/schiffers.pl\/wp-content\/uploads\/2017\/02\/pof_head.jpg\" \/>\n\t<meta property=\"og:image:width\" content=\"1919\" \/>\n\t<meta property=\"og:image:height\" content=\"300\" \/>\n\t<meta property=\"og:image:type\" content=\"image\/jpeg\" \/>\n<meta name=\"twitter:card\" content=\"summary_large_image\" \/>\n<meta name=\"twitter:label1\" content=\"Est. reading time\" \/>\n\t<meta name=\"twitter:data1\" content=\"5 minutes\" \/>\n<script type=\"application\/ld+json\" class=\"yoast-schema-graph\">{\"@context\":\"https:\/\/schema.org\",\"@graph\":[{\"@type\":\"WebPage\",\"@id\":\"https:\/\/schiffers.pl\/kolekcje\/\",\"url\":\"https:\/\/schiffers.pl\/kolekcje\/\",\"name\":\"Kolekcje Schiffers \u2013 r\u0119cznie robionej autorskiej bi\u017cuterii | Schiffers\",\"isPartOf\":{\"@id\":\"https:\/\/schiffers.pl\/#website\"},\"primaryImageOfPage\":{\"@id\":\"https:\/\/schiffers.pl\/kolekcje\/#primaryimage\"},\"image\":{\"@id\":\"https:\/\/schiffers.pl\/kolekcje\/#primaryimage\"},\"thumbnailUrl\":\"https:\/\/schiffers.pl\/wp-content\/uploads\/2017\/02\/pof_head.jpg\",\"datePublished\":\"2017-02-15T13:13:56+00:00\",\"dateModified\":\"2026-02-04T09:24:54+00:00\",\"description\":\"Kolekcje bi\u017cuterii tworzonej z pasj\u0105 w warszawskiej pracowni Schiffers. Mistrzowskie rzemios\u0142o, szlachetne materia\u0142y i unikalne projekty. Zajrzyj do nas!\",\"breadcrumb\":{\"@id\":\"https:\/\/schiffers.pl\/kolekcje\/#breadcrumb\"},\"inLanguage\":\"en-US\",\"potentialAction\":[{\"@type\":\"ReadAction\",\"target\":[\"https:\/\/schiffers.pl\/kolekcje\/\"]}]},{\"@type\":\"ImageObject\",\"inLanguage\":\"en-US\",\"@id\":\"https:\/\/schiffers.pl\/kolekcje\/#primaryimage\",\"url\":\"https:\/\/schiffers.pl\/wp-content\/uploads\/2017\/02\/pof_head.jpg\",\"contentUrl\":\"https:\/\/schiffers.pl\/wp-content\/uploads\/2017\/02\/pof_head.jpg\",\"width\":1919,\"height\":300},{\"@type\":\"BreadcrumbList\",\"@id\":\"https:\/\/schiffers.pl\/kolekcje\/#breadcrumb\",\"itemListElement\":[{\"@type\":\"ListItem\",\"position\":1,\"name\":\"Strona g\u0142\u00f3wna\",\"item\":\"https:\/\/schiffers.pl\/\"},{\"@type\":\"ListItem\",\"position\":2,\"name\":\"Kolekcje\"}]},{\"@type\":\"WebSite\",\"@id\":\"https:\/\/schiffers.pl\/#website\",\"url\":\"https:\/\/schiffers.pl\/\",\"name\":\"Schiffers\",\"description\":\"bi\u017cuteria\",\"potentialAction\":[{\"@type\":\"SearchAction\",\"target\":{\"@type\":\"EntryPoint\",\"urlTemplate\":\"https:\/\/schiffers.pl\/?s={search_term_string}\"},\"query-input\":{\"@type\":\"PropertyValueSpecification\",\"valueRequired\":true,\"valueName\":\"search_term_string\"}}],\"inLanguage\":\"en-US\"}]}<\/script>\n<!-- \/ Yoast SEO plugin. -->","yoast_head_json":{"title":"Kolekcje Schiffers \u2013 r\u0119cznie robionej autorskiej bi\u017cuterii | Schiffers","description":"Kolekcje bi\u017cuterii tworzonej z pasj\u0105 w warszawskiej pracowni Schiffers. Mistrzowskie rzemios\u0142o, szlachetne materia\u0142y i unikalne projekty. Zajrzyj do nas!","robots":{"index":"index","follow":"follow","max-snippet":"max-snippet:-1","max-image-preview":"max-image-preview:large","max-video-preview":"max-video-preview:-1"},"canonical":"https:\/\/schiffers.pl\/en\/kolekcje\/","og_locale":"en_US","og_type":"article","og_title":"Kolekcje Schiffers \u2013 r\u0119cznie robionej autorskiej bi\u017cuterii | Schiffers","og_description":"Kolekcje bi\u017cuterii tworzonej z pasj\u0105 w warszawskiej pracowni Schiffers. Mistrzowskie rzemios\u0142o, szlachetne materia\u0142y i unikalne projekty. Zajrzyj do nas!","og_url":"https:\/\/schiffers.pl\/en\/kolekcje\/","og_site_name":"Schiffers","article_modified_time":"2026-02-04T09:24:54+00:00","og_image":[{"width":1919,"height":300,"url":"https:\/\/schiffers.pl\/wp-content\/uploads\/2017\/02\/pof_head.jpg","type":"image\/jpeg"}],"twitter_card":"summary_large_image","twitter_misc":{"Est. reading time":"5 minutes"},"schema":{"@context":"https:\/\/schema.org","@graph":[{"@type":"WebPage","@id":"https:\/\/schiffers.pl\/kolekcje\/","url":"https:\/\/schiffers.pl\/kolekcje\/","name":"Kolekcje Schiffers \u2013 r\u0119cznie robionej autorskiej bi\u017cuterii | Schiffers","isPartOf":{"@id":"https:\/\/schiffers.pl\/#website"},"primaryImageOfPage":{"@id":"https:\/\/schiffers.pl\/kolekcje\/#primaryimage"},"image":{"@id":"https:\/\/schiffers.pl\/kolekcje\/#primaryimage"},"thumbnailUrl":"https:\/\/schiffers.pl\/wp-content\/uploads\/2017\/02\/pof_head.jpg","datePublished":"2017-02-15T13:13:56+00:00","dateModified":"2026-02-04T09:24:54+00:00","description":"Kolekcje bi\u017cuterii tworzonej z pasj\u0105 w warszawskiej pracowni Schiffers. Mistrzowskie rzemios\u0142o, szlachetne materia\u0142y i unikalne projekty. Zajrzyj do nas!","breadcrumb":{"@id":"https:\/\/schiffers.pl\/kolekcje\/#breadcrumb"},"inLanguage":"en-US","potentialAction":[{"@type":"ReadAction","target":["https:\/\/schiffers.pl\/kolekcje\/"]}]},{"@type":"ImageObject","inLanguage":"en-US","@id":"https:\/\/schiffers.pl\/kolekcje\/#primaryimage","url":"https:\/\/schiffers.pl\/wp-content\/uploads\/2017\/02\/pof_head.jpg","contentUrl":"https:\/\/schiffers.pl\/wp-content\/uploads\/2017\/02\/pof_head.jpg","width":1919,"height":300},{"@type":"BreadcrumbList","@id":"https:\/\/schiffers.pl\/kolekcje\/#breadcrumb","itemListElement":[{"@type":"ListItem","position":1,"name":"Strona g\u0142\u00f3wna","item":"https:\/\/schiffers.pl\/"},{"@type":"ListItem","position":2,"name":"Kolekcje"}]},{"@type":"WebSite","@id":"https:\/\/schiffers.pl\/#website","url":"https:\/\/schiffers.pl\/","name":"Schiffers","description":"bi\u017cuteria","potentialAction":[{"@type":"SearchAction","target":{"@type":"EntryPoint","urlTemplate":"https:\/\/schiffers.pl\/?s={search_term_string}"},"query-input":{"@type":"PropertyValueSpecification","valueRequired":true,"valueName":"search_term_string"}}],"inLanguage":"en-US"}]}},"_links":{"self":[{"href":"https:\/\/schiffers.pl\/en\/wp-json\/wp\/v2\/pages\/5192","targetHints":{"allow":["GET"]}}],"collection":[{"href":"https:\/\/schiffers.pl\/en\/wp-json\/wp\/v2\/pages"}],"about":[{"href":"https:\/\/schiffers.pl\/en\/wp-json\/wp\/v2\/types\/page"}],"author":[{"embeddable":true,"href":"https:\/\/schiffers.pl\/en\/wp-json\/wp\/v2\/users\/4"}],"replies":[{"embeddable":true,"href":"https:\/\/schiffers.pl\/en\/wp-json\/wp\/v2\/comments?post=5192"}],"version-history":[{"count":7,"href":"https:\/\/schiffers.pl\/en\/wp-json\/wp\/v2\/pages\/5192\/revisions"}],"predecessor-version":[{"id":17647,"href":"https:\/\/schiffers.pl\/en\/wp-json\/wp\/v2\/pages\/5192\/revisions\/17647"}],"wp:featuredmedia":[{"embeddable":true,"href":"https:\/\/schiffers.pl\/en\/wp-json\/wp\/v2\/media\/6081"}],"wp:attachment":[{"href":"https:\/\/schiffers.pl\/en\/wp-json\/wp\/v2\/media?parent=5192"}],"curies":[{"name":"wp","href":"https:\/\/api.w.org\/{rel}","templated":true}]}}