{"id":3579,"date":"2016-03-27T05:17:59","date_gmt":"2016-03-27T05:17:59","guid":{"rendered":"http:\/\/janstudio.net\/gecko\/?page_id=3579"},"modified":"2026-02-25T18:39:20","modified_gmt":"2026-02-25T17:39:20","slug":"atelier-2","status":"publish","type":"page","link":"https:\/\/schiffers.pl\/en\/atelier-2\/","title":{"rendered":"Pracownia"},"content":{"rendered":"<div class=\"wpb-content-wrapper\"><div class=\"vc_row vc_custom_1669376600665\"><div class=\"wpb_column vc_column_container vc_col-sm-12\"><div class=\"vc_column-inner\"><div class=\"wpb_wrapper\"><div class=\"vc_row vc_inner\"><div class=\"text-center wpb_column vc_column_container vc_col-sm-12\"><div class=\"vc_column-inner\"><div class=\"wpb_wrapper\">\n\t<div class=\"wpb_text_column wpb_content_element pdng\" >\n\t\t<div class=\"wpb_wrapper\">\n\t\t\t<p>Poszukujesz jubilera, kt\u00f3ry wykonuje bi\u017cuteri\u0119 na zam\u00f3wienie wed\u0142ug konkretnych wytycznych? Nasza pracownia specjalizuje si\u0119 w tworzeniu indywidualnych projekt\u00f3w bi\u017cuterii oraz przedmiot\u00f3w u\u017cytkowych z metali szlachetnych. Je\u015bli chcia\u0142aby\u015b\/chcia\u0142by\u015b zrealizowa\u0107 sw\u00f3j w\u0142asny pomys\u0142 b\u0105d\u017a podarowa\u0107 komu\u015b bliskiemu jubilerskie dzie\u0142o wykonane od pocz\u0105tku do ko\u0144ca specjalnie dla niego, spotkajmy si\u0119, aby o tym porozmawia\u0107. Projektowanie bi\u017cuterii to nasza specjalno\u015b\u0107 \u2013 zapraszamy na spotkanie do Warszawy! Wsp\u00f3lnie mo\u017cemy stworzy\u0107 projekt pier\u015bcionka zar\u0119czynowego, kolczyk\u00f3w pasuj\u0105cych do konkretnego stroju, naszyjnika z pami\u0105tkowym elementem z podr\u00f3\u017cy lub spinek do mankiet\u00f3w o specyficznym kszta\u0142cie. W naszej pracowni powstaje zar\u00f3wno bi\u017cuteria srebrna na zam\u00f3wienie, jak i wyroby z\u0142otnicze ze z\u0142ota \u017c\u00f3\u0142tego, bia\u0142ego, r\u00f3\u017cowego oraz mieszanek kruszc\u00f3w. Opr\u00f3cz tego wykonujemy przetapianie z\u0142ota, z kt\u00f3rego mog\u0105 powsta\u0107 ca\u0142kowicie nowe produkty. Warszawa i ca\u0142a Polska \u2013 zapraszamy klient\u00f3w tak\u017ce spoza stolicy \u2013 z powodzeniem wsp\u00f3\u0142pracujemy na odleg\u0142o\u015b\u0107 \u2013 zapraszamy do spotka\u0144 online!<\/p>\n\n\t\t<\/div>\n\t<\/div>\n<\/div><\/div><\/div><\/div><\/div><\/div><\/div><\/div><div class=\"vc_row pierscionki-zareczynowe atelier vc_custom_1669375245526 vc_row-o-equal-height vc_row-o-content-middle vc_row-flex\"><div class=\"description-col text-left wpb_column vc_column_container vc_col-sm-6\"><div class=\"vc_column-inner\"><div class=\"wpb_wrapper\">\n\t<div class=\"wpb_text_column wpb_content_element sp-justify pr-text-3\" >\n\t\t<div class=\"wpb_wrapper\">\n\t\t\t<h2>Tworzenie bi\u017cuterii na zam\u00f3wienie \u2013 tradycja i nowoczesno\u015b\u0107<\/h2>\n<p style=\"text-align: justify;\">W naszej pracy \u0142\u0105czymy tradycyjne rzemios\u0142o z zaawansowan\u0105 technologi\u0105. Pierwsze projekty bi\u017cuterii na zam\u00f3wienie wykonujemy odr\u0119cznie \u2013 cz\u0119sto powstaj\u0105 one ju\u017c podczas naszego spotkania, kiedy omawiamy indywidualn\u0105 koncepcj\u0119, styl, preferowane materia\u0142y i kamienie. Nast\u0119pnie przedstawiamy projekt komputerowy 3D. Na tym etapie wci\u0105\u017c tworzymy przedmiot: konsultujemy jego wygl\u0105d oraz wprowadzamy zmiany. Na \u017cyczenie przygotujemy tak\u017ce tzw. render, kt\u00f3ry jest nowoczesn\u0105 wizualizacj\u0105 projektu 3D z uwzgl\u0119dnieniem realistycznych kolor\u00f3w i kszta\u0142t\u00f3w. Naszym celem jest jak najlepsze oraz najwierniejsze oddanie zamys\u0142u. Po akceptacji przyst\u0119pujemy do pracy, aby gotowy przedmiot wkr\u00f3tce trafi\u0142 w Twoje r\u0119ce. Zapraszamy do udzia\u0142u w procesie, jakim jest projektowanie bi\u017cuterii, daj\u0105cym du\u017co frajdy. W jego wyniku powstaj\u0105 naprawd\u0119 wyj\u0105tkowe okazy!<\/p>\n<h2>Wyroby z\u0142otnicze na zam\u00f3wienie. Odkryj ich oryginalno\u015b\u0107!<\/h2>\n<p style=\"text-align: justify;\">Szukasz niebanalnych jubilerskich ozd\u00f3b? Ma by\u0107 to bi\u017cuteria srebrna robiona na zam\u00f3wienie, a mo\u017ce wyroby z\u0142otnicze w klasycznej, \u017c\u00f3\u0142tej wersji? W\u0142a\u015bnie masz okazj\u0119 przekona\u0107 si\u0119, ile satysfakcji mo\u017ce przynie\u015b\u0107 projektowanie bi\u017cuterii 3D razem z uznanym projektantem bi\u017cuterii. Je\u015bli lubisz unikalne przedmioty lub szukasz wyszukanego prezentu dla bliskiej osoby, bi\u017cuteria na zam\u00f3wienie jest idealn\u0105 opcj\u0105 dla Ciebie. Nie zwlekaj \u2013 aby um\u00f3wi\u0107 si\u0119 na spotkanie z jubilerem.<\/p>\n<p><a class=\"f__libre\" href=\"https:\/\/schiffers.pl\/en\/category\/projektowanie-indywidualne\/?v=9b7d173b068d\">Wi\u0119cej \u2192<\/a><\/p>\n\n\t\t<\/div>\n\t<\/div>\n<\/div><\/div><\/div><div class=\"image-col wpb_column vc_column_container vc_col-sm-3\"><div class=\"vc_column-inner\"><div class=\"wpb_wrapper\">\n\t<div  class=\"wpb_single_image wpb_content_element vc_align_center wpb_content_element\">\n\t\t\n\t\t<figure class=\"wpb_wrapper vc_figure\">\n\t\t\t<div class=\"vc_single_image-wrapper   vc_box_border_grey\"><img decoding=\"async\" class=\"vc_single_image-img\" src=\"https:\/\/schiffers.pl\/wp-content\/uploads\/2022\/04\/1440260-308x271.jpg\" width=\"308\" height=\"271\" alt=\"_1440260\" title=\"_1440260\" loading=\"lazy\" \/><\/div>\n\t\t<\/figure>\n\t<\/div>\n<\/div><\/div><\/div><div class=\"title wpb_column vc_column_container vc_col-sm-3\"><div class=\"vc_column-inner\"><div class=\"wpb_wrapper\">\n\t<div class=\"wpb_text_column wpb_content_element zarencz-title spero-line-title\" >\n\t\t<div class=\"wpb_wrapper\">\n\t\t\t<h3 style=\"text-align: center;\"><a href=\"\/en\/category\/projektowanie-indywidualne\/\">PROJEKTOWANIE<br \/>\nINDYWIDULANE<\/a><\/h3>\n\n\t\t<\/div>\n\t<\/div>\n<\/div><\/div><\/div><\/div><div class=\"vc_row renowacja atelier vc_custom_1572459987661 vc_row-o-equal-height vc_row-o-content-middle vc_row-flex\"><div class=\"title wpb_column vc_column_container vc_col-sm-3\"><div class=\"vc_column-inner\"><div class=\"wpb_wrapper\">\n\t<div class=\"wpb_text_column wpb_content_element ren-title spero-line-title\" >\n\t\t<div class=\"wpb_wrapper\">\n\t\t\t<h3 style=\"text-align: center;\"><a href=\"\/en\/category\/renowacje\/\">RENOWACJE<br \/>\nBI\u017bUTERII<\/a><\/h3>\n\n\t\t<\/div>\n\t<\/div>\n<\/div><\/div><\/div><div class=\"image-col wpb_column vc_column_container vc_col-sm-3\"><div class=\"vc_column-inner\"><div class=\"wpb_wrapper\">\n\t<div  class=\"wpb_single_image wpb_content_element vc_align_center wpb_content_element\">\n\t\t\n\t\t<figure class=\"wpb_wrapper vc_figure\">\n\t\t\t<div class=\"vc_single_image-wrapper   vc_box_border_grey\"><img decoding=\"async\" class=\"vc_single_image-img\" src=\"https:\/\/schiffers.pl\/wp-content\/uploads\/2024\/06\/088A7DDD-DCC8-4FFB-B66B-177C91FA1C27_1_201_a-scaled-308x271.jpeg\" width=\"308\" height=\"271\" alt=\"088A7DDD-DCC8-4FFB-B66B-177C91FA1C27_1_201_a\" title=\"088A7DDD-DCC8-4FFB-B66B-177C91FA1C27_1_201_a\" loading=\"lazy\" \/><\/div>\n\t\t<\/figure>\n\t<\/div>\n<\/div><\/div><\/div><div class=\"description-col text-right wpb_column vc_column_container vc_col-sm-6\"><div class=\"vc_column-inner\"><div class=\"wpb_wrapper\">\n\t<div class=\"wpb_text_column wpb_content_element vc_custom_1733476904197 sp-justify pr-text-2\" >\n\t\t<div class=\"wpb_wrapper\">\n\t\t\t<h2>Wykonywanie bi\u017cuterii \u2013 projektowanie na miar\u0119<\/h2>\n<p>Proces tworzenia bi\u017cuterii na indywidualne zam\u00f3wienie zaczyna si\u0119 od koncepcji, a ko\u0144czy na powstaniu perfekcyjnego wyrobu rzemie\u015blniczego stworzonego przez do\u015bwiadczonego jubilera. Chocia\u017c do niedawna bi\u017cuteria z\u0142ota lub srebrna wykonywana by\u0142a g\u0142\u00f3wnie na zam\u00f3wienie elit, dzi\u015b taka us\u0142uga jest w sztuce jubilerskiej powszechnie dost\u0119pna. Gwarantujemy, i\u017c nasza pracownia spe\u0142ni oczekiwania nawet najbardziej wymagaj\u0105cych klient\u00f3w, kt\u00f3rzy chcieliby podarowa\u0107 unikatowy prezent komu\u015b bliskiemu lub stworzy\u0107 wyj\u0105tkowy przedmiot specjalnie dla siebie. Schiffers od wielu pokole\u0144 tworzy na zam\u00f3wienie wyroby takie jak z\u0142ota bi\u017cuteria \u015blubna, bransoletki z grawerem czy z\u0142ote pier\u015bcionki. Opr\u00f3cz tego naszym klientom oferujemy przer\u00f3bki jubilerskie, do kt\u00f3rych zaliczamy zar\u00f3wno r\u00f3\u017cnego rodzaju drobne naprawy, jak i przetapianie z\u0142ota (np. na nowe kolczyki, \u0142a\u0144cuszek czy bransoletk\u0119).<\/p>\n<h2>Przerabianie i przetapianie z\u0142ota w Schiffers \u2013 nowe \u017cycie dla Twojej bi\u017cuterii<\/h2>\n<p>Przetapianie z\u0142ota to us\u0142uga, kt\u00f3r\u0105 oferuje jubiler Schiffers klientom chc\u0105cym przekszta\u0142ci\u0107 nieu\u017cywan\u0105 lub zniszczon\u0105 bi\u017cuteri\u0119 daj\u0105c jej drugie \u017cycie. Dzi\u0119ki tej technice jeste\u015bmy w stanie da\u0107 Twojemu z\u0142otu zupe\u0142nie now\u0105 form\u0119. Ponadto dzia\u0142anie to pozwala zachowa\u0107 warto\u015b\u0107 sentymentaln\u0105. Ale to nie wszystko \u2013 zajmujemy si\u0119 tak\u017ce przerabianiem z\u0142ota. B\u0119dzie to idealna opcja dla os\u00f3b, kt\u00f3re chc\u0105 wykona\u0107 nowe elementy z powierzonego nam materia\u0142u: od prostych obr\u0105czek po skomplikowane z\u0142ote pier\u015bcionki na zam\u00f3wienie. W Schiffers klienci maj\u0105 realny wp\u0142yw na tworzenie unikalnych projekt\u00f3w, odzwierciedlaj\u0105cych ich indywidualny styl i potrzeby. Proces tworzenia zaczyna si\u0119 od wizji przysz\u0142ego u\u017cytkownika bi\u017cuterii, a my sprawiamy, \u017ce przyjmuje ona realne kszta\u0142ty.<\/p>\n\n\t\t<\/div>\n\t<\/div>\n<\/div><\/div><\/div><\/div><div class=\"vc_row\"><div class=\"wpb_column vc_column_container vc_col-sm-12\"><div class=\"vc_column-inner\"><div class=\"wpb_wrapper\"><div class=\"vc_row vc_inner\"><div class=\"text-center wpb_column vc_column_container vc_col-sm-12\"><div class=\"vc_column-inner\"><div class=\"wpb_wrapper\">\n\t<div class=\"wpb_text_column wpb_content_element\" >\n\t\t<div class=\"wpb_wrapper\">\n\t\t\t<p style=\"text-align: center; font-size: 14px;\"><strong>Do ka\u017cdego zlecenia podchodzimy z zaanga\u017cowaniem oraz pasj\u0105. Niekiedy stanowi ono dla nas wyzwanie, jednak jako do\u015bwiadczony jubiler wiemy, jak zaprojektowa\u0107 absolutnie niezwyk\u0142e dzie\u0142o oraz wykorzysta\u0107 mo\u017cliwo\u015bci, jakie daje przetapianie z\u0142ota. Warszawa \u2013 to tu znajdziesz nasz\u0105 stacjonarn\u0105 siedzib\u0119. Sprawd\u017a, jak wiele zyskasz, decyduj\u0105c si\u0119 na skorzystanie z naszej pomocy w kwestii wszelkiej rewitalizacji bi\u017cuterii.<\/strong><\/p>\n\n\t\t<\/div>\n\t<\/div>\n<\/div><\/div><\/div><\/div><\/div><\/div><\/div><\/div>\n<\/div>","protected":false},"excerpt":{"rendered":"Poszukujesz jubilera, kt\u00f3ry wykonuje bi\u017cuteri\u0119 na zam\u00f3wienie wed\u0142ug konkretnych wytycznych? Nasza pracownia specjalizuje si\u0119 w tworzeniu indywidualnych projekt\u00f3w bi\u017cuterii oraz przedmiot\u00f3w u\u017cytkowych z metali szlachetnych. Je\u015bli chcia\u0142aby\u015b\/chcia\u0142by\u015b zrealizowa\u0107 sw\u00f3j w\u0142asny pomys\u0142 b\u0105d\u017a podarowa\u0107 komu\u015b bliskiemu jubilerskie dzie\u0142o wykonane od pocz\u0105tku do ko\u0144ca specjalnie dla niego, spotkajmy si\u0119, aby o tym porozmawia\u0107. Projektowanie bi\u017cuterii to nasza [...]","protected":false},"author":4,"featured_media":18026,"parent":0,"menu_order":0,"comment_status":"closed","ping_status":"closed","template":"","meta":{"footnotes":""},"class_list":["post-3579","page","type-page","status-publish","has-post-thumbnail","hentry"],"yoast_head":"<!-- This site is optimized with the Yoast SEO plugin v24.6 - https:\/\/yoast.com\/wordpress\/plugins\/seo\/ -->\n<title>Projektowanie indywidualnej bi\u017cuterii na zam\u00f3wienie | Schiffers<\/title>\n<meta name=\"description\" content=\"Chcesz posiada\u0107 wyj\u0105tkowy pier\u015bcionek czy bransoletk\u0119? Zg\u0142o\u015b si\u0119 do nas! Ch\u0119tnie wykonamy bi\u017cuteri\u0119 wed\u0142ug indywidualnego projektu!\" \/>\n<meta name=\"robots\" content=\"index, follow, max-snippet:-1, max-image-preview:large, max-video-preview:-1\" \/>\n<link rel=\"canonical\" href=\"https:\/\/schiffers.pl\/en\/atelier-2\/\" \/>\n<meta property=\"og:locale\" content=\"en_US\" \/>\n<meta property=\"og:type\" content=\"article\" \/>\n<meta property=\"og:title\" content=\"Projektowanie indywidualnej bi\u017cuterii na zam\u00f3wienie | Schiffers\" \/>\n<meta property=\"og:description\" content=\"Chcesz posiada\u0107 wyj\u0105tkowy pier\u015bcionek czy bransoletk\u0119? Zg\u0142o\u015b si\u0119 do nas! Ch\u0119tnie wykonamy bi\u017cuteri\u0119 wed\u0142ug indywidualnego projektu!\" \/>\n<meta property=\"og:url\" content=\"https:\/\/schiffers.pl\/en\/atelier-2\/\" \/>\n<meta property=\"og:site_name\" content=\"Schiffers\" \/>\n<meta property=\"article:modified_time\" content=\"2026-02-25T17:39:20+00:00\" \/>\n<meta property=\"og:image\" content=\"https:\/\/schiffers.pl\/wp-content\/uploads\/2026\/02\/20250523-Radek-Zawadzki-Schiffers-Jewellery-027.jpg\" \/>\n\t<meta property=\"og:image:width\" content=\"2000\" \/>\n\t<meta property=\"og:image:height\" content=\"1333\" \/>\n\t<meta property=\"og:image:type\" content=\"image\/jpeg\" \/>\n<meta name=\"twitter:card\" content=\"summary_large_image\" \/>\n<meta name=\"twitter:label1\" content=\"Est. reading time\" \/>\n\t<meta name=\"twitter:data1\" content=\"8 minutes\" \/>\n<script type=\"application\/ld+json\" class=\"yoast-schema-graph\">{\"@context\":\"https:\/\/schema.org\",\"@graph\":[{\"@type\":\"WebPage\",\"@id\":\"https:\/\/schiffers.pl\/atelier-2\/\",\"url\":\"https:\/\/schiffers.pl\/atelier-2\/\",\"name\":\"Projektowanie indywidualnej bi\u017cuterii na zam\u00f3wienie | Schiffers\",\"isPartOf\":{\"@id\":\"https:\/\/schiffers.pl\/#website\"},\"primaryImageOfPage\":{\"@id\":\"https:\/\/schiffers.pl\/atelier-2\/#primaryimage\"},\"image\":{\"@id\":\"https:\/\/schiffers.pl\/atelier-2\/#primaryimage\"},\"thumbnailUrl\":\"https:\/\/schiffers.pl\/wp-content\/uploads\/2026\/02\/20250523-Radek-Zawadzki-Schiffers-Jewellery-027.jpg\",\"datePublished\":\"2016-03-27T05:17:59+00:00\",\"dateModified\":\"2026-02-25T17:39:20+00:00\",\"description\":\"Chcesz posiada\u0107 wyj\u0105tkowy pier\u015bcionek czy bransoletk\u0119? Zg\u0142o\u015b si\u0119 do nas! Ch\u0119tnie wykonamy bi\u017cuteri\u0119 wed\u0142ug indywidualnego projektu!\",\"breadcrumb\":{\"@id\":\"https:\/\/schiffers.pl\/atelier-2\/#breadcrumb\"},\"inLanguage\":\"en-US\",\"potentialAction\":[{\"@type\":\"ReadAction\",\"target\":[\"https:\/\/schiffers.pl\/atelier-2\/\"]}]},{\"@type\":\"ImageObject\",\"inLanguage\":\"en-US\",\"@id\":\"https:\/\/schiffers.pl\/atelier-2\/#primaryimage\",\"url\":\"https:\/\/schiffers.pl\/wp-content\/uploads\/2026\/02\/20250523-Radek-Zawadzki-Schiffers-Jewellery-027.jpg\",\"contentUrl\":\"https:\/\/schiffers.pl\/wp-content\/uploads\/2026\/02\/20250523-Radek-Zawadzki-Schiffers-Jewellery-027.jpg\",\"width\":2000,\"height\":1333},{\"@type\":\"BreadcrumbList\",\"@id\":\"https:\/\/schiffers.pl\/atelier-2\/#breadcrumb\",\"itemListElement\":[{\"@type\":\"ListItem\",\"position\":1,\"name\":\"Strona g\u0142\u00f3wna\",\"item\":\"https:\/\/schiffers.pl\/\"},{\"@type\":\"ListItem\",\"position\":2,\"name\":\"Pracownia\"}]},{\"@type\":\"WebSite\",\"@id\":\"https:\/\/schiffers.pl\/#website\",\"url\":\"https:\/\/schiffers.pl\/\",\"name\":\"Schiffers\",\"description\":\"bi\u017cuteria\",\"potentialAction\":[{\"@type\":\"SearchAction\",\"target\":{\"@type\":\"EntryPoint\",\"urlTemplate\":\"https:\/\/schiffers.pl\/?s={search_term_string}\"},\"query-input\":{\"@type\":\"PropertyValueSpecification\",\"valueRequired\":true,\"valueName\":\"search_term_string\"}}],\"inLanguage\":\"en-US\"}]}<\/script>\n<!-- \/ Yoast SEO plugin. -->","yoast_head_json":{"title":"Projektowanie indywidualnej bi\u017cuterii na zam\u00f3wienie | Schiffers","description":"Chcesz posiada\u0107 wyj\u0105tkowy pier\u015bcionek czy bransoletk\u0119? Zg\u0142o\u015b si\u0119 do nas! Ch\u0119tnie wykonamy bi\u017cuteri\u0119 wed\u0142ug indywidualnego projektu!","robots":{"index":"index","follow":"follow","max-snippet":"max-snippet:-1","max-image-preview":"max-image-preview:large","max-video-preview":"max-video-preview:-1"},"canonical":"https:\/\/schiffers.pl\/en\/atelier-2\/","og_locale":"en_US","og_type":"article","og_title":"Projektowanie indywidualnej bi\u017cuterii na zam\u00f3wienie | Schiffers","og_description":"Chcesz posiada\u0107 wyj\u0105tkowy pier\u015bcionek czy bransoletk\u0119? Zg\u0142o\u015b si\u0119 do nas! Ch\u0119tnie wykonamy bi\u017cuteri\u0119 wed\u0142ug indywidualnego projektu!","og_url":"https:\/\/schiffers.pl\/en\/atelier-2\/","og_site_name":"Schiffers","article_modified_time":"2026-02-25T17:39:20+00:00","og_image":[{"width":2000,"height":1333,"url":"https:\/\/schiffers.pl\/wp-content\/uploads\/2026\/02\/20250523-Radek-Zawadzki-Schiffers-Jewellery-027.jpg","type":"image\/jpeg"}],"twitter_card":"summary_large_image","twitter_misc":{"Est. reading time":"8 minutes"},"schema":{"@context":"https:\/\/schema.org","@graph":[{"@type":"WebPage","@id":"https:\/\/schiffers.pl\/atelier-2\/","url":"https:\/\/schiffers.pl\/atelier-2\/","name":"Projektowanie indywidualnej bi\u017cuterii na zam\u00f3wienie | Schiffers","isPartOf":{"@id":"https:\/\/schiffers.pl\/#website"},"primaryImageOfPage":{"@id":"https:\/\/schiffers.pl\/atelier-2\/#primaryimage"},"image":{"@id":"https:\/\/schiffers.pl\/atelier-2\/#primaryimage"},"thumbnailUrl":"https:\/\/schiffers.pl\/wp-content\/uploads\/2026\/02\/20250523-Radek-Zawadzki-Schiffers-Jewellery-027.jpg","datePublished":"2016-03-27T05:17:59+00:00","dateModified":"2026-02-25T17:39:20+00:00","description":"Chcesz posiada\u0107 wyj\u0105tkowy pier\u015bcionek czy bransoletk\u0119? Zg\u0142o\u015b si\u0119 do nas! Ch\u0119tnie wykonamy bi\u017cuteri\u0119 wed\u0142ug indywidualnego projektu!","breadcrumb":{"@id":"https:\/\/schiffers.pl\/atelier-2\/#breadcrumb"},"inLanguage":"en-US","potentialAction":[{"@type":"ReadAction","target":["https:\/\/schiffers.pl\/atelier-2\/"]}]},{"@type":"ImageObject","inLanguage":"en-US","@id":"https:\/\/schiffers.pl\/atelier-2\/#primaryimage","url":"https:\/\/schiffers.pl\/wp-content\/uploads\/2026\/02\/20250523-Radek-Zawadzki-Schiffers-Jewellery-027.jpg","contentUrl":"https:\/\/schiffers.pl\/wp-content\/uploads\/2026\/02\/20250523-Radek-Zawadzki-Schiffers-Jewellery-027.jpg","width":2000,"height":1333},{"@type":"BreadcrumbList","@id":"https:\/\/schiffers.pl\/atelier-2\/#breadcrumb","itemListElement":[{"@type":"ListItem","position":1,"name":"Strona g\u0142\u00f3wna","item":"https:\/\/schiffers.pl\/"},{"@type":"ListItem","position":2,"name":"Pracownia"}]},{"@type":"WebSite","@id":"https:\/\/schiffers.pl\/#website","url":"https:\/\/schiffers.pl\/","name":"Schiffers","description":"bi\u017cuteria","potentialAction":[{"@type":"SearchAction","target":{"@type":"EntryPoint","urlTemplate":"https:\/\/schiffers.pl\/?s={search_term_string}"},"query-input":{"@type":"PropertyValueSpecification","valueRequired":true,"valueName":"search_term_string"}}],"inLanguage":"en-US"}]}},"_links":{"self":[{"href":"https:\/\/schiffers.pl\/en\/wp-json\/wp\/v2\/pages\/3579","targetHints":{"allow":["GET"]}}],"collection":[{"href":"https:\/\/schiffers.pl\/en\/wp-json\/wp\/v2\/pages"}],"about":[{"href":"https:\/\/schiffers.pl\/en\/wp-json\/wp\/v2\/types\/page"}],"author":[{"embeddable":true,"href":"https:\/\/schiffers.pl\/en\/wp-json\/wp\/v2\/users\/4"}],"replies":[{"embeddable":true,"href":"https:\/\/schiffers.pl\/en\/wp-json\/wp\/v2\/comments?post=3579"}],"version-history":[{"count":35,"href":"https:\/\/schiffers.pl\/en\/wp-json\/wp\/v2\/pages\/3579\/revisions"}],"predecessor-version":[{"id":17654,"href":"https:\/\/schiffers.pl\/en\/wp-json\/wp\/v2\/pages\/3579\/revisions\/17654"}],"wp:featuredmedia":[{"embeddable":true,"href":"https:\/\/schiffers.pl\/en\/wp-json\/wp\/v2\/media\/18026"}],"wp:attachment":[{"href":"https:\/\/schiffers.pl\/en\/wp-json\/wp\/v2\/media?parent=3579"}],"curies":[{"name":"wp","href":"https:\/\/api.w.org\/{rel}","templated":true}]}}