{"id":17939,"date":"2026-01-02T08:52:58","date_gmt":"2026-01-02T07:52:58","guid":{"rendered":"https:\/\/schiffers.pl\/?page_id=17939"},"modified":"2026-02-25T18:35:07","modified_gmt":"2026-02-25T17:35:07","slug":"kontakt","status":"publish","type":"page","link":"https:\/\/schiffers.pl\/en\/kontakt\/","title":{"rendered":"Kontakt"},"content":{"rendered":"<p>Nie kupuj gotowej bi\u017cuterii \u2013 stw\u00f3rzmy j\u0105 razem. Najpi\u0119kniejsze projekty rodz\u0105 si\u0119 z rozmowy, ze zrozumienia, kim jeste\u015b i czego naprawd\u0119 szukasz. Zapraszamy Ci\u0119 wi\u0119c do naszej pracowni na warszawskiej Pradze \u2013 miejsca, w kt\u00f3rym od lat tworzymy bi\u017cuteri\u0119 \u0142\u0105cz\u0105c\u0105 tradycyjne rzemios\u0142o z indywidualnym podej\u015bciem do ka\u017cdego klienta.<\/p><h2 class=\"wp-block-heading\">Dlaczego warto spotka\u0107 si\u0119 osobi\u015bcie?<\/h2><p>Fizyczne spotkanie w pracowni to najlepsza droga do stworzenia bi\u017cuterii idealnej w\u0142a\u015bnie dla Ciebie. Podczas wizyty:<\/p><ul class=\"wp-block-list\"><li><strong>poznajemy si\u0119 i rozmawiamy<\/strong> \u2013 bez po\u015bpiechu, w kameralnej atmosferze. Opowiesz nam o swoich oczekaniach, inspiracjach, okazji, na kt\u00f3r\u0105 powstaje bi\u017cuteria;<\/li>\n\n<li><strong>widzisz proces tworzenia<\/strong> \u2013 mo\u017cesz zobaczy\u0107, jak powstaj\u0105 projekty, dotkn\u0105\u0107 materia\u0142\u00f3w, przymierzy\u0107 r\u00f3\u017cne formy i kamienie;<\/li>\n\n<li><strong>budujesz pewno\u015b\u0107<\/strong> \u2013 osobi\u015bcie poznasz osob\u0119, kt\u00f3ra stworzy dla Ciebie dzie\u0142o, co daje poczucie bezpiecze\u0144stwa i zaufania;<\/li>\n\n<li><strong>dopracowujemy szczeg\u00f3\u0142y <\/strong>\u2013 wsp\u00f3lnie szkicujemy, konsultujemy, zmieniamy \u2013 a\u017c projekt b\u0119dzie dok\u0142adnie taki, jak marzysz.<\/li><\/ul><p>To do\u015bwiadczenie, kt\u00f3re sprawia, \u017ce bi\u017cuteria staje si\u0119 nie tylko przedmiotem, ale opowie\u015bci\u0105 o Tobie.<\/p><h2 class=\"wp-block-heading\">A je\u015bli nie mo\u017cesz przyjecha\u0107?<\/h2><p>Rozumiemy, \u017ce nie zawsze wizyta w Warszawie jest mo\u017cliwa. W takim przypadku zapraszamy do kontaktu mailowego lub telefonicznego \u2013 zorganizujemy zdalne spotkanie projektowe przez rozmow\u0119 wideo lub mailow\u0105 wymian\u0119 inspiracji i szkic\u00f3w. Gotow\u0105 bi\u017cuteri\u0119 wy\u015bl\u0119 kurierem w eleganckim, bezpiecznym opakowaniu, z pe\u0142n\u0105 dokumentacj\u0105 i certyfikatem.<\/p><p>Napisz lub zadzwo\u0144 \u2013 z przyjemno\u015bci\u0105 odpowiemy na wszystkie pytania i um\u00f3wimy si\u0119 na spotkanie. Czekamy, by pozna\u0107 Twoj\u0105 histori\u0119 i stworzy\u0107 bi\u017cuteri\u0119, kt\u00f3ra zostanie z Tob\u0105 na pokolenia.<\/p><div class=\"wp-block-columns are-vertically-aligned-top p-kontakt is-layout-flex wp-container-core-columns-is-layout-1 wp-block-columns-is-layout-flex\"><div class=\"wp-block-column is-vertically-aligned-top is-layout-flow wp-block-column-is-layout-flow\"><h2 class=\"wp-block-heading\">Dane kontaktowe<\/h2>\n\n<p><strong>Adres:<\/strong><\/p>\n\n<p> ul. K\u0119pna 9, 03-730 Warszawa<\/p>\n\n<p><strong>Telefon:<\/strong><\/p>\n\n<p> <a href=\"tel:+48 668 430 288\">+48 668 430 288<\/a><\/p>\n\n<p><a href=\"tel:+48 602 267 736\">+48 602 267 736<\/a><\/p>\n\n<p><strong>Email:<\/strong><\/p>\n\n<p> <a href=\"mailto:info@schiffers.pl\">info@schiffers.pl<\/a><\/p>\n\n<p><strong>Godziny otwarcia:<\/strong><\/p>\n\n<p> Pon-pt: 10:00-18:00<\/p>\n\n<ul class=\"wp-block-social-links is-layout-flex wp-block-social-links-is-layout-flex\"><li class=\"wp-social-link wp-social-link-facebook  wp-block-social-link\"><a href=\"https:\/\/www.facebook.com\/schiffersjewellery\/\" class=\"wp-block-social-link-anchor\"><svg width=\"24\" height=\"24\" viewbox=\"0 0 24 24\" version=\"1.1\" xmlns=\"http:\/\/www.w3.org\/2000\/svg\" aria-hidden=\"true\" focusable=\"false\"><path d=\"M12 2C6.5 2 2 6.5 2 12c0 5 3.7 9.1 8.4 9.9v-7H7.9V12h2.5V9.8c0-2.5 1.5-3.9 3.8-3.9 1.1 0 2.2.2 2.2.2v2.5h-1.3c-1.2 0-1.6.8-1.6 1.6V12h2.8l-.4 2.9h-2.3v7C18.3 21.1 22 17 22 12c0-5.5-4.5-10-10-10z\"><\/path><\/svg><span class=\"wp-block-social-link-label screen-reader-text\">Facebook<\/span><\/a><\/li>\n\n<li class=\"wp-social-link wp-social-link-instagram  wp-block-social-link\"><a href=\"https:\/\/www.instagram.com\/schiffers_jewellery\/\" class=\"wp-block-social-link-anchor\"><svg width=\"24\" height=\"24\" viewbox=\"0 0 24 24\" version=\"1.1\" xmlns=\"http:\/\/www.w3.org\/2000\/svg\" aria-hidden=\"true\" focusable=\"false\"><path d=\"M12,4.622c2.403,0,2.688,0.009,3.637,0.052c0.877,0.04,1.354,0.187,1.671,0.31c0.42,0.163,0.72,0.358,1.035,0.673 c0.315,0.315,0.51,0.615,0.673,1.035c0.123,0.317,0.27,0.794,0.31,1.671c0.043,0.949,0.052,1.234,0.052,3.637 s-0.009,2.688-0.052,3.637c-0.04,0.877-0.187,1.354-0.31,1.671c-0.163,0.42-0.358,0.72-0.673,1.035 c-0.315,0.315-0.615,0.51-1.035,0.673c-0.317,0.123-0.794,0.27-1.671,0.31c-0.949,0.043-1.233,0.052-3.637,0.052 s-2.688-0.009-3.637-0.052c-0.877-0.04-1.354-0.187-1.671-0.31c-0.42-0.163-0.72-0.358-1.035-0.673 c-0.315-0.315-0.51-0.615-0.673-1.035c-0.123-0.317-0.27-0.794-0.31-1.671C4.631,14.688,4.622,14.403,4.622,12 s0.009-2.688,0.052-3.637c0.04-0.877,0.187-1.354,0.31-1.671c0.163-0.42,0.358-0.72,0.673-1.035 c0.315-0.315,0.615-0.51,1.035-0.673c0.317-0.123,0.794-0.27,1.671-0.31C9.312,4.631,9.597,4.622,12,4.622 M12,3 C9.556,3,9.249,3.01,8.289,3.054C7.331,3.098,6.677,3.25,6.105,3.472C5.513,3.702,5.011,4.01,4.511,4.511 c-0.5,0.5-0.808,1.002-1.038,1.594C3.25,6.677,3.098,7.331,3.054,8.289C3.01,9.249,3,9.556,3,12c0,2.444,0.01,2.751,0.054,3.711 c0.044,0.958,0.196,1.612,0.418,2.185c0.23,0.592,0.538,1.094,1.038,1.594c0.5,0.5,1.002,0.808,1.594,1.038 c0.572,0.222,1.227,0.375,2.185,0.418C9.249,20.99,9.556,21,12,21s2.751-0.01,3.711-0.054c0.958-0.044,1.612-0.196,2.185-0.418 c0.592-0.23,1.094-0.538,1.594-1.038c0.5-0.5,0.808-1.002,1.038-1.594c0.222-0.572,0.375-1.227,0.418-2.185 C20.99,14.751,21,14.444,21,12s-0.01-2.751-0.054-3.711c-0.044-0.958-0.196-1.612-0.418-2.185c-0.23-0.592-0.538-1.094-1.038-1.594 c-0.5-0.5-1.002-0.808-1.594-1.038c-0.572-0.222-1.227-0.375-2.185-0.418C14.751,3.01,14.444,3,12,3L12,3z M12,7.378 c-2.552,0-4.622,2.069-4.622,4.622S9.448,16.622,12,16.622s4.622-2.069,4.622-4.622S14.552,7.378,12,7.378z M12,15 c-1.657,0-3-1.343-3-3s1.343-3,3-3s3,1.343,3,3S13.657,15,12,15z M16.804,6.116c-0.596,0-1.08,0.484-1.08,1.08 s0.484,1.08,1.08,1.08c0.596,0,1.08-0.484,1.08-1.08S17.401,6.116,16.804,6.116z\"><\/path><\/svg><span class=\"wp-block-social-link-label screen-reader-text\">Instagram<\/span><\/a><\/li>\n\n<li class=\"wp-social-link wp-social-link-linkedin  wp-block-social-link\"><a href=\"https:\/\/www.linkedin.com\/in\/kacper-schiffers\/\" class=\"wp-block-social-link-anchor\"><svg width=\"24\" height=\"24\" viewbox=\"0 0 24 24\" version=\"1.1\" xmlns=\"http:\/\/www.w3.org\/2000\/svg\" aria-hidden=\"true\" focusable=\"false\"><path d=\"M19.7,3H4.3C3.582,3,3,3.582,3,4.3v15.4C3,20.418,3.582,21,4.3,21h15.4c0.718,0,1.3-0.582,1.3-1.3V4.3 C21,3.582,20.418,3,19.7,3z M8.339,18.338H5.667v-8.59h2.672V18.338z M7.004,8.574c-0.857,0-1.549-0.694-1.549-1.548 c0-0.855,0.691-1.548,1.549-1.548c0.854,0,1.547,0.694,1.547,1.548C8.551,7.881,7.858,8.574,7.004,8.574z M18.339,18.338h-2.669 v-4.177c0-0.996-0.017-2.278-1.387-2.278c-1.389,0-1.601,1.086-1.601,2.206v4.249h-2.667v-8.59h2.559v1.174h0.037 c0.356-0.675,1.227-1.387,2.526-1.387c2.703,0,3.203,1.779,3.203,4.092V18.338z\"><\/path><\/svg><span class=\"wp-block-social-link-label screen-reader-text\">LinkedIn<\/span><\/a><\/li>\n\n<li class=\"wp-social-link wp-social-link-google  wp-block-social-link\"><a href=\"https:\/\/www.google.com\/search?sca_esv=193255194e7c12f9&#038;sxsrf=AE3TifMMcgSsfRv5G0p1Yj8I97w3sUIrYQ:1759826852007&#038;uds=AOm0WdE2fekQnsyfYEw8JPYozOKzXQ1oi0HlQtMr7J34WdA-tWLiYU2gr7zuwMJz8p-hI5XqpKoMc8CS2FPMf0KAKaKJYvmIOy7ZuQlbqTaZd6NhZmyL8uBF-7lYvbp6OLDVbS-RV7ooTjtGY-tOg2jLTke5fqUmEkYE7XjI6Iwiem2V8s38Dwc&#038;si=AMgyJEtREmoPL4P1I5IDCfuA8gybfVI2d5Uj7QMwYCZHKDZ-E-O4-i1ASk_mz7DIACKJKb7q35u1FTg6lAWuEqRrE74HprQsZDcvoU_KoW8YL60UssXseeQ%3D&#038;q=Schiffers+Jewellery+Pracownia+Bi%C5%BCuterii+Opinie&#038;sa=X&#038;sqi=2&#038;ved=2ahUKEwiD-4Tz2ZGQAxV60wIHHeBPLdUQ3PALegQIWxAF\" class=\"wp-block-social-link-anchor\"><svg width=\"24\" height=\"24\" viewbox=\"0 0 24 24\" version=\"1.1\" xmlns=\"http:\/\/www.w3.org\/2000\/svg\" aria-hidden=\"true\" focusable=\"false\"><path d=\"M12.02,10.18v3.72v0.01h5.51c-0.26,1.57-1.67,4.22-5.5,4.22c-3.31,0-6.01-2.75-6.01-6.12s2.7-6.12,6.01-6.12 c1.87,0,3.13,0.8,3.85,1.48l2.84-2.76C16.99,2.99,14.73,2,12.03,2c-5.52,0-10,4.48-10,10s4.48,10,10,10c5.77,0,9.6-4.06,9.6-9.77 c0-0.83-0.11-1.42-0.25-2.05H12.02z\"><\/path><\/svg><span class=\"wp-block-social-link-label screen-reader-text\">Google<\/span><\/a><\/li><\/ul><\/div>\n\n<div class=\"wp-block-column is-vertically-aligned-top is-layout-flow wp-block-column-is-layout-flow\"><h2 class=\"wp-block-heading\">Um\u00f3w si\u0119 na konsultacj\u0119!<\/h2>\n\n<style id=\"wpforms-css-vars-17967\">\n\t\t\t\t#wpforms-17967 {\n\t\t\t\t--wpforms-container-padding: 0px;\n--wpforms-container-border-width: 1px;\n--wpforms-container-border-radius: 3px;\n--wpforms-background-color: rgba(0, 0, 0, 0);\n--wpforms-field-size-input-height: 43px;\n--wpforms-field-size-input-spacing: 15px;\n--wpforms-field-size-font-size: 16px;\n--wpforms-field-size-line-height: 19px;\n--wpforms-field-size-padding-h: 14px;\n--wpforms-field-size-checkbox-size: 16px;\n--wpforms-field-size-sublabel-spacing: 5px;\n--wpforms-field-size-icon-size: 1;\n--wpforms-label-size-font-size: 16px;\n--wpforms-label-size-line-height: 19px;\n--wpforms-label-size-sublabel-font-size: 14px;\n--wpforms-label-size-sublabel-line-height: 17px;\n--wpforms-button-size-font-size: 17px;\n--wpforms-button-size-height: 41px;\n--wpforms-button-size-padding-h: 15px;\n--wpforms-button-size-margin-top: 10px;\n--wpforms-container-shadow-size-box-shadow: none;\n\t\t\t}\n\t\t\t<\/style><div class=\"wpforms-container wpforms-container-full wpforms-render-modern\" id=\"wpforms-17967\"><form id=\"wpforms-form-17967\" class=\"wpforms-validate wpforms-form wpforms-ajax-form\" data-formid=\"17967\" method=\"post\" enctype=\"multipart\/form-data\" action=\"\/en\/wp-json\/wp\/v2\/pages\/17939\" data-token=\"a0d718000b83a97c8f79d3504c39aa02\" data-token-time=\"1776158718\" data-trp-original-action=\"\/en\/wp-json\/wp\/v2\/pages\/17939\"><noscript class=\"wpforms-error-noscript\">Please enable JavaScript in your browser to complete this form.<\/noscript><div id=\"wpforms-error-noscript\" style=\"display: none;\">Please enable JavaScript in your browser to complete this form.<\/div><div class=\"wpforms-field-container\"><div id=\"wpforms-17967-field_1-container\" class=\"wpforms-field wpforms-field-name\" data-field-id=\"1\"><fieldset><legend class=\"wpforms-field-label\">Dane osobowe <span class=\"wpforms-required-label\" aria-hidden=\"true\">*<\/span><\/legend><div class=\"wpforms-field-row wpforms-field-medium\"><div class=\"wpforms-field-row-block wpforms-first wpforms-one-half\"><input type=\"text\" id=\"wpforms-17967-field_1\" class=\"wpforms-field-name-first wpforms-field-required\" name=\"wpforms[fields][1][first]\" placeholder=\"Imi\u0119\" aria-errormessage=\"wpforms-17967-field_1-error\" required><label for=\"wpforms-17967-field_1\" class=\"wpforms-field-sublabel after wpforms-sublabel-hide\">First<\/label><\/div><div class=\"wpforms-field-row-block wpforms-one-half\"><input type=\"text\" id=\"wpforms-17967-field_1-last\" class=\"wpforms-field-name-last wpforms-field-required\" name=\"wpforms[fields][1][last]\" placeholder=\"Nazwisko\" aria-errormessage=\"wpforms-17967-field_1-last-error\" required><label for=\"wpforms-17967-field_1-last\" class=\"wpforms-field-sublabel after wpforms-sublabel-hide\">Last<\/label><\/div><\/div><\/fieldset><\/div><div id=\"wpforms-17967-field_2-container\" class=\"wpforms-field wpforms-field-email\" data-field-id=\"2\"><label class=\"wpforms-field-label\" for=\"wpforms-17967-field_2\">Adres e-mail <span class=\"wpforms-required-label\" aria-hidden=\"true\">*<\/span><\/label><input type=\"email\" id=\"wpforms-17967-field_2\" class=\"wpforms-field-medium wpforms-field-required\" name=\"wpforms[fields][2]\" placeholder=\"E-mail\" spellcheck=\"false\" aria-errormessage=\"wpforms-17967-field_2-error\" required><\/div>\t\t<div id=\"wpforms-17967-field_4-container\"\n\t\t\tclass=\"wpforms-field wpforms-field-text\"\n\t\t\tdata-field-type=\"text\"\n\t\t\tdata-field-id=\"4\"\n\t\t\t>\n\t\t\t<label class=\"wpforms-field-label\" for=\"wpforms-17967-field_4\" >osobowe Dane e-mail<\/label>\n\t\t\t<input type=\"text\" id=\"wpforms-17967-field_4\" class=\"wpforms-field-medium\" name=\"wpforms[fields][4]\" >\n\t\t<\/div>\n\t\t<div id=\"wpforms-17967-field_3-container\" class=\"wpforms-field wpforms-field-textarea\" data-field-id=\"3\"><label class=\"wpforms-field-label\" for=\"wpforms-17967-field_3\">Wiadomo\u015b\u0107<\/label><textarea id=\"wpforms-17967-field_3\" class=\"wpforms-field-medium\" name=\"wpforms[fields][3]\" aria-errormessage=\"wpforms-17967-field_3-error\" ><\/textarea><\/div><script>\n\t\t\t\t( function() {\n\t\t\t\t\tconst style = document.createElement( 'style' );\n\t\t\t\t\tstyle.appendChild( document.createTextNode( '#wpforms-17967-field_4-container { position: absolute !important; overflow: hidden !important; display: inline !important; height: 1px !important; width: 1px !important; z-index: -1000 !important; padding: 0 !important; } #wpforms-17967-field_4-container input { visibility: hidden; } #wpforms-conversational-form-page #wpforms-17967-field_4-container label { counter-increment: none; }' ) );\n\t\t\t\t\tdocument.head.appendChild( style );\n\t\t\t\t\tdocument.currentScript?.remove();\n\t\t\t\t} )();\n\t\t\t<\/script><\/div><!-- .wpforms-field-container --><div class=\"wpforms-submit-container\" ><input type=\"hidden\" name=\"wpforms[id]\" value=\"17967\"><input type=\"hidden\" name=\"page_title\" value=\"\"><input type=\"hidden\" name=\"page_url\" value=\"https:\/\/schiffers.pl\/en\/wp-json\/wp\/v2\/pages\/17939\"><input type=\"hidden\" name=\"url_referer\" value=\"\"><button type=\"submit\" name=\"wpforms[submit]\" id=\"wpforms-submit-17967\" class=\"wpforms-submit\" data-alt-text=\"Sending...\" data-submit-text=\"Um\u00f3w si\u0119!\" aria-live=\"assertive\" value=\"wpforms-submit\">Um\u00f3w si\u0119!<\/button><img loading=\"lazy\" decoding=\"async\" src=\"https:\/\/schiffers.pl\/wp-content\/plugins\/wpforms-lite\/assets\/images\/submit-spin.svg\" class=\"wpforms-submit-spinner\" style=\"display: none;\" width=\"26\" height=\"26\" alt=\"Loading\"><\/div><input type=\"hidden\" name=\"trp-form-language\" value=\"en\"\/><\/form><\/div>  <!-- .wpforms-container --><\/div><\/div><div class=\"wp-block-columns is-layout-flex wp-container-core-columns-is-layout-2 wp-block-columns-is-layout-flex\"><div class=\"wp-block-column is-layout-flow wp-block-column-is-layout-flow\"><iframe src=\"https:\/\/www.google.com\/maps\/embed?pb=!1m18!1m12!1m3!1d2442.6198570845236!2d21.037704299999994!3d52.25028809999999!2m3!1f0!2f0!3f0!3m2!1i1024!2i768!4f13.1!3m3!1m2!1s0x471ecd3ab159c4e5%3A0x12529f902a40e0b6!2sSchiffers%20Jewellery%20Pracownia%20Bi%C5%BCuterii!5e0!3m2!1spl!2spl!4v1767342042473!5m2!1spl!2spl\" width=\"100%\" height=\"450\" style=\"border:0;\" allowfullscreen=\"\" loading=\"lazy\" referrerpolicy=\"no-referrer-when-downgrade\"><\/iframe><\/div><\/div>","protected":false},"excerpt":{"rendered":"<p>Nie kupuj gotowej bi\u017cuterii \u2013 stw\u00f3rzmy j\u0105 razem. Najpi\u0119kniejsze projekty rodz\u0105 si\u0119 z rozmowy, ze zrozumienia, kim jeste\u015b i czego naprawd\u0119 szukasz. Zapraszamy Ci\u0119 wi\u0119c do naszej pracowni na warszawskiej Pradze \u2013 miejsca, w kt\u00f3rym od lat tworzymy bi\u017cuteri\u0119 \u0142\u0105cz\u0105c\u0105 tradycyjne rzemios\u0142o z indywidualnym podej\u015bciem do ka\u017cdego klienta. Dlaczego warto spotka\u0107 si\u0119 osobi\u015bcie? Fizyczne spotkanie [&hellip;]<\/p>","protected":false},"author":158,"featured_media":18024,"parent":0,"menu_order":0,"comment_status":"closed","ping_status":"closed","template":"","meta":{"footnotes":""},"class_list":["post-17939","page","type-page","status-publish","has-post-thumbnail","hentry"],"yoast_head":"<!-- This site is optimized with the Yoast SEO plugin v24.6 - https:\/\/yoast.com\/wordpress\/plugins\/seo\/ -->\n<title>Pracownia jubilerska - Warszawa | Kontakt | Schiffers<\/title>\n<meta name=\"description\" content=\"Um\u00f3w spotkanie w pracowni Schiffers na Pradze. Stworzymy razem wyj\u0105tkow\u0105 bi\u017cuteri\u0119 na zam\u00f3wienie \u2013 dok\u0142adnie tak\u0105, jakiej szukasz. Napisz lub zadzwo\u0144. Zapraszamy!\" \/>\n<meta name=\"robots\" content=\"index, follow, max-snippet:-1, max-image-preview:large, max-video-preview:-1\" \/>\n<link rel=\"canonical\" href=\"https:\/\/schiffers.pl\/en\/kontakt\/\" \/>\n<meta property=\"og:locale\" content=\"en_US\" \/>\n<meta property=\"og:type\" content=\"article\" \/>\n<meta property=\"og:title\" content=\"Pracownia jubilerska - Warszawa | Kontakt | Schiffers\" \/>\n<meta property=\"og:description\" content=\"Um\u00f3w spotkanie w pracowni Schiffers na Pradze. Stworzymy razem wyj\u0105tkow\u0105 bi\u017cuteri\u0119 na zam\u00f3wienie \u2013 dok\u0142adnie tak\u0105, jakiej szukasz. Napisz lub zadzwo\u0144. Zapraszamy!\" \/>\n<meta property=\"og:url\" content=\"https:\/\/schiffers.pl\/en\/kontakt\/\" \/>\n<meta property=\"og:site_name\" content=\"Schiffers\" \/>\n<meta property=\"article:modified_time\" content=\"2026-02-25T17:35:07+00:00\" \/>\n<meta property=\"og:image\" content=\"https:\/\/schiffers.pl\/wp-content\/uploads\/2026\/02\/20250523-Radek-Zawadzki-Schiffers-Jewellery-013.jpg\" \/>\n\t<meta property=\"og:image:width\" content=\"2000\" \/>\n\t<meta property=\"og:image:height\" content=\"1333\" \/>\n\t<meta property=\"og:image:type\" content=\"image\/jpeg\" \/>\n<meta name=\"twitter:card\" content=\"summary_large_image\" \/>\n<meta name=\"twitter:label1\" content=\"Est. reading time\" \/>\n\t<meta name=\"twitter:data1\" content=\"2 minutes\" \/>\n<script type=\"application\/ld+json\" class=\"yoast-schema-graph\">{\"@context\":\"https:\/\/schema.org\",\"@graph\":[{\"@type\":\"WebPage\",\"@id\":\"https:\/\/schiffers.pl\/kontakt\/\",\"url\":\"https:\/\/schiffers.pl\/kontakt\/\",\"name\":\"Pracownia jubilerska - Warszawa | Kontakt | Schiffers\",\"isPartOf\":{\"@id\":\"https:\/\/schiffers.pl\/#website\"},\"primaryImageOfPage\":{\"@id\":\"https:\/\/schiffers.pl\/kontakt\/#primaryimage\"},\"image\":{\"@id\":\"https:\/\/schiffers.pl\/kontakt\/#primaryimage\"},\"thumbnailUrl\":\"https:\/\/schiffers.pl\/wp-content\/uploads\/2026\/02\/20250523-Radek-Zawadzki-Schiffers-Jewellery-013.jpg\",\"datePublished\":\"2026-01-02T07:52:58+00:00\",\"dateModified\":\"2026-02-25T17:35:07+00:00\",\"description\":\"Um\u00f3w spotkanie w pracowni Schiffers na Pradze. Stworzymy razem wyj\u0105tkow\u0105 bi\u017cuteri\u0119 na zam\u00f3wienie \u2013 dok\u0142adnie tak\u0105, jakiej szukasz. Napisz lub zadzwo\u0144. Zapraszamy!\",\"breadcrumb\":{\"@id\":\"https:\/\/schiffers.pl\/kontakt\/#breadcrumb\"},\"inLanguage\":\"en-US\",\"potentialAction\":[{\"@type\":\"ReadAction\",\"target\":[\"https:\/\/schiffers.pl\/kontakt\/\"]}]},{\"@type\":\"ImageObject\",\"inLanguage\":\"en-US\",\"@id\":\"https:\/\/schiffers.pl\/kontakt\/#primaryimage\",\"url\":\"https:\/\/schiffers.pl\/wp-content\/uploads\/2026\/02\/20250523-Radek-Zawadzki-Schiffers-Jewellery-013.jpg\",\"contentUrl\":\"https:\/\/schiffers.pl\/wp-content\/uploads\/2026\/02\/20250523-Radek-Zawadzki-Schiffers-Jewellery-013.jpg\",\"width\":2000,\"height\":1333},{\"@type\":\"BreadcrumbList\",\"@id\":\"https:\/\/schiffers.pl\/kontakt\/#breadcrumb\",\"itemListElement\":[{\"@type\":\"ListItem\",\"position\":1,\"name\":\"Strona g\u0142\u00f3wna\",\"item\":\"https:\/\/schiffers.pl\/\"},{\"@type\":\"ListItem\",\"position\":2,\"name\":\"Kontakt\"}]},{\"@type\":\"WebSite\",\"@id\":\"https:\/\/schiffers.pl\/#website\",\"url\":\"https:\/\/schiffers.pl\/\",\"name\":\"Schiffers\",\"description\":\"bi\u017cuteria\",\"potentialAction\":[{\"@type\":\"SearchAction\",\"target\":{\"@type\":\"EntryPoint\",\"urlTemplate\":\"https:\/\/schiffers.pl\/?s={search_term_string}\"},\"query-input\":{\"@type\":\"PropertyValueSpecification\",\"valueRequired\":true,\"valueName\":\"search_term_string\"}}],\"inLanguage\":\"en-US\"}]}<\/script>\n<!-- \/ Yoast SEO plugin. -->","yoast_head_json":{"title":"Pracownia jubilerska - Warszawa | Kontakt | Schiffers","description":"Um\u00f3w spotkanie w pracowni Schiffers na Pradze. Stworzymy razem wyj\u0105tkow\u0105 bi\u017cuteri\u0119 na zam\u00f3wienie \u2013 dok\u0142adnie tak\u0105, jakiej szukasz. Napisz lub zadzwo\u0144. Zapraszamy!","robots":{"index":"index","follow":"follow","max-snippet":"max-snippet:-1","max-image-preview":"max-image-preview:large","max-video-preview":"max-video-preview:-1"},"canonical":"https:\/\/schiffers.pl\/en\/kontakt\/","og_locale":"en_US","og_type":"article","og_title":"Pracownia jubilerska - Warszawa | Kontakt | Schiffers","og_description":"Um\u00f3w spotkanie w pracowni Schiffers na Pradze. Stworzymy razem wyj\u0105tkow\u0105 bi\u017cuteri\u0119 na zam\u00f3wienie \u2013 dok\u0142adnie tak\u0105, jakiej szukasz. Napisz lub zadzwo\u0144. Zapraszamy!","og_url":"https:\/\/schiffers.pl\/en\/kontakt\/","og_site_name":"Schiffers","article_modified_time":"2026-02-25T17:35:07+00:00","og_image":[{"width":2000,"height":1333,"url":"https:\/\/schiffers.pl\/wp-content\/uploads\/2026\/02\/20250523-Radek-Zawadzki-Schiffers-Jewellery-013.jpg","type":"image\/jpeg"}],"twitter_card":"summary_large_image","twitter_misc":{"Est. reading time":"2 minutes"},"schema":{"@context":"https:\/\/schema.org","@graph":[{"@type":"WebPage","@id":"https:\/\/schiffers.pl\/kontakt\/","url":"https:\/\/schiffers.pl\/kontakt\/","name":"Pracownia jubilerska - Warszawa | Kontakt | Schiffers","isPartOf":{"@id":"https:\/\/schiffers.pl\/#website"},"primaryImageOfPage":{"@id":"https:\/\/schiffers.pl\/kontakt\/#primaryimage"},"image":{"@id":"https:\/\/schiffers.pl\/kontakt\/#primaryimage"},"thumbnailUrl":"https:\/\/schiffers.pl\/wp-content\/uploads\/2026\/02\/20250523-Radek-Zawadzki-Schiffers-Jewellery-013.jpg","datePublished":"2026-01-02T07:52:58+00:00","dateModified":"2026-02-25T17:35:07+00:00","description":"Um\u00f3w spotkanie w pracowni Schiffers na Pradze. Stworzymy razem wyj\u0105tkow\u0105 bi\u017cuteri\u0119 na zam\u00f3wienie \u2013 dok\u0142adnie tak\u0105, jakiej szukasz. Napisz lub zadzwo\u0144. Zapraszamy!","breadcrumb":{"@id":"https:\/\/schiffers.pl\/kontakt\/#breadcrumb"},"inLanguage":"en-US","potentialAction":[{"@type":"ReadAction","target":["https:\/\/schiffers.pl\/kontakt\/"]}]},{"@type":"ImageObject","inLanguage":"en-US","@id":"https:\/\/schiffers.pl\/kontakt\/#primaryimage","url":"https:\/\/schiffers.pl\/wp-content\/uploads\/2026\/02\/20250523-Radek-Zawadzki-Schiffers-Jewellery-013.jpg","contentUrl":"https:\/\/schiffers.pl\/wp-content\/uploads\/2026\/02\/20250523-Radek-Zawadzki-Schiffers-Jewellery-013.jpg","width":2000,"height":1333},{"@type":"BreadcrumbList","@id":"https:\/\/schiffers.pl\/kontakt\/#breadcrumb","itemListElement":[{"@type":"ListItem","position":1,"name":"Strona g\u0142\u00f3wna","item":"https:\/\/schiffers.pl\/"},{"@type":"ListItem","position":2,"name":"Kontakt"}]},{"@type":"WebSite","@id":"https:\/\/schiffers.pl\/#website","url":"https:\/\/schiffers.pl\/","name":"Schiffers","description":"bi\u017cuteria","potentialAction":[{"@type":"SearchAction","target":{"@type":"EntryPoint","urlTemplate":"https:\/\/schiffers.pl\/?s={search_term_string}"},"query-input":{"@type":"PropertyValueSpecification","valueRequired":true,"valueName":"search_term_string"}}],"inLanguage":"en-US"}]}},"_links":{"self":[{"href":"https:\/\/schiffers.pl\/en\/wp-json\/wp\/v2\/pages\/17939","targetHints":{"allow":["GET"]}}],"collection":[{"href":"https:\/\/schiffers.pl\/en\/wp-json\/wp\/v2\/pages"}],"about":[{"href":"https:\/\/schiffers.pl\/en\/wp-json\/wp\/v2\/types\/page"}],"author":[{"embeddable":true,"href":"https:\/\/schiffers.pl\/en\/wp-json\/wp\/v2\/users\/158"}],"replies":[{"embeddable":true,"href":"https:\/\/schiffers.pl\/en\/wp-json\/wp\/v2\/comments?post=17939"}],"version-history":[{"count":24,"href":"https:\/\/schiffers.pl\/en\/wp-json\/wp\/v2\/pages\/17939\/revisions"}],"predecessor-version":[{"id":18018,"href":"https:\/\/schiffers.pl\/en\/wp-json\/wp\/v2\/pages\/17939\/revisions\/18018"}],"wp:featuredmedia":[{"embeddable":true,"href":"https:\/\/schiffers.pl\/en\/wp-json\/wp\/v2\/media\/18024"}],"wp:attachment":[{"href":"https:\/\/schiffers.pl\/en\/wp-json\/wp\/v2\/media?parent=17939"}],"curies":[{"name":"wp","href":"https:\/\/api.w.org\/{rel}","templated":true}]}}