{"id":17680,"date":"2025-02-17T09:34:19","date_gmt":"2025-02-17T08:34:19","guid":{"rendered":"https:\/\/schiffers.pl\/?page_id=17680"},"modified":"2025-02-17T09:34:19","modified_gmt":"2025-02-17T08:34:19","slug":"renowacje-i-naprawa","status":"publish","type":"page","link":"https:\/\/schiffers.pl\/en\/renowacje-i-naprawa\/","title":{"rendered":"Renowacja i naprawa"},"content":{"rendered":"<div class=\"wpb-content-wrapper\"><div class=\"vc_row vc_custom_1669376600665\"><div class=\"wpb_column vc_column_container vc_col-sm-12\"><div class=\"vc_column-inner\"><div class=\"wpb_wrapper\"><div class=\"vc_row vc_inner\"><div class=\"text-center wpb_column vc_column_container vc_col-sm-12\"><div class=\"vc_column-inner\"><div class=\"wpb_wrapper\">\n\t<div class=\"wpb_text_column wpb_content_element pdng\" >\n\t\t<div class=\"wpb_wrapper\">\n\t\t\t<p>Regularne noszenie bi\u017cuterii nara\u017ca j\u0105 niestety na szybkie zu\u017cycie, a czasem nawet powa\u017cniejsze uszkodzenia. Aby nie dopu\u015bci\u0107 do utraty cennego kamienia czy przerwania bransolety, zaleca si\u0119 wykonywanie systematycznej konserwacji b\u0142yskotek. Jako \u017ce w Schiffers doskonale rozumiemy warto\u015b\u0107 bi\u017cuterii, w swojej ofercie posiadamy r\u00f3wnie\u017c us\u0142ug\u0119 jej profesjonalnej renowacji oraz naprawy. Przywr\u00f3cimy Twoim skarbom dawn\u0105 \u015bwietno\u015b\u0107!<\/p>\n\n\t\t<\/div>\n\t<\/div>\n<\/div><\/div><\/div><\/div><\/div><\/div><\/div><\/div><div class=\"vc_row pierscionki-zareczynowe atelier vc_custom_1669375245526 vc_row-o-equal-height vc_row-o-content-middle vc_row-flex\"><div class=\"description-col text-left wpb_column vc_column_container vc_col-sm-6\"><div class=\"vc_column-inner\"><div class=\"wpb_wrapper\">\n\t<div class=\"wpb_text_column wpb_content_element sp-justify pr-text-3\" >\n\t\t<div class=\"wpb_wrapper\">\n\t\t\t<h2>Renowacja bi\u017cuterii z\u0142otej i srebrnej \u2013 powierz to zadanie profesjonalistom<\/h2>\n<p>Z biegiem lat nawet najpi\u0119kniejsza bi\u017cuteria mo\u017ce straci\u0107 sw\u00f3j blask. \u015acieranie si\u0119 powierzchni, drobne rysy czy matowienie to naturalne procesy, kt\u00f3rym mo\u017cna skutecznie zaradzi\u0107. W Schiffers oferujemy m.in.:<\/p>\n<ul>\n<li>czyszczenie i polerowanie \u2013 usuwamy zanieczyszczenia, przywracaj\u0105c blask z\u0142ota, srebra oraz kamieni szlachetnych;<\/li>\n<li>rodowanie i poz\u0142acanie \u2013 odnawiamy warstwy z\u0142ota lub rodu.<\/li>\n<\/ul>\n<p>Masz w swoim posiadaniu modele bi\u017cuterii vintage lub rodzinne pami\u0105tki wymagaj\u0105ce odnowy? Powierz je w r\u0119ce ekspert\u00f3w Schiffers, kt\u00f3rzy przywr\u00f3c\u0105 im ich pierwotny wygl\u0105d! Je\u015bli natomiast pragniesz nada\u0107 tego rodzaju bi\u017cuterii nieco bardziej wsp\u00f3\u0142czesny charakter, r\u00f3wnie\u017c nie stanowi to dla nas wi\u0119kszego problemu \u2013 oferujemy mo\u017cliwo\u015b\u0107 subtelnej modyfikacji lub personalizacji zgodnie z preferencjami klienta.<\/p>\n\n\t\t<\/div>\n\t<\/div>\n<\/div><\/div><\/div><div class=\"image-col wpb_column vc_column_container vc_col-sm-3\"><div class=\"vc_column-inner\"><div class=\"wpb_wrapper\">\n\t<div  class=\"wpb_single_image wpb_content_element vc_align_center wpb_content_element\">\n\t\t\n\t\t<figure class=\"wpb_wrapper vc_figure\">\n\t\t\t<div class=\"vc_single_image-wrapper   vc_box_border_grey\"><img decoding=\"async\" class=\"vc_single_image-img\" src=\"https:\/\/schiffers.pl\/wp-content\/uploads\/2024\/07\/jubiler-podczas-pracy-308x271.jpeg\" width=\"308\" height=\"271\" alt=\"jubiler podczas pracy\" title=\"jubiler-podczas-pracy\" loading=\"lazy\" \/><\/div>\n\t\t<\/figure>\n\t<\/div>\n<\/div><\/div><\/div><div class=\"title wpb_column vc_column_container vc_col-sm-3\"><div class=\"vc_column-inner\"><div class=\"wpb_wrapper\">\n\t<div class=\"wpb_text_column wpb_content_element zarencz-title spero-line-title\" >\n\t\t<div class=\"wpb_wrapper\">\n\t\t\t<h3 style=\"text-align: center;\">RENOWACJE<\/h3>\n\n\t\t<\/div>\n\t<\/div>\n<\/div><\/div><\/div><\/div><div class=\"vc_row renowacja atelier vc_custom_1572459987661 vc_row-o-equal-height vc_row-o-content-middle vc_row-flex\"><div class=\"title wpb_column vc_column_container vc_col-sm-3\"><div class=\"vc_column-inner\"><div class=\"wpb_wrapper\">\n\t<div class=\"wpb_text_column wpb_content_element ren-title spero-line-title\" >\n\t\t<div class=\"wpb_wrapper\">\n\t\t\t<h3 style=\"text-align: center;\">NAPRAWA<\/h3>\n\n\t\t<\/div>\n\t<\/div>\n<\/div><\/div><\/div><div class=\"image-col wpb_column vc_column_container vc_col-sm-3\"><div class=\"vc_column-inner\"><div class=\"wpb_wrapper\">\n\t<div  class=\"wpb_single_image wpb_content_element vc_align_center wpb_content_element\">\n\t\t\n\t\t<figure class=\"wpb_wrapper vc_figure\">\n\t\t\t<div class=\"vc_single_image-wrapper   vc_box_border_grey\"><img decoding=\"async\" class=\"vc_single_image-img\" src=\"https:\/\/schiffers.pl\/wp-content\/uploads\/2024\/07\/obrobka-zlota-308x271.jpeg\" width=\"308\" height=\"271\" alt=\"obr\u00f3bka z\u0142ota\" title=\"obrobka-zlota\" loading=\"lazy\" \/><\/div>\n\t\t<\/figure>\n\t<\/div>\n<\/div><\/div><\/div><div class=\"description-col text-right wpb_column vc_column_container vc_col-sm-6\"><div class=\"vc_column-inner\"><div class=\"wpb_wrapper\">\n\t<div class=\"wpb_text_column wpb_content_element vc_custom_1739781166533 sp-justify pr-text-2\" >\n\t\t<div class=\"wpb_wrapper\">\n\t\t\t<h2>Naprawa srebrnej i z\u0142otej bi\u017cuterii w Warszawie \u2013 dlaczego wybra\u0107 Schiffers?<\/h2>\n<p>Wbrew cz\u0119stym obawom zg\u0142aszaj\u0105cych si\u0119 do nas klient\u00f3w uszkodzenie bi\u017cuterii nie zawsze musi oznacza\u0107 konieczno\u015bci zakupu nowej. Nasz warszawski zesp\u00f3\u0142 dokonuje napraw jubilerskich obejmuj\u0105cych m.in. lutowanie p\u0119kni\u0119tych \u0142a\u0144cuszk\u00f3w z\u0142otych i srebrnych, reperacj\u0119 zapi\u0119\u0107 oraz delikatnych element\u00f3w, (np. opraw\u0119 kamieni szlachetnych lub cyrkonii). Opr\u00f3cz tego w zakresie napraw bi\u017cuterii z\u0142otej i srebrnej proponujemy r\u00f3wnie\u017c korekt\u0119 rozmiar\u00f3w pier\u015bcionk\u00f3w czy te\u017c \u015blubnych obr\u0105czek.<\/p>\n<h2>Naprawy i renowacje. Obszar i schemat naszych dzia\u0142a\u0144<\/h2>\n<p>Ka\u017cda naprawa oraz renowacja, kt\u00f3rej podejmujemy si\u0119 w pracowni Schiffers, wykonywana jest z dba\u0142o\u015bci\u0105 o najmniejsze detale i zawsze zgodnie ze sztuk\u0105. Cena naprawy bi\u017cuterii z\u0142otej lub srebrnej u jubilera Schiffers z Warszawy uzale\u017cniona b\u0119dzie od z\u0142o\u017cono\u015bci uszkodzenia, a tak\u017ce potrzebnych do tego zadania materia\u0142\u00f3w.<\/p>\n\n\t\t<\/div>\n\t<\/div>\n<\/div><\/div><\/div><\/div><div class=\"vc_row\"><div class=\"wpb_column vc_column_container vc_col-sm-12\"><div class=\"vc_column-inner\"><div class=\"wpb_wrapper\"><div class=\"vc_row vc_inner\"><div class=\"text-center wpb_column vc_column_container vc_col-sm-12\"><div class=\"vc_column-inner\"><div class=\"wpb_wrapper\">\n\t<div class=\"wpb_text_column wpb_content_element\" >\n\t\t<div class=\"wpb_wrapper\">\n\t\t\t<p style=\"text-align: center; font-size: 14px;\"><strong>Us\u0142ugi z zakresu napraw b\u0105d\u017a te\u017c renowacji bi\u017cuterii srebrnej i z\u0142otej wykonujemy na terenie Warszawy, a skorzysta\u0107 z nich mog\u0105 mieszka\u0144cy wszystkich dzielnic stolicy, m.in. Bemowa, Bielan, Centrum, Mokotowa, Tarchomina, Ursynowa, Woli, Ochoty, \u015ar\u00f3dmie\u015bcia, Pragi P\u00f3\u0142noc, Pragi Po\u0142udnie czy te\u017c Targ\u00f3wka. Dzi\u0119ki d\u0142ugoletniemu do\u015bwiadczeniu jeste\u015bmy w stanie nie tylko przywr\u00f3ci\u0107 dawny blask Twoim b\u0142yskotkom, ale r\u00f3wnie\u017c poradzi\u0107 sobie z ich powa\u017cniejszymi uszkodzeniami. <\/strong><\/p>\n\n\t\t<\/div>\n\t<\/div>\n<\/div><\/div><\/div><\/div><\/div><\/div><\/div><\/div>\n<\/div>","protected":false},"excerpt":{"rendered":"Regularne noszenie bi\u017cuterii nara\u017ca j\u0105 niestety na szybkie zu\u017cycie, a czasem nawet powa\u017cniejsze uszkodzenia. Aby nie dopu\u015bci\u0107 do utraty cennego kamienia czy przerwania bransolety, zaleca si\u0119 wykonywanie systematycznej konserwacji b\u0142yskotek. Jako \u017ce w Schiffers doskonale rozumiemy warto\u015b\u0107 bi\u017cuterii, w swojej ofercie posiadamy r\u00f3wnie\u017c us\u0142ug\u0119 jej profesjonalnej renowacji oraz naprawy. Przywr\u00f3cimy Twoim skarbom dawn\u0105 \u015bwietno\u015b\u0107! Renowacja [...]","protected":false},"author":7,"featured_media":17203,"parent":0,"menu_order":0,"comment_status":"closed","ping_status":"closed","template":"","meta":{"footnotes":""},"class_list":["post-17680","page","type-page","status-publish","has-post-thumbnail","hentry"],"yoast_head":"<!-- This site is optimized with the Yoast SEO plugin v24.6 - https:\/\/yoast.com\/wordpress\/plugins\/seo\/ -->\n<title>Naprawa bi\u017cuterii - Warszawa | Schiffers<\/title>\n<meta name=\"description\" content=\"Potrzebujesz profesjonalnej renowacji swojej z\u0142otej bi\u017cuterii? W Warszawie oferujemy us\u0142ugi z zakresu napraw wyrob\u00f3w z\u0142otniczych, przywracaj\u0105c im dawn\u0105 \u015bwietno\u015b\u0107.\" \/>\n<meta name=\"robots\" content=\"index, follow, max-snippet:-1, max-image-preview:large, max-video-preview:-1\" \/>\n<link rel=\"canonical\" href=\"https:\/\/schiffers.pl\/en\/renowacje-i-naprawa\/\" \/>\n<meta property=\"og:locale\" content=\"en_US\" \/>\n<meta property=\"og:type\" content=\"article\" \/>\n<meta property=\"og:title\" content=\"Naprawa bi\u017cuterii - Warszawa | Schiffers\" \/>\n<meta property=\"og:description\" content=\"Potrzebujesz profesjonalnej renowacji swojej z\u0142otej bi\u017cuterii? W Warszawie oferujemy us\u0142ugi z zakresu napraw wyrob\u00f3w z\u0142otniczych, przywracaj\u0105c im dawn\u0105 \u015bwietno\u015b\u0107.\" \/>\n<meta property=\"og:url\" content=\"https:\/\/schiffers.pl\/en\/renowacje-i-naprawa\/\" \/>\n<meta property=\"og:site_name\" content=\"Schiffers\" \/>\n<meta property=\"og:image\" content=\"https:\/\/schiffers.pl\/wp-content\/uploads\/2024\/06\/1450248-1.jpg\" \/>\n\t<meta property=\"og:image:width\" content=\"2103\" \/>\n\t<meta property=\"og:image:height\" content=\"1682\" \/>\n\t<meta property=\"og:image:type\" content=\"image\/jpeg\" \/>\n<meta name=\"twitter:card\" content=\"summary_large_image\" \/>\n<meta name=\"twitter:label1\" content=\"Est. reading time\" \/>\n\t<meta name=\"twitter:data1\" content=\"3 minutes\" \/>\n<script type=\"application\/ld+json\" class=\"yoast-schema-graph\">{\"@context\":\"https:\/\/schema.org\",\"@graph\":[{\"@type\":\"WebPage\",\"@id\":\"https:\/\/schiffers.pl\/renowacje-i-naprawa\/\",\"url\":\"https:\/\/schiffers.pl\/renowacje-i-naprawa\/\",\"name\":\"Naprawa bi\u017cuterii - Warszawa | Schiffers\",\"isPartOf\":{\"@id\":\"https:\/\/schiffers.pl\/#website\"},\"primaryImageOfPage\":{\"@id\":\"https:\/\/schiffers.pl\/renowacje-i-naprawa\/#primaryimage\"},\"image\":{\"@id\":\"https:\/\/schiffers.pl\/renowacje-i-naprawa\/#primaryimage\"},\"thumbnailUrl\":\"https:\/\/schiffers.pl\/wp-content\/uploads\/2024\/06\/1450248-1.jpg\",\"datePublished\":\"2025-02-17T08:34:19+00:00\",\"description\":\"Potrzebujesz profesjonalnej renowacji swojej z\u0142otej bi\u017cuterii? W Warszawie oferujemy us\u0142ugi z zakresu napraw wyrob\u00f3w z\u0142otniczych, przywracaj\u0105c im dawn\u0105 \u015bwietno\u015b\u0107.\",\"breadcrumb\":{\"@id\":\"https:\/\/schiffers.pl\/renowacje-i-naprawa\/#breadcrumb\"},\"inLanguage\":\"en-US\",\"potentialAction\":[{\"@type\":\"ReadAction\",\"target\":[\"https:\/\/schiffers.pl\/renowacje-i-naprawa\/\"]}]},{\"@type\":\"ImageObject\",\"inLanguage\":\"en-US\",\"@id\":\"https:\/\/schiffers.pl\/renowacje-i-naprawa\/#primaryimage\",\"url\":\"https:\/\/schiffers.pl\/wp-content\/uploads\/2024\/06\/1450248-1.jpg\",\"contentUrl\":\"https:\/\/schiffers.pl\/wp-content\/uploads\/2024\/06\/1450248-1.jpg\",\"width\":2103,\"height\":1682,\"caption\":\"Praca nad pier\u015bcionkiem\"},{\"@type\":\"BreadcrumbList\",\"@id\":\"https:\/\/schiffers.pl\/renowacje-i-naprawa\/#breadcrumb\",\"itemListElement\":[{\"@type\":\"ListItem\",\"position\":1,\"name\":\"Strona g\u0142\u00f3wna\",\"item\":\"https:\/\/schiffers.pl\/\"},{\"@type\":\"ListItem\",\"position\":2,\"name\":\"Renowacja i naprawa\"}]},{\"@type\":\"WebSite\",\"@id\":\"https:\/\/schiffers.pl\/#website\",\"url\":\"https:\/\/schiffers.pl\/\",\"name\":\"Schiffers\",\"description\":\"bi\u017cuteria\",\"potentialAction\":[{\"@type\":\"SearchAction\",\"target\":{\"@type\":\"EntryPoint\",\"urlTemplate\":\"https:\/\/schiffers.pl\/?s={search_term_string}\"},\"query-input\":{\"@type\":\"PropertyValueSpecification\",\"valueRequired\":true,\"valueName\":\"search_term_string\"}}],\"inLanguage\":\"en-US\"}]}<\/script>\n<!-- \/ Yoast SEO plugin. -->","yoast_head_json":{"title":"Naprawa bi\u017cuterii - Warszawa | Schiffers","description":"Potrzebujesz profesjonalnej renowacji swojej z\u0142otej bi\u017cuterii? W Warszawie oferujemy us\u0142ugi z zakresu napraw wyrob\u00f3w z\u0142otniczych, przywracaj\u0105c im dawn\u0105 \u015bwietno\u015b\u0107.","robots":{"index":"index","follow":"follow","max-snippet":"max-snippet:-1","max-image-preview":"max-image-preview:large","max-video-preview":"max-video-preview:-1"},"canonical":"https:\/\/schiffers.pl\/en\/renowacje-i-naprawa\/","og_locale":"en_US","og_type":"article","og_title":"Naprawa bi\u017cuterii - Warszawa | Schiffers","og_description":"Potrzebujesz profesjonalnej renowacji swojej z\u0142otej bi\u017cuterii? W Warszawie oferujemy us\u0142ugi z zakresu napraw wyrob\u00f3w z\u0142otniczych, przywracaj\u0105c im dawn\u0105 \u015bwietno\u015b\u0107.","og_url":"https:\/\/schiffers.pl\/en\/renowacje-i-naprawa\/","og_site_name":"Schiffers","og_image":[{"width":2103,"height":1682,"url":"https:\/\/schiffers.pl\/wp-content\/uploads\/2024\/06\/1450248-1.jpg","type":"image\/jpeg"}],"twitter_card":"summary_large_image","twitter_misc":{"Est. reading time":"3 minutes"},"schema":{"@context":"https:\/\/schema.org","@graph":[{"@type":"WebPage","@id":"https:\/\/schiffers.pl\/renowacje-i-naprawa\/","url":"https:\/\/schiffers.pl\/renowacje-i-naprawa\/","name":"Naprawa bi\u017cuterii - Warszawa | Schiffers","isPartOf":{"@id":"https:\/\/schiffers.pl\/#website"},"primaryImageOfPage":{"@id":"https:\/\/schiffers.pl\/renowacje-i-naprawa\/#primaryimage"},"image":{"@id":"https:\/\/schiffers.pl\/renowacje-i-naprawa\/#primaryimage"},"thumbnailUrl":"https:\/\/schiffers.pl\/wp-content\/uploads\/2024\/06\/1450248-1.jpg","datePublished":"2025-02-17T08:34:19+00:00","description":"Potrzebujesz profesjonalnej renowacji swojej z\u0142otej bi\u017cuterii? W Warszawie oferujemy us\u0142ugi z zakresu napraw wyrob\u00f3w z\u0142otniczych, przywracaj\u0105c im dawn\u0105 \u015bwietno\u015b\u0107.","breadcrumb":{"@id":"https:\/\/schiffers.pl\/renowacje-i-naprawa\/#breadcrumb"},"inLanguage":"en-US","potentialAction":[{"@type":"ReadAction","target":["https:\/\/schiffers.pl\/renowacje-i-naprawa\/"]}]},{"@type":"ImageObject","inLanguage":"en-US","@id":"https:\/\/schiffers.pl\/renowacje-i-naprawa\/#primaryimage","url":"https:\/\/schiffers.pl\/wp-content\/uploads\/2024\/06\/1450248-1.jpg","contentUrl":"https:\/\/schiffers.pl\/wp-content\/uploads\/2024\/06\/1450248-1.jpg","width":2103,"height":1682,"caption":"Praca nad pier\u015bcionkiem"},{"@type":"BreadcrumbList","@id":"https:\/\/schiffers.pl\/renowacje-i-naprawa\/#breadcrumb","itemListElement":[{"@type":"ListItem","position":1,"name":"Strona g\u0142\u00f3wna","item":"https:\/\/schiffers.pl\/"},{"@type":"ListItem","position":2,"name":"Renowacja i naprawa"}]},{"@type":"WebSite","@id":"https:\/\/schiffers.pl\/#website","url":"https:\/\/schiffers.pl\/","name":"Schiffers","description":"bi\u017cuteria","potentialAction":[{"@type":"SearchAction","target":{"@type":"EntryPoint","urlTemplate":"https:\/\/schiffers.pl\/?s={search_term_string}"},"query-input":{"@type":"PropertyValueSpecification","valueRequired":true,"valueName":"search_term_string"}}],"inLanguage":"en-US"}]}},"_links":{"self":[{"href":"https:\/\/schiffers.pl\/en\/wp-json\/wp\/v2\/pages\/17680","targetHints":{"allow":["GET"]}}],"collection":[{"href":"https:\/\/schiffers.pl\/en\/wp-json\/wp\/v2\/pages"}],"about":[{"href":"https:\/\/schiffers.pl\/en\/wp-json\/wp\/v2\/types\/page"}],"author":[{"embeddable":true,"href":"https:\/\/schiffers.pl\/en\/wp-json\/wp\/v2\/users\/7"}],"replies":[{"embeddable":true,"href":"https:\/\/schiffers.pl\/en\/wp-json\/wp\/v2\/comments?post=17680"}],"version-history":[{"count":3,"href":"https:\/\/schiffers.pl\/en\/wp-json\/wp\/v2\/pages\/17680\/revisions"}],"predecessor-version":[{"id":17683,"href":"https:\/\/schiffers.pl\/en\/wp-json\/wp\/v2\/pages\/17680\/revisions\/17683"}],"wp:featuredmedia":[{"embeddable":true,"href":"https:\/\/schiffers.pl\/en\/wp-json\/wp\/v2\/media\/17203"}],"wp:attachment":[{"href":"https:\/\/schiffers.pl\/en\/wp-json\/wp\/v2\/media?parent=17680"}],"curies":[{"name":"wp","href":"https:\/\/api.w.org\/{rel}","templated":true}]}}