{"id":16846,"date":"2023-05-08T16:31:30","date_gmt":"2023-05-08T14:31:30","guid":{"rendered":"https:\/\/schiffers.pl\/?page_id=16846"},"modified":"2023-05-08T16:32:54","modified_gmt":"2023-05-08T14:32:54","slug":"polityka-cookies","status":"publish","type":"page","link":"https:\/\/schiffers.pl\/en\/polityka-cookies\/","title":{"rendered":"Polityka Cookies"},"content":{"rendered":"<h1 style=\"text-align: left;\">POLITYKA COOKIES<\/h1>\n<p style=\"text-align: justify;\">Korzystamy z plik&oacute;w cookies w celu poprawienia efektywno\u015bci i zaproponowania U\u017cytkownikowi coraz doskonalszych funkcjonalno\u015bci serwisu internetowego <strong>www.schiffers.pl<\/strong> (dalej jako Serwis) oraz bardziej dopasowanych do U\u017cytkownika tre\u015bci. W celu zapewnienia przejrzysto\u015bci dzia\u0142a\u0144 zostaje przyj\u0119ta niniejsza Polityka Cookies, kt&oacute;ra okre\u015bla szczeg&oacute;\u0142owe zasady korzystania przez Serwis internetowy z plik&oacute;w cookies.<\/p>\n<p style=\"text-align: justify;\">Dane za pomoc\u0105 plik&oacute;w cookies gromadzone s\u0105 przez <strong>SCHIFFERS KACPER<\/strong>, adres <strong>Jod\u0142owa (1)\/53, 05-077&nbsp;<\/strong><strong>Warszawa<\/strong>, numer NIP: <strong>5241174827<\/strong>, numer REGON: <strong>015205319<\/strong>. W przypadku stwierdzenia, \u017ce dane zawarte w plikach cookies s\u0105 danymi osobowymi <strong>SCHIFFERS KACPER<\/strong> uznawany jest za Administratora danych, za\u015b U\u017cytkownikowi przys\u0142uguj\u0105 wszystkie uprawnienia zawarte w <a href=\"\/en\/polityka-prywatnosci\/\" target=\"_blank\" rel=\"noopener\"><span style=\"text-decoration: underline;\">Polityce Prywatno\u015bci<\/span><\/a>.<\/p>\n<p style=\"text-align: justify;\">U\u017cytkownikiem jest ka\u017cda osoba, kt&oacute;rej dane dotycz\u0105, korzystaj\u0105ca z naszego Serwisu internetowego oraz innych powi\u0105zanych z nim witryn, komunikacji oraz us\u0142ug (dalej jako <em>U\u017cytkownik<\/em>).<\/p>\n<ol>\n<li style=\"text-align: justify;\">PLIKI COOKIES\n<p>Pliki cookies (&bdquo;ciasteczka&rdquo;) to fragmenty kodu, kt&oacute;re s\u0105 plikami tekstowymi odpowiadaj\u0105cymi zapytaniom HTTP kierowanym do naszego serwera. Pliki te zapisywane s\u0105 przez ka\u017cd\u0105 przegl\u0105dark\u0119, z kt&oacute;rej U\u017cytkownik odwiedza nasz Serwis. Dzi\u0119ki informacjom zawartym w plikach cookies wiemy, w jaki spos&oacute;b U\u017cytkownicy korzystaj\u0105 z naszego Serwisu.<\/p>\n<p>Pliki cookies s\u0142u\u017c\u0105 nam do zapewnienia optymalnej obs\u0142ugi wizyty U\u017cytkownika w Serwisie oraz umo\u017cliwiaj\u0105 szybszy i \u0142atwiejszy dost\u0119p do informacji, a tak\u017ce w celu zaproponowania U\u017cytkownikowi coraz doskonalszych funkcjonalno\u015bci Serwisu internetowego oraz bardziej dopasowanych do U\u017cytkownika tre\u015bci.<\/p>\n<p>Przechowywana informacja lub uzyskiwanie do niej dost\u0119pu nie powoduje zmian konfiguracyjnych w urz\u0105dzeniu U\u017cytkownika i oprogramowaniu na nim zainstalowanym.<\/p>\n<p>Informacje zawarte w plikach cookies uznawane s\u0105 za dane osobowe jedynie w powi\u0105zaniu z innymi danymi osobowymi dost\u0119pnymi na temat danego U\u017cytkownika. My za pomoc\u0105 plik&oacute;w cookies staramy si\u0119 zbiera\u0107 o U\u017cytkowniku jedynie anonimowe dane, s\u0142u\u017c\u0105ce do wygody korzystania z portalu oraz minimalizacji uci\u0105\u017cliwo\u015bci reklam.<\/p>\n<\/li>\n<li style=\"text-align: justify;\">RODZAJE I CELE KORZYSTANIA Z PLIK&Oacute;W COOKIES\n<p>Korzystamy z plik&oacute;w cookies i innych podobnych technologii w celu rozpoznawania U\u017cytkownika podczas jego wizyt w naszym Serwisie, zapami\u0119tywania jego preferencji oraz wy\u015bwietlania mu odpowiednich, dostosowanych do niego tre\u015bci. Dzi\u0119ki plikom cookies interakcje U\u017cytkownika z nami s\u0105 szybsze i bardziej skuteczne. Ponadto pliki cookies umo\u017cliwiaj\u0105 nam prezentowanie U\u017cytkownikowi dopasowanych do niego tre\u015bci, bez konieczno\u015bci przeprowadzania ankiet.<\/p>\n<p>W Serwisie wykorzystywane s\u0105 dwa rodzaje plik&oacute;w cookies:<\/p>\n<ul>\n<li>Cookies sesyjne &ndash; s\u0105 to pliki tymczasowe, kt&oacute;re pozostaj\u0105 na urz\u0105dzeniu U\u017cytkownika a\u017c do opuszczenia przez niego Serwisu lub wy\u0142\u0105czenia przegl\u0105darki internetowej. W takim przypadku informacje zapisane w plikach cookies sesyjnych s\u0105 automatycznie usuwane.<\/li>\n<li>Cookies sta\u0142e (permanentne) &ndash; s\u0105 to pliki, kt&oacute;re pozostaj\u0105 na urz\u0105dzeniu U\u017cytkownika przez okre\u015blony w parametrach plik&oacute;w cookies okres lub do momentu ich r\u0119cznego usuni\u0119cia.<\/li>\n<\/ul>\n<p>W obszarze Serwisu wykorzystywane s\u0105 r&oacute;wnie\u017c inne dost\u0119pne technologie, pozwalaj\u0105ce na zapisywanie informacji w przegl\u0105darce w odpowiednich magazynach danych (Session Storage, Local Storage), a tak\u017ce umieszczane s\u0105 w fragmenty kod&oacute;w narz\u0119dzi analitycznych dostarczanych przez innych dostawc&oacute;w, kt&oacute;re umo\u017cliwiaj\u0105 zapisanie plik&oacute;w cookies w domenach tych us\u0142ug.<\/p>\n<p>Poni\u017cej opisane zosta\u0142y poszczeg&oacute;lne kategorie cookies, kt&oacute;re s\u0105 wykorzystywane w naszym Serwisie:<\/p>\n<p><strong>Cookies techniczne<\/strong>&nbsp;&ndash; s\u0105 niezb\u0119dne, aby strona Serwisu mog\u0142a dzia\u0142a\u0107 prawid\u0142owo. Odnosz\u0105 si\u0119 one do funkcjonalno\u015bci naszych witryn internetowych i pozwalaj\u0105 nam ulepszy\u0107 us\u0142ugi, kt&oacute;re oferujemy za po\u015brednictwem naszych witryn internetowych, na przyk\u0142ad poprzez umo\u017cliwienie przenoszenia informacji mi\u0119dzy stronami naszej witryny internetowej, aby unikn\u0105\u0107 konieczno\u015bci ponownego wprowadzania informacji, lub rozpoznaj\u0105c preferencje U\u017cytkownika po powrocie na stron\u0119 naszego Serwisu.<\/p>\n<p>Wykorzystujemy je w celu:<\/p>\n<ul>\n<li>zapewnienia bezpiecze\u0144stwa;<\/li>\n<li>utrzymania sesji, kiedy U\u017cytkownik odwiedza i loguje si\u0119 do swojego konta klienta;<\/li>\n<li>zapewnienia odpowiedniego wy\u015bwietlanie strony &ndash; w zale\u017cno\u015bci od tego, z jakiego urz\u0105dzenia korzysta U\u017cytkownik;<\/li>\n<li>dostosowywania naszych us\u0142ug do wybor&oacute;w&nbsp;U\u017cytkownika;<\/li>\n<li>zapami\u0119tania, czy U\u017cytkownik wyra\u017ca zgod\u0119 na wy\u015bwietlanie niekt&oacute;rych tre\u015bci.<\/li>\n<\/ul>\n<p><strong>Cookies analityczne<\/strong>&nbsp;&ndash; pozwalaj\u0105 nam rozpozna\u0107 i policzy\u0107 liczb\u0119 U\u017cytkownik&oacute;w odwiedzaj\u0105cych nasz Serwis, zobaczy\u0107, w jaki spos&oacute;b odwiedzaj\u0105cy poruszaj\u0105 si\u0119 po Serwisie, gdy z niego korzystaj\u0105 oraz rejestrowa\u0107, kt&oacute;re tre\u015bci przegl\u0105daj\u0105 i kt&oacute;rymi s\u0105 zainteresowani. Pomaga nam to okre\u015bli\u0107, jak cz\u0119sto strony i reklamy s\u0105 odwiedzane oraz kt&oacute;re obszary naszego Serwisu s\u0105 najpopularniejsze. Umo\u017cliwia nam to ulepszanie oferowanych us\u0142ug, sprawiaj\u0105c \u017ce nasi U\u017cytkownicy znajduj\u0105 informacje, kt&oacute;rych szukaj\u0105. S\u0105 one r&oacute;wnie\u017c niezb\u0119dne,&nbsp;aby&nbsp;rozlicza\u0107 si\u0119 z naszymi Zaufanymi Partnerami, mierzy\u0107 efektywno\u015b\u0107 naszych dzia\u0142a\u0144 marketingowych bez identyfikacji danych osobowych.<\/p>\n<p>Wykorzystujemy je w celu:<\/p>\n<ul>\n<li>badania statystyk dotycz\u0105cych ruchu na stronie oraz sprawdzania \u017ar&oacute;d\u0142a ruchu (kierunki przekierowania);<\/li>\n<li>wykrywania r&oacute;\u017cnego rodzaju nadu\u017cy\u0107 np. sztuczny ruch internetowy (boty), ataki ddos;<\/li>\n<li>ograniczenia niepo\u017c\u0105danych dzia\u0142a\u0144 marketingowych;<\/li>\n<li>mierzenia skuteczno\u015bci akcji marketingowych prowadzonych na rzecz Serwisu, np. w sieci reklamowej Google, w programach partnerskich, na zewn\u0119trznych stronach internetowych;<\/li>\n<li>rozliczania si\u0119 z Zaufanymi Partnerami za us\u0142ugi reklamowe w oparciu o aktywno\u015b\u0107 u\u017cytkownika np. klikni\u0119cia.<\/li>\n&nbsp;<\/ul>\n<p>Cookies marketingowe&nbsp;&ndash; s\u0105 u\u017cywane, gdy U\u017cytkownik wyrazi na to zgod\u0119 i tylko wtedy gdy zastosowane przez nasz Serwis funkcjonalno\u015bci oraz formy reklamy tego wymagaj\u0105.<\/p>\n<p>Wykorzystujemy je w celu:<\/p>\n<ul>\n<li>wy\u015bwietlania reklam, kt&oacute;re s\u0105 istotne i interesuj\u0105ce dla konkretnego u\u017cytkownika. Dotycz\u0105 profilowania reklam wy\u015bwietlanych zar&oacute;wno na zewn\u0119trznych serwisach internetowych, jak i na stronie naszego Serwisu, stosownie do preferencji u\u017cytkownik&oacute;w w zakresie wyboru towar&oacute;w, na podstawie danych posiadanych przez Serwis, w tym zachowania u\u017cytkownik&oacute;w w Serwisie.&nbsp;<\/li>\n<\/ul>\n<p>Wchodz\u0105c na stron\u0119 Serwisu, U\u017cytkownik mo\u017ce nie zgodzi\u0107 si\u0119 na korzystanie z plik&oacute;w cookies analitycznych i marketingowych. W&oacute;wczas nie b\u0119dziemy mogli prowadzi\u0107 szczeg&oacute;\u0142owych statystyk oraz dostosowywa\u0107 naszych reklam w oparciu o informacje zebrane w naszym Serwisie. Nadal jednak b\u0119d\u0105 wy\u015bwietlane reklamy o charakterze og&oacute;lnym zar&oacute;wno na stronie Serwisu, jak i na innych serwisach internetowych.<\/p>\n<p>Do emisji reklam w Internecie, a tak\u017ce w zakresie innych narz\u0119dzi takich jak Google reCAPTCHA (narz\u0119dzie do ochrony przed spamem), wykorzystujemy technologie dostarczane przez firmy Google i Meta (Facebook), dlatego zwr&oacute;\u0107 uwag\u0119, czy wyra\u017casz zgod\u0119 na stosowanie tych narz\u0119dzi, w tym profilowanie reklam w Internecie i na Facebooku. Mo\u017cesz sprawdzi\u0107 oraz zarz\u0105dza\u0107 swoimi ustawieniami prywatno\u015bci i bezpiecze\u0144stwa na koncie Google, korzystaj\u0105c z linku g.co\/privacytools. Wi\u0119cej informacji na temat polityki prywatno\u015bci Google, technologii stosowanych przez Google oraz warunk&oacute;w korzystania z us\u0142ug Google znajdziesz na stronie https:\/\/policies.google.com\/privacy?hl=pl#infochoices. Informacje na temat zasad ochrony prywatno\u015bci stosowanych przez firm\u0119 Meta (Facebook) oraz zarz\u0105dzania ustawieniami prywatno\u015bci s\u0105 dost\u0119pne na stronie https:\/\/pl-pl.facebook.com\/privacy\/explanation\/.<\/p>\n<p>Bardziej szczeg&oacute;\u0142owe informacje o u\u017cywanych przez nas plikach cookie, czasie przechowywania oraz aktualnej li\u015bcie zewn\u0119trznych firm, z kt&oacute;rych us\u0142ug korzystamy lub kt&oacute;rych technologie umieszczamy w naszym Serwisie, znajdziesz w <a href=\"\/en\/tabela-cookies\/\" target=\"_blank\" rel=\"noopener\"><span style=\"text-decoration: underline;\">Tabeli Cookies<\/span><\/a>.<\/p>\n<\/li>\n<li style=\"text-align: justify;\">WY\u0141\u0104CZENIE OBS\u0141UGI PLIK&Oacute;W COOKIES\n<p>Przegl\u0105darki internetowe domy\u015blnie dopuszczaj\u0105 przechowywanie plik&oacute;w cookies. Je\u015bli U\u017cytkownik nie chce otrzymywa\u0107 plik&oacute;w cookies, mo\u017ce zmieni\u0107 ustawienia swojej przegl\u0105darki na komputerze lub innym urz\u0105dzeniu, z kt&oacute;rego korzysta w celu dost\u0119pu do naszego Serwisu. Dalsze korzystanie przez U\u017cytkownika z naszego Serwisu bez zmiany ustawie\u0144 oznacza, \u017ce U\u017cytkownik zgadza si\u0119 na otrzymywanie plik&oacute;w cookies technicznych w naszym Serwisie, kt&oacute;re jak wskazali\u015bmy s\u0105 dla nas niezb\u0119dne do prawid\u0142owego funkcjonowania strony Serwisu.<\/p>\n<p>Wi\u0119kszo\u015b\u0107 przegl\u0105darek internetowych posiada funkcj\u0119, kt&oacute;ra pozwala U\u017cytkownikowi przegl\u0105da\u0107 i usuwa\u0107 pliki cookie, w tym pliki cookie w naszym serwisie. Jednak\u017ce podkre\u015bli\u0107 nale\u017cy, \u017ce brak mo\u017cliwo\u015bci zapisywania lub odczytywania plik&oacute;w cookies przez stron\u0119 internetow\u0105 naszego Serwisu mo\u017ce uniemo\u017cliwi\u0107 pe\u0142ne i poprawne korzystanie z naszego Serwisu.<\/p>\n<p>Je\u017celi U\u017cytkownik u\u017cywa r&oacute;\u017cnych urz\u0105dze\u0144 do uzyskania dost\u0119pu do naszego Serwisu oraz jego przegl\u0105dania (np. komputera, smartfona, tabletu), powinien upewni\u0107 si\u0119, \u017ce ka\u017cda przegl\u0105darka na ka\u017cdym urz\u0105dzeniu dostosowana jest do preferencji zwi\u0105zanych z plikami cookies.<\/p>\n<p>Spos&oacute;b wy\u0142\u0105czenia obs\u0142ugi plik&oacute;w cookies zale\u017cy od przegl\u0105darki, z kt&oacute;rej U\u017cytkownik korzysta. Poni\u017cej wskazany zosta\u0142 spos&oacute;b, w jaki U\u017cytkownik mo\u017ce wy\u0142\u0105czy\u0107 obs\u0142ug\u0119 plik&oacute;w cookies w przegl\u0105darce Google Chrome, Firefox, Safari, Opera oraz Internet Explorer.<\/p>\n<ol>\n<li><strong>Wy\u0142\u0105czenie obs\u0142ugi plik&oacute;w cookies w przegl\u0105darce Google Chrome<\/strong>\n<ol>\n<li>W prawy g&oacute;rnym rogu przy pasku adresu przegl\u0105darki Google Chrome wybierz trzy kropki pionowe.<\/li>\n<li>W sekcji <em>Prywatno\u015b\u0107 bezpiecze\u0144stwo<\/em> kliknij przycisk <em>Tre\u015b\u0107<\/em>.<\/li>\n<li>W sekcji <em>Pliki cookies i dane stron<\/em> mo\u017cesz zmieni\u0107 nast\u0119puj\u0105ce ustawienia plik&oacute;w cookies:\n<ul>\n<li><em>Blokuj wszystkie pliki cookies<\/em><\/li>\n<li><em>Blokuj pliki cookies innych firm <\/em><\/li>\n<\/ul>\n<\/li>\n<\/ol>\n<p>Wi\u0119cej informacji o ustawieniach przegl\u0105darki Google Chrome:<\/p>\n<a href=\"https:\/\/support.google.com\/chrome\/#topic=7438008\" target=\"_blank\" rel=\"noopener\">https:\/\/support.google.com\/chrome\/#topic=7438008<\/a><\/li>\n<li><strong>Wy\u0142\u0105czenie obs\u0142ugi plik&oacute;w cookies w przegl\u0105darce Firefox<\/strong>\n<ol>\n<li>W prawym g&oacute;rnym rogu okna przegl\u0105darki Firefox kliknij <em>Otw&oacute;rz menu<\/em> (trzy poziome kreski) i wybierz <em>Ustawienia<\/em>.<\/li>\n<li>Nast\u0119pnie z sekcji <em>Prywatno\u015b\u0107 i bezpiecze\u0144stwo<\/em> wybierz zak\u0142adk\u0119 ciasteczka i dane witryn.<\/li>\n<li>Wybierz odpowiedni poziom bezpiecze\u0144stwa lub skonfiguruj w\u0142asny wybieraj\u0105c kt&oacute;re elementy i skrypty blokowa\u0107 &#8211; <em>ciasteczka<\/em>:\n<ul>\n<li><em>Wszystkie z zewn\u0119trznych witryn<\/em><\/li>\n<li><em>Wszystkie<\/em><\/li>\n<\/ul>\n<\/li>\n<\/ol>\n<p>Wi\u0119cej informacji o ustawieniach przegl\u0105darki Firefox:<\/p>\n<a href=\"https:\/\/support.mozilla.org\/pl\/kb\/W%C5%82%C4%85czanie%20i%20wy%C5%82%C4%85czanie%20obs%C5%82ugi%20ciasteczek\" target=\"_blank\" rel=\"noopener\">https:\/\/support.mozilla.org\/pl\/kb\/W%C5%82%C4%85czanie%20i%20wy%C5%82%C4%85czanie%20obs%C5%82ugi%20ciasteczek <\/a><\/li>\n<li><strong>Wy\u0142\u0105czenie obs\u0142ugi plik&oacute;w cookies w przegl\u0105darce Safari <\/strong>\n<p>Wybierz polecenie menu <em>Safari &gt; Preferencje<\/em>, kliknij w <em>Prywatno\u015b\u0107<\/em>, a nast\u0119pnie wykonaj dowoln\u0105 z poni\u017cszych czynno\u015bci:<\/p>\n<ul>\n<li><em>Blokuj wszystkie cookie<\/em><\/li>\n<li><em>Zapobiegaj \u015bledzeniu poza witryn\u0105<\/em><\/li>\n<\/ul>\n<p>Wi\u0119cej informacji o ustawieniach przegl\u0105darki Safari:<\/p>\n<a href=\"https:\/\/support.apple.com\/kb\/PH19214?viewlocale=pl_PL&amp;locale=pl_PL\" target=\"_blank\" rel=\"noopener\">https:\/\/support.apple.com\/kb\/PH19214?viewlocale=pl_PL&amp;locale=pl_PL<\/a><\/li>\n<li><strong>Wy\u0142\u0105czenie obs\u0142ugi plik&oacute;w cookies w przegl\u0105darce Opera<\/strong>\n<ol>\n<li>W prawy g&oacute;rnym rogu przy pasku adresu przegl\u0105darki Opera wybierz trzy linie poziome.<\/li>\n<li>Kliknij przejd\u017a do pe\u0142nych ustawie\u0144 przegl\u0105darki.<\/li>\n<li>W sekcji <em>Prywatno\u015b\u0107 bezpiecze\u0144stwo<\/em> kliknij przycisk <em>Ciasteczka i inne dane witryn<\/em>.<\/li>\n<li>Mo\u017cesz zmieni\u0107 nast\u0119puj\u0105ce ustawienia plik&oacute;w cookies:\n<ul>\n<li><em>Blokuj wszystkie pliki cookies<\/em><\/li>\n<li><em>Blokuj pliki cookies innych firm<\/em><\/li>\n<\/ul>\n<\/li>\n<\/ol>\n<p>Wi\u0119cej informacji o ustawieniach przegl\u0105darki Opera:<\/p>\n<a href=\"http:\/\/help.opera.com\/Windows\/12.10\/pl\/cookies.html\" target=\"_blank\" rel=\"noopener\">http:\/\/help.opera.com\/Windows\/12.10\/pl\/cookies.html <\/a><\/li>\n<li><strong>Wy\u0142\u0105czenie obs\u0142ugi plik&oacute;w cookies w przegl\u0105darce Edge<\/strong>\n<ol>\n<li>W prawy g&oacute;rnym rogu przy pasku adresu przegl\u0105darki Edge wybierz trzy kropki poziome.<\/li>\n<li>Kliknij <em>Ustawienia<\/em>.<\/li>\n<li>W sekcji <em>Pliki cookie i uprawnienia witryn<\/em> kliknij <em>Zarz\u0105dzaj plikami cookie i danymi witryn oraz usuwaj je<\/em>.<\/li>\n<li>Mo\u017cesz zmieni\u0107 nast\u0119puj\u0105ce ustawienia plik&oacute;w cookies:\n<ul>\n<li><em>Blokuj<\/em><\/li>\n<li><em>Blokuj pliki cookies innych firm<\/em><\/li>\n<\/ul>\n<\/li>\n<\/ol>\n<p>Wi\u0119cej informacji o ustawieniach przegl\u0105darki Edge:<\/p>\n<a href=\"https:\/\/support.microsoft.com\/pl-pl\/microsoft-edge\" target=\"_blank\" rel=\"noopener\">https:\/\/support.microsoft.com\/pl-pl\/microsoft-edge <\/a><\/li>\n<\/ol>\n<\/li>\n<li>INFORMACJE KONTAKTOWE\n<p style=\"text-align: justify;\">W razie jakichkolwiek w\u0105tpliwo\u015bci zwi\u0105zanych z kwestiami niniejszej Polityki Cookies lub w celu uzyskania informacji dotycz\u0105cych niniejszej Polityki Cookies U\u017cytkownik mo\u017ce skontaktowa\u0107 si\u0119 z Administratorem za po\u015brednictwem wiadomo\u015bci e-mail <strong>info@schiffers.pl<\/strong> oraz drog\u0105 pocztow\u0105 na adres Administratora.<\/p>\n<\/li>\n<\/ol>","protected":false},"excerpt":{"rendered":"<p>POLITYKA COOKIES Korzystamy z plik&oacute;w cookies w celu poprawienia efektywno\u015bci i zaproponowania U\u017cytkownikowi coraz doskonalszych funkcjonalno\u015bci serwisu internetowego www.schiffers.pl (dalej jako Serwis) oraz bardziej dopasowanych do U\u017cytkownika tre\u015bci. W celu zapewnienia przejrzysto\u015bci dzia\u0142a\u0144 zostaje przyj\u0119ta niniejsza Polityka Cookies, kt&oacute;ra okre\u015bla szczeg&oacute;\u0142owe zasady korzystania przez Serwis internetowy z plik&oacute;w cookies. Dane za pomoc\u0105 plik&oacute;w cookies gromadzone [&hellip;]<\/p>","protected":false},"author":7,"featured_media":0,"parent":0,"menu_order":0,"comment_status":"closed","ping_status":"closed","template":"","meta":{"footnotes":""},"class_list":["post-16846","page","type-page","status-publish","hentry"],"yoast_head":"<!-- This site is optimized with the Yoast SEO plugin v24.6 - https:\/\/yoast.com\/wordpress\/plugins\/seo\/ -->\n<title>Polityka Cookies - Schiffers<\/title>\n<meta name=\"robots\" content=\"index, follow, max-snippet:-1, max-image-preview:large, max-video-preview:-1\" \/>\n<link rel=\"canonical\" href=\"https:\/\/schiffers.pl\/en\/polityka-cookies\/\" \/>\n<meta property=\"og:locale\" content=\"en_US\" \/>\n<meta property=\"og:type\" content=\"article\" \/>\n<meta property=\"og:title\" content=\"Polityka Cookies - Schiffers\" \/>\n<meta property=\"og:description\" content=\"POLITYKA COOKIES Korzystamy z plik&oacute;w cookies w celu poprawienia efektywno\u015bci i zaproponowania U\u017cytkownikowi coraz doskonalszych funkcjonalno\u015bci serwisu internetowego www.schiffers.pl (dalej jako Serwis) oraz bardziej dopasowanych do U\u017cytkownika tre\u015bci. W celu zapewnienia przejrzysto\u015bci dzia\u0142a\u0144 zostaje przyj\u0119ta niniejsza Polityka Cookies, kt&oacute;ra okre\u015bla szczeg&oacute;\u0142owe zasady korzystania przez Serwis internetowy z plik&oacute;w cookies. Dane za pomoc\u0105 plik&oacute;w cookies gromadzone [&hellip;]\" \/>\n<meta property=\"og:url\" content=\"https:\/\/schiffers.pl\/en\/polityka-cookies\/\" \/>\n<meta property=\"og:site_name\" content=\"Schiffers\" \/>\n<meta property=\"article:modified_time\" content=\"2023-05-08T14:32:54+00:00\" \/>\n<meta name=\"twitter:card\" content=\"summary_large_image\" \/>\n<meta name=\"twitter:label1\" content=\"Est. reading time\" \/>\n\t<meta name=\"twitter:data1\" content=\"9 minutes\" \/>\n<script type=\"application\/ld+json\" class=\"yoast-schema-graph\">{\"@context\":\"https:\/\/schema.org\",\"@graph\":[{\"@type\":\"WebPage\",\"@id\":\"https:\/\/schiffers.pl\/polityka-cookies\/\",\"url\":\"https:\/\/schiffers.pl\/polityka-cookies\/\",\"name\":\"Polityka Cookies - Schiffers\",\"isPartOf\":{\"@id\":\"https:\/\/schiffers.pl\/#website\"},\"datePublished\":\"2023-05-08T14:31:30+00:00\",\"dateModified\":\"2023-05-08T14:32:54+00:00\",\"breadcrumb\":{\"@id\":\"https:\/\/schiffers.pl\/polityka-cookies\/#breadcrumb\"},\"inLanguage\":\"en-US\",\"potentialAction\":[{\"@type\":\"ReadAction\",\"target\":[\"https:\/\/schiffers.pl\/polityka-cookies\/\"]}]},{\"@type\":\"BreadcrumbList\",\"@id\":\"https:\/\/schiffers.pl\/polityka-cookies\/#breadcrumb\",\"itemListElement\":[{\"@type\":\"ListItem\",\"position\":1,\"name\":\"Strona g\u0142\u00f3wna\",\"item\":\"https:\/\/schiffers.pl\/\"},{\"@type\":\"ListItem\",\"position\":2,\"name\":\"Polityka Cookies\"}]},{\"@type\":\"WebSite\",\"@id\":\"https:\/\/schiffers.pl\/#website\",\"url\":\"https:\/\/schiffers.pl\/\",\"name\":\"Schiffers\",\"description\":\"bi\u017cuteria\",\"potentialAction\":[{\"@type\":\"SearchAction\",\"target\":{\"@type\":\"EntryPoint\",\"urlTemplate\":\"https:\/\/schiffers.pl\/?s={search_term_string}\"},\"query-input\":{\"@type\":\"PropertyValueSpecification\",\"valueRequired\":true,\"valueName\":\"search_term_string\"}}],\"inLanguage\":\"en-US\"}]}<\/script>\n<!-- \/ Yoast SEO plugin. -->","yoast_head_json":{"title":"Polityka Cookies - Schiffers","robots":{"index":"index","follow":"follow","max-snippet":"max-snippet:-1","max-image-preview":"max-image-preview:large","max-video-preview":"max-video-preview:-1"},"canonical":"https:\/\/schiffers.pl\/en\/polityka-cookies\/","og_locale":"en_US","og_type":"article","og_title":"Polityka Cookies - Schiffers","og_description":"POLITYKA COOKIES Korzystamy z plik&oacute;w cookies w celu poprawienia efektywno\u015bci i zaproponowania U\u017cytkownikowi coraz doskonalszych funkcjonalno\u015bci serwisu internetowego www.schiffers.pl (dalej jako Serwis) oraz bardziej dopasowanych do U\u017cytkownika tre\u015bci. W celu zapewnienia przejrzysto\u015bci dzia\u0142a\u0144 zostaje przyj\u0119ta niniejsza Polityka Cookies, kt&oacute;ra okre\u015bla szczeg&oacute;\u0142owe zasady korzystania przez Serwis internetowy z plik&oacute;w cookies. Dane za pomoc\u0105 plik&oacute;w cookies gromadzone [&hellip;]","og_url":"https:\/\/schiffers.pl\/en\/polityka-cookies\/","og_site_name":"Schiffers","article_modified_time":"2023-05-08T14:32:54+00:00","twitter_card":"summary_large_image","twitter_misc":{"Est. reading time":"9 minutes"},"schema":{"@context":"https:\/\/schema.org","@graph":[{"@type":"WebPage","@id":"https:\/\/schiffers.pl\/polityka-cookies\/","url":"https:\/\/schiffers.pl\/polityka-cookies\/","name":"Polityka Cookies - Schiffers","isPartOf":{"@id":"https:\/\/schiffers.pl\/#website"},"datePublished":"2023-05-08T14:31:30+00:00","dateModified":"2023-05-08T14:32:54+00:00","breadcrumb":{"@id":"https:\/\/schiffers.pl\/polityka-cookies\/#breadcrumb"},"inLanguage":"en-US","potentialAction":[{"@type":"ReadAction","target":["https:\/\/schiffers.pl\/polityka-cookies\/"]}]},{"@type":"BreadcrumbList","@id":"https:\/\/schiffers.pl\/polityka-cookies\/#breadcrumb","itemListElement":[{"@type":"ListItem","position":1,"name":"Strona g\u0142\u00f3wna","item":"https:\/\/schiffers.pl\/"},{"@type":"ListItem","position":2,"name":"Polityka Cookies"}]},{"@type":"WebSite","@id":"https:\/\/schiffers.pl\/#website","url":"https:\/\/schiffers.pl\/","name":"Schiffers","description":"bi\u017cuteria","potentialAction":[{"@type":"SearchAction","target":{"@type":"EntryPoint","urlTemplate":"https:\/\/schiffers.pl\/?s={search_term_string}"},"query-input":{"@type":"PropertyValueSpecification","valueRequired":true,"valueName":"search_term_string"}}],"inLanguage":"en-US"}]}},"_links":{"self":[{"href":"https:\/\/schiffers.pl\/en\/wp-json\/wp\/v2\/pages\/16846","targetHints":{"allow":["GET"]}}],"collection":[{"href":"https:\/\/schiffers.pl\/en\/wp-json\/wp\/v2\/pages"}],"about":[{"href":"https:\/\/schiffers.pl\/en\/wp-json\/wp\/v2\/types\/page"}],"author":[{"embeddable":true,"href":"https:\/\/schiffers.pl\/en\/wp-json\/wp\/v2\/users\/7"}],"replies":[{"embeddable":true,"href":"https:\/\/schiffers.pl\/en\/wp-json\/wp\/v2\/comments?post=16846"}],"version-history":[{"count":1,"href":"https:\/\/schiffers.pl\/en\/wp-json\/wp\/v2\/pages\/16846\/revisions"}],"predecessor-version":[{"id":16847,"href":"https:\/\/schiffers.pl\/en\/wp-json\/wp\/v2\/pages\/16846\/revisions\/16847"}],"wp:attachment":[{"href":"https:\/\/schiffers.pl\/en\/wp-json\/wp\/v2\/media?parent=16846"}],"curies":[{"name":"wp","href":"https:\/\/api.w.org\/{rel}","templated":true}]}}