{"id":11894,"date":"2021-02-08T10:59:02","date_gmt":"2021-02-08T09:59:02","guid":{"rendered":"https:\/\/schiffers.pl\/?page_id=11894"},"modified":"2025-02-17T09:11:10","modified_gmt":"2025-02-17T08:11:10","slug":"front-sklepu","status":"publish","type":"page","link":"https:\/\/schiffers.pl\/en\/front-sklepu\/","title":{"rendered":"Front sklepu"},"content":{"rendered":"<div class=\"wpb-content-wrapper\"><div class=\"jas-container\"><div class=\"vc_row\"><div class=\"wpb_column vc_column_container vc_col-sm-12\"><div class=\"vc_column-inner\"><div class=\"wpb_wrapper\"><div class=\"jas-sc-wc-categories\"><div class=\"jas-row jas-masonry\" data-masonry='{\"selector\":\".product-category\", \"columnWidth\":\".grid-sizer\",\"layoutMode\":\"masonry\"}'><div class=\"grid-sizer size-4\"><\/div><div class=\"mt__30 pr jas-col-md-4 jas-col-sm-6 jas-col-xs-12 product-category\"><a href=\"https:\/\/schiffers.pl\/en\/product-category\/pierscionki-zareczynowe\/\"><img loading=\"lazy\" decoding=\"async\" src=\"https:\/\/schiffers.pl\/wp-content\/uploads\/2021\/01\/1380174.jpg\" alt=\"\" width=\"1844\" height=\"1844\" \/><\/a><h3>pier\u015bcionki zar\u0119czynowe<\/h3><\/div><div class=\"mt__30 pr jas-col-md-4 jas-col-sm-6 jas-col-xs-12 product-category\"><a href=\"https:\/\/schiffers.pl\/en\/product-category\/obraczki-slubne\/\"><img loading=\"lazy\" decoding=\"async\" src=\"https:\/\/schiffers.pl\/wp-content\/uploads\/2021\/02\/1380344.jpg\" alt=\"\" width=\"2507\" height=\"2507\" \/><\/a><h3>obr\u0105czki \u015blubne<\/h3><\/div><div class=\"mt__30 pr jas-col-md-4 jas-col-sm-6 jas-col-xs-12 product-category\"><a href=\"https:\/\/schiffers.pl\/en\/product-category\/sygnety\/\"><img loading=\"lazy\" decoding=\"async\" src=\"https:\/\/schiffers.pl\/wp-content\/uploads\/2022\/12\/1300656.jpg\" alt=\"\" width=\"1272\" height=\"1272\" \/><\/a><h3>sygnety<\/h3><\/div><div class=\"mt__30 pr jas-col-md-4 jas-col-sm-6 jas-col-xs-12 product-category\"><a href=\"https:\/\/schiffers.pl\/en\/product-category\/pierscionki\/\"><img loading=\"lazy\" decoding=\"async\" src=\"https:\/\/schiffers.pl\/wp-content\/uploads\/2021\/02\/1370686.jpg\" alt=\"\" width=\"2237\" height=\"2237\" \/><\/a><h3>pier\u015bcionki<\/h3><\/div><div class=\"mt__30 pr jas-col-md-4 jas-col-sm-6 jas-col-xs-12 product-category\"><a href=\"https:\/\/schiffers.pl\/en\/product-category\/kolczyki\/\"><img loading=\"lazy\" decoding=\"async\" src=\"https:\/\/schiffers.pl\/wp-content\/uploads\/2017\/02\/work-a9-fc-kopia.jpg\" alt=\"\" width=\"951\" height=\"951\" \/><\/a><h3>kolczyki<\/h3><\/div><div class=\"mt__30 pr jas-col-md-4 jas-col-sm-6 jas-col-xs-12 product-category\"><a href=\"https:\/\/schiffers.pl\/en\/product-category\/naszyjniki\/\"><img loading=\"lazy\" decoding=\"async\" src=\"https:\/\/schiffers.pl\/wp-content\/uploads\/2017\/02\/1310023-1.jpg\" alt=\"\" width=\"2001\" height=\"2001\" \/><\/a><h3>naszyjniki<\/h3><\/div><div class=\"mt__30 pr jas-col-md-4 jas-col-sm-6 jas-col-xs-12 product-category\"><a href=\"https:\/\/schiffers.pl\/en\/product-category\/bransolety\/\"><img loading=\"lazy\" decoding=\"async\" src=\"https:\/\/schiffers.pl\/wp-content\/uploads\/2019\/06\/Bez-nazwy-27-1.jpg\" alt=\"\" width=\"1952\" height=\"1952\" \/><\/a><h3>bransolety<\/h3><\/div><div class=\"mt__30 pr jas-col-md-4 jas-col-sm-6 jas-col-xs-12 product-category\"><a href=\"https:\/\/schiffers.pl\/en\/product-category\/bizuteria-vintage\/\"><img loading=\"lazy\" decoding=\"async\" src=\"https:\/\/schiffers.pl\/wp-content\/uploads\/2024\/08\/1160058.jpg\" alt=\"\" width=\"1600\" height=\"1600\" \/><\/a><h3>bi\u017cuteria vintage<\/h3><\/div><div class=\"mt__30 pr jas-col-md-4 jas-col-sm-6 jas-col-xs-12 product-category\"><a href=\"https:\/\/schiffers.pl\/en\/product-category\/spinki-mankietowe\/\"><img loading=\"lazy\" decoding=\"async\" src=\"https:\/\/schiffers.pl\/wp-content\/uploads\/2021\/02\/work-b16-fc.jpg\" alt=\"\" width=\"1024\" height=\"1024\" \/><\/a><h3>spinki mankietowe<\/h3><\/div><div class=\"mt__30 pr jas-col-md-4 jas-col-sm-6 jas-col-xs-12 product-category\"><a href=\"https:\/\/schiffers.pl\/en\/product-category\/voucher-podarunkowy\/\"><img loading=\"lazy\" decoding=\"async\" src=\"https:\/\/schiffers.pl\/wp-content\/uploads\/2024\/08\/12017.png\" alt=\"\" width=\"600\" height=\"600\" \/><\/a><h3>voucher podarunkowy, akcesoria<\/h3><\/div><\/div><\/div>\n\t<div class=\"wpb_text_column wpb_content_element\" >\n\t\t<div class=\"wpb_wrapper\">\n\t\t\t<div class=\"secondDesc\">\n<h1 style=\"text-align: center;\">R\u0119cznie robiona bi\u017cuteria ze srebra i z\u0142ota<\/h1>\n<p>Zapraszamy do sklepu marki Schiffers! Znajdziesz w nim pi\u0119kn\u0105, r\u0119cznie robion\u0105 bi\u017cuteri\u0119 ze z\u0142ota i srebra w r\u00f3\u017cnych stylach \u2013 od klasycznych kolczyk\u00f3w, poprzez nowoczesne pier\u015bcionki, a\u017c po bogato zdobione obr\u0105czki \u015blubne. R\u0119cznie robiona bi\u017cuteria przez mistrza sztuki jubilerskiej Kacpra Schiffersa jest absolutnie wyj\u0105tkowa, dzi\u0119ki oryginalnym koncepcjom oraz projektom realizowanym w uznanej warszawskiej pracowni. Je\u015bli pragniesz bi\u017cuterii z kamieniami szlachetnymi w postaci obr\u0105czek, pier\u015bcionk\u00f3w zar\u0119czynowych z diamentami, kolczyk\u00f3w z per\u0142ami lub szk\u0142em Murano \u2013 Schiffers to miejsce idealne! Tutaj znajdziesz wszystko to, czego szukasz.<\/p>\n<details>\n<summary>Dowiedz si\u0119 wi\u0119cej!<\/summary>\n<h2 style=\"text-align: center;\">Oryginalna bi\u017cuteria damska, o kt\u00f3rej marzysz \u2013 dost\u0119pna w sklepie online Schiffers<\/h2>\n<p>Cieszymy si\u0119, \u017ce dzi\u0119ki mo\u017cliwo\u015bci sprzeda\u017cy online nasza bi\u017cuteria dociera do klientek mieszkaj\u0105cych w r\u00f3\u017cnych cz\u0119\u015bciach Polski. Asortymentem Schiffers nie b\u0119d\u0105 zawiedzione przede wszystkim zwolenniczki najwy\u017cszej jako\u015bci. Niezale\u017cnie od tego, czy interesuje Ci\u0119 r\u0119cznie robiona bi\u017cuteria z diamentami, czy oryginalne modele wysadzane szmaragdami, w naszym sklepie znajdziesz wiele inspiruj\u0105cych projekt\u00f3w, kt\u00f3re jeste\u015bmy w stanie wykona\u0107 na zam\u00f3wienie. W dodatku dzi\u0119ki wygodnej opcji sk\u0142adania zam\u00f3wie\u0144 online, zakupy w naszym sklepie to czysta przyjemno\u015b\u0107!<\/p>\n<h2 style=\"text-align: center;\">Z\u0142ota bi\u017cuteria z kamieniami szlachetnymi \u2013 najwi\u0119kszy wyb\u00f3r ponadczasowych inspiracji<\/h2>\n<p>W ofercie sprzeda\u017cowej Schiffers znajdziesz oryginaln\u0105, r\u0119cznie robion\u0105 bi\u017cuteri\u0119 damsk\u0105, kt\u00f3ra sprawi, \u017ce poczujesz si\u0119 wyj\u0105tkowo, bez wzgl\u0119du na panuj\u0105ce aktualnie trendy. Sk\u0105d to wiemy? Nasze projekty s\u0105 bowiem ponadczasowe \u2013 wszak najpi\u0119kniejsze kamienie szlachetne takie jak szafir, diament czy rubin nigdy nie wychodz\u0105 z mody. Na asortyment damskiej bi\u017cuterii wykonanej r\u0119cznie od Schiffers sk\u0142adaj\u0105 si\u0119 m.in.:<\/p>\n<ul>\n<li>obr\u0105czki \u015blubne,<\/li>\n<li>pier\u015bcionki zar\u0119czynowe,<\/li>\n<li>kolczyki,<\/li>\n<li>naszyjniki,<\/li>\n<li>bransolety,<\/li>\n<li>bi\u017cuteria w stylu vintage,<\/li>\n<li>spinki mankietowe.<\/li>\n<\/ul>\n<p>W sprzeda\u017cy posiadamy r\u00f3wnie\u017c vouchery podarunkowe. Bez wzgl\u0119du na to, czego poszukujesz, wyroby z\u0142otnicze od Schiffers zachwyc\u0105 Ci\u0119 najwy\u017csz\u0105 jako\u015bci\u0105 wykonania, docenion\u0105 do tej pory przez tak wielu klient\u00f3w.<\/p>\n<h2 style=\"text-align: center;\">Bi\u017cuteria srebrna r\u0119cznie wykonana \u2013 odkryj jej wyrafinowane pi\u0119kno<\/h2>\n<p>Dost\u0119pne na naszej stronie wyroby ze srebra stanowi\u0105 prawdziw\u0105 kwintesencj\u0119 kunsztu jubilerskiego. Oferujemy szeroki wyb\u00f3r wspania\u0142ej bi\u017cuterii wykonanej z tego szlachetnego materia\u0142u, m.in. srebrnych pier\u015bcionk\u00f3w (r\u00f3wnie\u017c zar\u0119czynowych), naszyjnik\u00f3w, eleganckich kolczyk\u00f3w oraz subtelnych bransoletek. Warto tak\u017ce wspomnie\u0107, \u017ce srebro to kruszec o wielu zaletach, do kt\u00f3rych mo\u017cna zaliczy\u0107 przede wszystkim jego wszechstronno\u015b\u0107. Wykorzystuj\u0105c wi\u0119c wysokiej jako\u015bci srebro, w naszej pracowni r\u0119cznie robimy bi\u017cuteri\u0119, kt\u00f3ra nie tylko wspaniale komponuje si\u0119 z codziennymi stylizacjami, ale r\u00f3wnie\u017c stanowi doskona\u0142y wyb\u00f3r na specjalne okazje.<\/p>\n<h2 style=\"text-align: center;\">Z\u0142ota bi\u017cuteria r\u0119cznie robiona \u2013 doskona\u0142a na ka\u017cd\u0105 okazj\u0119<\/h2>\n<p>Bi\u017cuteria z czystego z\u0142ota to dla wielu os\u00f3b wyznacznik klasy i dobrego gustu. W Schiffers wiemy, \u017ce ozdoby z tego szlachetnego kruszcu najwi\u0119ksze uznanie zdoby\u0142y jednak ze wzgl\u0119du na swoj\u0105 ponadprzeci\u0119tn\u0105 trwa\u0142o\u015b\u0107. Oferowana na naszej stronie r\u0119cznie robiona z\u0142ota bi\u017cuteria stanowi po\u0142\u0105czenie tradycyjnego rzemios\u0142a z nowoczesnymi formami. Ka\u017cdy pier\u015bcionek, naszyjnik, bransoleta lub kolczyki tworzone s\u0105 z dba\u0142o\u015bci\u0105 o najmniejsze detale, co czyni je prawdziwymi dzie\u0142ami sztuki. R\u0119cznie robiona z\u0142ota bi\u017cuteria warszawskiego jubilera Schiffers to modele wprost stworzone dla os\u00f3b, kt\u00f3re stawiaj\u0105 na niebanalne wzornictwo, a tak\u017ce chc\u0105 wyrazi\u0107 swoje przywi\u0105zanie do naturalno\u015bci, sztuki oraz og\u00f3lnie poj\u0119tego pi\u0119kna \u2013 do\u0142\u0105cz do nich i Ty!<\/p>\n<\/details>\n<\/div>\n\n\t\t<\/div>\n\t<\/div>\n<\/div><\/div><\/div><\/div><\/div>\n<\/div>","protected":false},"excerpt":{"rendered":"pier\u015bcionki zar\u0119czynoweobr\u0105czki \u015blubnesygnetypier\u015bcionkikolczykinaszyjnikibransoletybi\u017cuteria vintagespinki mankietowevoucher podarunkowy, akcesoria R\u0119cznie robiona bi\u017cuteria ze srebra i z\u0142ota Zapraszamy do sklepu marki Schiffers! Znajdziesz w nim pi\u0119kn\u0105, r\u0119cznie robion\u0105 bi\u017cuteri\u0119 ze z\u0142ota i srebra w r\u00f3\u017cnych stylach \u2013 od klasycznych kolczyk\u00f3w, poprzez nowoczesne pier\u015bcionki, a\u017c po bogato zdobione obr\u0105czki \u015blubne. R\u0119cznie robiona bi\u017cuteria przez mistrza sztuki jubilerskiej Kacpra Schiffersa [...]","protected":false},"author":4,"featured_media":0,"parent":0,"menu_order":0,"comment_status":"closed","ping_status":"closed","template":"","meta":{"footnotes":""},"class_list":["post-11894","page","type-page","status-publish","hentry"],"yoast_head":"<!-- This site is optimized with the Yoast SEO plugin v24.6 - https:\/\/yoast.com\/wordpress\/plugins\/seo\/ -->\n<title>Bi\u017cuteria z kamieniami szlachetnymi - Warszawa | Schiffers<\/title>\n<meta name=\"description\" content=\"Odwied\u017a nasz sklep online i odkryj ofert\u0119 r\u0119cznie robionej bi\u017cuterii z kamieniami szlachetnymi! Schiffers to gwarancja najwy\u017cszej jako\u015bci wykonania \u2013 sprawd\u017a.\" \/>\n<meta name=\"robots\" content=\"index, follow, max-snippet:-1, max-image-preview:large, max-video-preview:-1\" \/>\n<link rel=\"canonical\" href=\"https:\/\/schiffers.pl\/en\/front-sklepu\/\" \/>\n<meta property=\"og:locale\" content=\"en_US\" \/>\n<meta property=\"og:type\" content=\"article\" \/>\n<meta property=\"og:title\" content=\"Bi\u017cuteria z kamieniami szlachetnymi - Warszawa | Schiffers\" \/>\n<meta property=\"og:description\" content=\"Odwied\u017a nasz sklep online i odkryj ofert\u0119 r\u0119cznie robionej bi\u017cuterii z kamieniami szlachetnymi! Schiffers to gwarancja najwy\u017cszej jako\u015bci wykonania \u2013 sprawd\u017a.\" \/>\n<meta property=\"og:url\" content=\"https:\/\/schiffers.pl\/en\/front-sklepu\/\" \/>\n<meta property=\"og:site_name\" content=\"Schiffers\" \/>\n<meta property=\"article:modified_time\" content=\"2025-02-17T08:11:10+00:00\" \/>\n<meta name=\"twitter:card\" content=\"summary_large_image\" \/>\n<meta name=\"twitter:label1\" content=\"Est. reading time\" \/>\n\t<meta name=\"twitter:data1\" content=\"3 minutes\" \/>\n<script type=\"application\/ld+json\" class=\"yoast-schema-graph\">{\"@context\":\"https:\/\/schema.org\",\"@graph\":[{\"@type\":\"WebPage\",\"@id\":\"https:\/\/schiffers.pl\/front-sklepu\/\",\"url\":\"https:\/\/schiffers.pl\/front-sklepu\/\",\"name\":\"Bi\u017cuteria z kamieniami szlachetnymi - Warszawa | Schiffers\",\"isPartOf\":{\"@id\":\"https:\/\/schiffers.pl\/#website\"},\"datePublished\":\"2021-02-08T09:59:02+00:00\",\"dateModified\":\"2025-02-17T08:11:10+00:00\",\"description\":\"Odwied\u017a nasz sklep online i odkryj ofert\u0119 r\u0119cznie robionej bi\u017cuterii z kamieniami szlachetnymi! Schiffers to gwarancja najwy\u017cszej jako\u015bci wykonania \u2013 sprawd\u017a.\",\"breadcrumb\":{\"@id\":\"https:\/\/schiffers.pl\/front-sklepu\/#breadcrumb\"},\"inLanguage\":\"en-US\",\"potentialAction\":[{\"@type\":\"ReadAction\",\"target\":[\"https:\/\/schiffers.pl\/front-sklepu\/\"]}]},{\"@type\":\"BreadcrumbList\",\"@id\":\"https:\/\/schiffers.pl\/front-sklepu\/#breadcrumb\",\"itemListElement\":[{\"@type\":\"ListItem\",\"position\":1,\"name\":\"Strona g\u0142\u00f3wna\",\"item\":\"https:\/\/schiffers.pl\/\"},{\"@type\":\"ListItem\",\"position\":2,\"name\":\"Front sklepu\"}]},{\"@type\":\"WebSite\",\"@id\":\"https:\/\/schiffers.pl\/#website\",\"url\":\"https:\/\/schiffers.pl\/\",\"name\":\"Schiffers\",\"description\":\"bi\u017cuteria\",\"potentialAction\":[{\"@type\":\"SearchAction\",\"target\":{\"@type\":\"EntryPoint\",\"urlTemplate\":\"https:\/\/schiffers.pl\/?s={search_term_string}\"},\"query-input\":{\"@type\":\"PropertyValueSpecification\",\"valueRequired\":true,\"valueName\":\"search_term_string\"}}],\"inLanguage\":\"en-US\"}]}<\/script>\n<!-- \/ Yoast SEO plugin. -->","yoast_head_json":{"title":"Bi\u017cuteria z kamieniami szlachetnymi - Warszawa | Schiffers","description":"Odwied\u017a nasz sklep online i odkryj ofert\u0119 r\u0119cznie robionej bi\u017cuterii z kamieniami szlachetnymi! Schiffers to gwarancja najwy\u017cszej jako\u015bci wykonania \u2013 sprawd\u017a.","robots":{"index":"index","follow":"follow","max-snippet":"max-snippet:-1","max-image-preview":"max-image-preview:large","max-video-preview":"max-video-preview:-1"},"canonical":"https:\/\/schiffers.pl\/en\/front-sklepu\/","og_locale":"en_US","og_type":"article","og_title":"Bi\u017cuteria z kamieniami szlachetnymi - Warszawa | Schiffers","og_description":"Odwied\u017a nasz sklep online i odkryj ofert\u0119 r\u0119cznie robionej bi\u017cuterii z kamieniami szlachetnymi! Schiffers to gwarancja najwy\u017cszej jako\u015bci wykonania \u2013 sprawd\u017a.","og_url":"https:\/\/schiffers.pl\/en\/front-sklepu\/","og_site_name":"Schiffers","article_modified_time":"2025-02-17T08:11:10+00:00","twitter_card":"summary_large_image","twitter_misc":{"Est. reading time":"3 minutes"},"schema":{"@context":"https:\/\/schema.org","@graph":[{"@type":"WebPage","@id":"https:\/\/schiffers.pl\/front-sklepu\/","url":"https:\/\/schiffers.pl\/front-sklepu\/","name":"Bi\u017cuteria z kamieniami szlachetnymi - Warszawa | Schiffers","isPartOf":{"@id":"https:\/\/schiffers.pl\/#website"},"datePublished":"2021-02-08T09:59:02+00:00","dateModified":"2025-02-17T08:11:10+00:00","description":"Odwied\u017a nasz sklep online i odkryj ofert\u0119 r\u0119cznie robionej bi\u017cuterii z kamieniami szlachetnymi! Schiffers to gwarancja najwy\u017cszej jako\u015bci wykonania \u2013 sprawd\u017a.","breadcrumb":{"@id":"https:\/\/schiffers.pl\/front-sklepu\/#breadcrumb"},"inLanguage":"en-US","potentialAction":[{"@type":"ReadAction","target":["https:\/\/schiffers.pl\/front-sklepu\/"]}]},{"@type":"BreadcrumbList","@id":"https:\/\/schiffers.pl\/front-sklepu\/#breadcrumb","itemListElement":[{"@type":"ListItem","position":1,"name":"Strona g\u0142\u00f3wna","item":"https:\/\/schiffers.pl\/"},{"@type":"ListItem","position":2,"name":"Front sklepu"}]},{"@type":"WebSite","@id":"https:\/\/schiffers.pl\/#website","url":"https:\/\/schiffers.pl\/","name":"Schiffers","description":"bi\u017cuteria","potentialAction":[{"@type":"SearchAction","target":{"@type":"EntryPoint","urlTemplate":"https:\/\/schiffers.pl\/?s={search_term_string}"},"query-input":{"@type":"PropertyValueSpecification","valueRequired":true,"valueName":"search_term_string"}}],"inLanguage":"en-US"}]}},"_links":{"self":[{"href":"https:\/\/schiffers.pl\/en\/wp-json\/wp\/v2\/pages\/11894","targetHints":{"allow":["GET"]}}],"collection":[{"href":"https:\/\/schiffers.pl\/en\/wp-json\/wp\/v2\/pages"}],"about":[{"href":"https:\/\/schiffers.pl\/en\/wp-json\/wp\/v2\/types\/page"}],"author":[{"embeddable":true,"href":"https:\/\/schiffers.pl\/en\/wp-json\/wp\/v2\/users\/4"}],"replies":[{"embeddable":true,"href":"https:\/\/schiffers.pl\/en\/wp-json\/wp\/v2\/comments?post=11894"}],"version-history":[{"count":13,"href":"https:\/\/schiffers.pl\/en\/wp-json\/wp\/v2\/pages\/11894\/revisions"}],"predecessor-version":[{"id":17678,"href":"https:\/\/schiffers.pl\/en\/wp-json\/wp\/v2\/pages\/11894\/revisions\/17678"}],"wp:attachment":[{"href":"https:\/\/schiffers.pl\/en\/wp-json\/wp\/v2\/media?parent=11894"}],"curies":[{"name":"wp","href":"https:\/\/api.w.org\/{rel}","templated":true}]}}