{"id":11468,"date":"2019-10-29T14:58:41","date_gmt":"2019-10-29T13:58:41","guid":{"rendered":"https:\/\/schiffers.pl\/?page_id=11468\/"},"modified":"2026-03-19T18:12:26","modified_gmt":"2026-03-19T17:12:26","slug":"sluby-2","status":"publish","type":"page","link":"https:\/\/schiffers.pl\/en\/sluby-2\/","title":{"rendered":"\u015aluby"},"content":{"rendered":"<div class=\"wpb-content-wrapper\"><div class=\"vc_row obraczki atelier vc_custom_1572459352821 vc_row-o-equal-height vc_row-o-content-middle vc_row-flex\"><div class=\"description-col text-left wpb_column vc_column_container vc_col-sm-6\"><div class=\"vc_column-inner\"><div class=\"wpb_wrapper\">\n\t<div class=\"wpb_text_column wpb_content_element sp-justify pr-text-4\" >\n\t\t<div class=\"wpb_wrapper\">\n\t\t\t<h2>Wykonanie obr\u0105czek \u015blubnych \u2013 z naszego lub <strong>powierzonego<\/strong> z\u0142ota.<\/h2>\n<p>PROCES PROJEKTOWANIA i powstawania obr\u0105czek (r\u00f3wnie\u017c z w\u0142asnego z\u0142ota), odbywa si\u0119 na drodze dw\u00f3ch lub trzech spotka\u0144, podczas kt\u00f3rych poznajemy Wasze oczekiwania oraz preferencje. Mo\u017cecie wybra\u0107 spo\u015br\u00f3d 1oo GOTOWYCH\u00a0 WZOR\u00d3W naszego projektu \u2013 proponujemy <strong>obr\u0105czki z diamentami<\/strong> lub innymi kamieniami szlachetnymi, ze z\u0142ota, proste, m\u0142otkowane b\u0105d\u017a bogato zdobione.\u00a0 Macie tak\u017ce mo\u017cliwo\u015b\u0107 (w tym si\u0119 specjalizujemy!) wykona\u0107 <strong>OBR\u0104CZKI NA INDYWIDUALNE ZAM\u00d3WIENIE<\/strong> gdzie wz\u00f3r powstaje od zera. Do zaawansowanych projekt\u00f3w proponujemy przygotowanie WIZUALIZACJI 3D &#8211; to fantastyczna mo\u017cliwo\u015b\u0107 zobaczenia jak finalnie b\u0119dzie wygl\u0105da\u0142a Wasza para obr\u0105czek zanim je wykonamy.<\/p>\n<p>PERSONALIZACJA &#8211;\u00a0 rozmawiamy tak\u017ce o tym, czy chcecie zawrze\u0107 w projekcie Wasz indywidualny przekaz \u2013 motyw wsp\u00f3lnych zainteresowa\u0144, pasji, ulubionych miejsc lub wydarze\u0144. Cz\u0119sto jest to bardzo ciekawa \u201eburza m\u00f3zg\u00f3w\u201d. Po\u015bwi\u0119camy tak\u017ce sporo czasu na dob\u00f3r rozmiaru oraz modelu obr\u0105czki tak by doskonale wsp\u00f3\u0142gra\u0142a z d\u0142oni\u0105, kszta\u0142tem palca, karnacj\u0105. Uwzgl\u0119dniamy wykonywany zaw\u00f3d, nawyki, alergie &#8211; w oparciu o te informacje pomagamy dobra\u0107 Wam najlepszy wz\u00f3r po to, by noszenie obr\u0105czek by\u0142o dla Was jak najbardziej komfortowe. To jest istotny element <strong>personalizacji<\/strong> i &#8222;szycia&#8221; na miar\u0119!<\/p>\n<p>PRZYMIARKA &#8211; drugie spotkanie obejmuje przymiark\u0119 obr\u0105czek, jeszcze przed ich wyko\u0144czeniem. Mamy w\u00f3wczas czas, by dokona\u0107 niezb\u0119dnych korekt pod wzgl\u0119dem rozmiaru i wyko\u0144czenia powierzchni, a tak\u017ce ustali\u0107 tekst grawerunku. To spotkanie dedykujemy zw\u0142aszcza m\u0119\u017cczyznom, kt\u00f3rzy nieprzyzwyczajeni do noszenia bi\u017cuterii na palcu, potrzebuj\u0105 idealnego dopasowania.<\/p>\n<p>GRAWER\u00a0 &#8211; stosujemy przede wszystkim <strong>grawer laserowy<\/strong> \u2013 mo\u017cecie wybra\u0107 dowoln\u0105 czcionk\u0119 lub wykona\u0107 odr\u0119czny rysunek, kt\u00f3ry zostanie naniesiony na Wasze obr\u0105czki od zewn\u0105trz lub wewn\u0105trz (rysunek linii papilarnych, zapis bicia serca, ulubiony symbol itp.). Grawer jest tak\u017ce elementem personalizacji i warto przemy\u015ble\u0107 jego tre\u015b\u0107 &#8211; tekst czy rysunek mo\u017ce by\u0107 pi\u0119knym, osobistym elementem obr\u0105czki!<\/p>\n<p>FINA\u0141 &#8211; trzecie spotkanie to odbi\u00f3r gotowych obr\u0105czek. W przypadku niemo\u017cno\u015bci osobistego spotkania wsp\u00f3\u0142pracujemy z Wami online (ca\u0142y proces lub poszczeg\u00f3lne etapy) Co wa\u017cne nie tylko obr\u0105czki, ale r\u00f3wnie\u017c <strong>bi\u017cuteria \u015blubna<\/strong> jest u nas robiona r\u0119cznie, dzi\u0119ki czemu efekt zawsze zachwyca narzeczonych. W razie pyta\u0144 pozostajemy do dyspozycji \u2013 w tym celu prosimy o kontakt telefoniczny lub mailowy na adres: <a href=\"emailto:info@schiffers.pl\">info@schiffers.pl<\/a>.<\/p>\n<p>PRZETOPIENIE Z\u0141OTA &#8211; jako ceniony w Warszawie jubiler zajmujemy si\u0119 nie tylko bi\u017cuteri\u0105 na zam\u00f3wienie \u2013 odnawiamy r\u00f3wnie\u017c wszelkiego rodzaju przedmioty ze szlachetnych surowc\u00f3w. Je\u015bli chcecie wykona\u0107 <strong>obr\u0105czki z<\/strong> <strong>powierzonego z\u0142ota<\/strong>, w naszej pracowni jest taka mo\u017cliwo\u015b\u0107. Wykonanie obr\u0105czek z w\u0142asnego z\u0142ota to wyj\u0105tkowa okazja dla stworzenia bi\u017cuterii maj\u0105cej nie tylko warto\u015b\u0107 materialn\u0105, ale r\u00f3wnie\u017c emocjonaln\u0105. <strong>Przetapianie z\u0142ota<\/strong> pozwala na wykorzystanie rodzinnych pami\u0105tek, kt\u00f3rym nadawane jest nowe \u017cycie. Nie ulega w\u0105tpliwo\u015bci, i\u017c jest to rozwi\u0105zanie ekologiczne, minimalizuj\u0105ce potrzeb\u0119 wydobycia nowych surowc\u00f3w. W przypadku zam\u00f3wienia obr\u0105czek \u015blubnych z w\u0142asnego z\u0142ota, kolor oraz pr\u00f3ba powierzonego materia\u0142u nie maj\u0105 znaczenia. Czy znacie poj\u0119cie &#8222;<strong>Z\u0141OTO SENTYMENTALNE<\/strong>&#8222;?\u00a0 To oznacza, \u017ce Wasz materia\u0142 zostanie wykorzystany przy wyrobie obr\u0105czek &#8211; wi\u0119cej o tym rozwi\u0105zaniu opowiemy Wam podczas spotkania lub rozmowy telefonicznej.<\/p>\n<p>GWARANCJA &#8211; obr\u0105czkami wykonanymi u nas w pracowni opiekujemy si\u0119 przez d\u0142ugie lata \u2013 zapewniamy im pe\u0142en serwis i wieczyst\u0105 gwarancj\u0119 (ka\u017cdy przypadek omawiamy indywidualnie ale nikogo nie odsy\u0142amy &#8222;z kwitkiem&#8221;). Wykonujemy <strong>korekty rozmiaru obr\u0105czek<\/strong> bez wzgl\u0119du\u00a0 na ilo\u015b\u0107 rozmiar\u00f3w oraz zastosowanie kamieni. Powi\u0119kszamy lub zmniejszamy <strong>obr\u0105czki wielokamieniowe<\/strong>.<\/p>\n<p>CO JESZCZE? W galerii zobaczycie modele zar\u00f3wno te, kt\u00f3re s\u0105 w naszej ofercie, jak i te, kt\u00f3re powsta\u0142y na drodze indywidualnego projektowania. W pracowni Schiffers, gdzie do\u015bwiadczenie jubiler\u00f3w przekazywane z pokolenia na pokolenie spotyka si\u0119 z najnowocze\u015bniejszymi technologiami, projektujemy obr\u0105czki, pier\u015bcionki zar\u0119czynowe oraz bi\u017cuteri\u0119 dopasowan\u0105 do sukni \u015blubnej oraz m\u0119skie dodatki (spinki mankietowe, szpilki, sygnety \u015blubne). Dla zabieganych oferujemy wybrane modele obr\u0105czek \u015blubnych, kt\u00f3re s\u0105 dost\u0119pne online w zak\u0142adce <a href=\"https:\/\/schiffers.pl\/en\/front-sklepu\/\">SKLEP<\/a>.<\/p>\n<p>TERMINY &#8211; spok\u00f3j to komfort pracy. Umawiamy si\u0119 z Wami na konkretny dzie\u0144 i godzin\u0119 w naszej pracowni na Pradze. Spotkanie jest dedykowane tylko Wam i nikt nam nie przeszkadza. Dobra kawa i cierpliwo\u015b\u0107 s\u0105 gwarantowane ju\u017c na dzie\u0144 dobry! Ustalamy terminy telefonicznie lub mailowo. Najlepiej odzywa\u0107 si\u0119 do nas 6 miesi\u0119cy przed dat\u0105 \u015blubu ale nie straszna nam praca pod presj\u0105 czasu i \u015bwiadczymy us\u0142ug\u0119 &#8222;obr\u0105czkowe S.O.S&#8221;. Lepiej jednak zaplanowa\u0107 wszystko wcze\u015bniej i mie\u0107 przyjemno\u015b\u0107 z tworzenia wsp\u00f3lnego dzie\u0142a.<\/p>\n<p>TARGI \u015aLUBNE &#8211; z przyjemno\u015bci\u0105 spotykamy si\u0119 z Wami poza pracowni\u0105 podczas event\u00f3w \u015blubnych &#8211; aktualne terminy podajemy tutaj:\u00a0<a href=\"https:\/\/schiffers.pl\/en\/targi-slubne\/\">https:\/\/schiffers.pl\/targi-slubne\/<\/a><\/p>\n<p><a class=\"f__libre\" href=\"https:\/\/schiffers.pl\/en\/obraczki-slubne\/\">Wi\u0119cej \u2192<\/a><\/p>\n\n\t\t<\/div>\n\t<\/div>\n<\/div><\/div><\/div><div class=\"image-col wpb_column vc_column_container vc_col-sm-3\"><div class=\"vc_column-inner\"><div class=\"wpb_wrapper\">\n\t<div  class=\"wpb_single_image wpb_content_element vc_align_center wpb_content_element\">\n\t\t\n\t\t<figure class=\"wpb_wrapper vc_figure\">\n\t\t\t<div class=\"vc_single_image-wrapper   vc_box_border_grey\"><img decoding=\"async\" class=\"vc_single_image-img\" src=\"https:\/\/schiffers.pl\/wp-content\/uploads\/2020\/06\/1340036-308x271.jpg\" width=\"308\" height=\"271\" alt=\"_1340036\" title=\"_1340036\" loading=\"lazy\" \/><\/div>\n\t\t<\/figure>\n\t<\/div>\n<\/div><\/div><\/div><div class=\"title wpb_column vc_column_container vc_col-sm-3\"><div class=\"vc_column-inner\"><div class=\"wpb_wrapper\">\n\t<div class=\"wpb_text_column wpb_content_element obr-title spero-line-title\" >\n\t\t<div class=\"wpb_wrapper\">\n\t\t\t<h3 style=\"text-align: center;\"><a href=\"https:\/\/schiffers.pl\/en\/obraczki-slubne\/\">OBR\u0104CZKI<br \/>\n\u015aLUBNE<\/a><\/h3>\n\n\t\t<\/div>\n\t<\/div>\n<\/div><\/div><\/div><\/div><div class=\"vc_row pierscionki-zareczynowe atelier vc_custom_1572459397832 vc_row-o-equal-height vc_row-o-content-middle vc_row-flex\"><div class=\"title wpb_column vc_column_container vc_col-sm-3\"><div class=\"vc_column-inner\"><div class=\"wpb_wrapper\">\n\t<div class=\"wpb_text_column wpb_content_element zarencz-title spero-line-title\" >\n\t\t<div class=\"wpb_wrapper\">\n\t\t\t<h3 style=\"text-align: center;\"><a href=\"https:\/\/schiffers.pl\/en\/pierscionki-zareczynowe\/\">PIER\u015aCIONKI<br \/>\nZAR\u0118CZYNOWE<\/a><\/h3>\n\n\t\t<\/div>\n\t<\/div>\n<\/div><\/div><\/div><div class=\"image-col wpb_column vc_column_container vc_col-sm-3\"><div class=\"vc_column-inner\"><div class=\"wpb_wrapper\">\n\t<div  class=\"wpb_single_image wpb_content_element vc_align_center wpb_content_element\">\n\t\t\n\t\t<figure class=\"wpb_wrapper vc_figure\">\n\t\t\t<div class=\"vc_single_image-wrapper   vc_box_border_grey\"><img decoding=\"async\" class=\"vc_single_image-img\" src=\"https:\/\/schiffers.pl\/wp-content\/uploads\/2023\/02\/1470099-308x271.jpg\" width=\"308\" height=\"271\" alt=\"_1470099\" title=\"_1470099\" loading=\"lazy\" \/><\/div>\n\t\t<\/figure>\n\t<\/div>\n<\/div><\/div><\/div><div class=\"description-col text-right wpb_column vc_column_container vc_col-sm-6\"><div class=\"vc_column-inner\"><div class=\"wpb_wrapper\">\n\t<div class=\"wpb_text_column wpb_content_element sp-justify pr-text-3\" >\n\t\t<div class=\"wpb_wrapper\">\n\t\t\t<h2>Projektowanie pier\u015bcionk\u00f3w zar\u0119czynowych<\/h2>\n<p>W galerii <a href=\"https:\/\/schiffers.pl\/en\/pierscionki-zareczynowe\/\">https:\/\/schiffers.pl\/pierscionki-zareczynowe\/<\/a> zosta\u0142y zaprezentowane zdj\u0119cia pier\u015bcionk\u00f3w wykonanych na indywidualne zam\u00f3wienie. Bardzo cz\u0119sto s\u0105 to niepowtarzalne realizacje. Ka\u017cdy z pier\u015bcionk\u00f3w ma unikatowy charakter ze wzgl\u0119du na proces tw\u00f3rczy, unikatowe kamienie i personalizacj\u0119.<\/p>\n<p>W naszej pracowni powstaj\u0105 wyj\u0105tkowe projekty pier\u015bcionk\u00f3w zar\u0119czynowych. Staramy si\u0119, by ka\u017cdy z nich by\u0142 niepowtarzalnym, indywidualnie zaprojektowanym modelem. Proces projektowania pier\u015bcionka zar\u0119czynowego traktujemy bardzo powa\u017cnie \u2013 pracujemy wsp\u00f3lnie nad jego koncepcj\u0105 podczas dw\u00f3ch lub trzech indywidualnych spotka\u0144. Nasz\u0105 ide\u0105 jest to, by ka\u017cdy pier\u015bcionek zawiera\u0142 w sobie odr\u0119bn\u0105 histori\u0119, intymny przekaz z zar\u00f3wno jego forma, jak i zastosowane kamienie by\u0142y oryginalne w stosunku do masowej produkcji.<\/p>\n<p>Projekt realizujemy odr\u0119cznie (rysunek) lub\/i w wersji 3D. Pier\u015bcionki powstaj\u0105 wy\u0142\u0105cznie z metali szlachetnych \u2013 z\u0142ota pr\u00f3by min. 585 lub platyny, zakuwamy w nie naturalne kamienie, kt\u00f3re dobieramy pod wzgl\u0119dem upodoba\u0144 klienta.<\/p>\n<p data-start=\"108\" data-end=\"285\">Zapraszamy na indywidualne spotkanie, podczas kt\u00f3rego wprowadzimy w proces tworzenia bi\u017cuterii oraz przedstawimy mo\u017cliwo\u015bci personalizacji i formy realizacji projektu.<\/p>\n<p data-start=\"287\" data-end=\"553\">Dla klient\u00f3w, kt\u00f3rzy nie mog\u0105 odwiedzi\u0107 naszej pracowni, oferujemy r\u00f3wnie\u017c konsultacje zdalne \u2013 prowadzone z tak\u0105 sam\u0105 staranno\u015bci\u0105 i uwag\u0105, jak spotkania osobiste. Gotowy pier\u015bcionek dostarczamy w spos\u00f3b bezpieczny i dyskretny, za po\u015brednictwem kuriera.<\/p>\n<p data-start=\"555\" data-end=\"657\">Pozostajemy do dyspozycji i z przyjemno\u015bci\u0105 odpowiemy na wszelkie pytania: <a class=\"decorated-link cursor-pointer\" rel=\"noopener\" data-start=\"638\" data-end=\"655\">info@schiffers.pl<\/a><\/p>\n<p data-start=\"659\" data-end=\"1122\">Bi\u017cuteria z kamieniami szlachetnymi opatrzona jest certyfikatem, zawieraj\u0105cym parametry jako\u015bci zgodne z mi\u0119dzynarodow\u0105 klasyfikacj\u0105 4C (carat, clarity, color, cut) oraz pr\u00f3b\u0119 u\u017cytego kruszcu. W przypadku diament\u00f3w wsp\u00f3\u0142pracujemy wy\u0142\u0105cznie z uznanymi instytutami gemmologicznymi, takimi jak <span class=\"hover:entity-accent entity-underline inline cursor-pointer align-baseline\"><span class=\"whitespace-normal\">Gemological Institute of America<\/span><\/span> (GIA) oraz <span class=\"hover:entity-accent entity-underline inline cursor-pointer align-baseline\"><span class=\"whitespace-normal\">HRD Antwerp<\/span><\/span> (HRD Antwerp).<\/p>\n<p>&nbsp;<\/p>\n<div style=\"text-align: right;\"><a class=\"f__libre\" href=\"https:\/\/schiffers.pl\/en\/pierscionki-zareczynowe\/\">Wi\u0119cej \u2192<\/a><\/div>\n\n\t\t<\/div>\n\t<\/div>\n<\/div><\/div><\/div><\/div><div class=\"vc_row renowacja atelier vc_custom_1572459404142 vc_row-o-equal-height vc_row-o-content-middle vc_row-flex\"><div class=\"description-col text-left wpb_column vc_column_container vc_col-sm-6\"><div class=\"vc_column-inner\"><div class=\"wpb_wrapper\">\n\t<div class=\"wpb_text_column wpb_content_element vc_custom_1733472629477 sp-justify pr-text-2\" >\n\t\t<div class=\"wpb_wrapper\">\n\t\t\t<p>Znajdziecie tutaj informacje o najbli\u017cszych targach \u015blubnych oraz gar\u015b\u0107 porad przydatnych przed \u015blubem lub zar\u0119czynami.<\/p>\n<div style=\"text-align: right;\"><a class=\"f__libre\" href=\"https:\/\/schiffers.pl\/en\/category\/sluby\/\">Wi\u0119cej \u2192<\/a><\/div>\n\n\t\t<\/div>\n\t<\/div>\n<\/div><\/div><\/div><div class=\"image-col wpb_column vc_column_container vc_col-sm-3\"><div class=\"vc_column-inner\"><div class=\"wpb_wrapper\">\n\t<div  class=\"wpb_single_image wpb_content_element vc_align_center wpb_content_element\">\n\t\t\n\t\t<figure class=\"wpb_wrapper vc_figure\">\n\t\t\t<div class=\"vc_single_image-wrapper   vc_box_border_grey\"><img decoding=\"async\" class=\"vc_single_image-img\" src=\"https:\/\/schiffers.pl\/wp-content\/uploads\/2023\/03\/1480217-2-308x271.jpg\" width=\"308\" height=\"271\" alt=\"_1480217\" title=\"_1480217\" loading=\"lazy\" \/><\/div>\n\t\t<\/figure>\n\t<\/div>\n<\/div><\/div><\/div><div class=\"title wpb_column vc_column_container vc_col-sm-3\"><div class=\"vc_column-inner\"><div class=\"wpb_wrapper\">\n\t<div class=\"wpb_text_column wpb_content_element ren-title spero-line-title\" >\n\t\t<div class=\"wpb_wrapper\">\n\t\t\t<h3 style=\"text-align: center;\"><a href=\"https:\/\/schiffers.pl\/en\/category\/sluby\/\">AKTUALNO\u015aCI<br \/>\n\u015aLUBNE<\/a><\/h3>\n\n\t\t<\/div>\n\t<\/div>\n<\/div><\/div><\/div><\/div>\n<\/div>","protected":false},"excerpt":{"rendered":"Wykonanie obr\u0105czek \u015blubnych \u2013 z naszego lub powierzonego z\u0142ota. PROCES PROJEKTOWANIA i powstawania obr\u0105czek (r\u00f3wnie\u017c z w\u0142asnego z\u0142ota), odbywa si\u0119 na drodze dw\u00f3ch lub trzech spotka\u0144, podczas kt\u00f3rych poznajemy Wasze oczekiwania oraz preferencje. Mo\u017cecie wybra\u0107 spo\u015br\u00f3d 1oo GOTOWYCH\u00a0 WZOR\u00d3W naszego projektu \u2013 proponujemy obr\u0105czki z diamentami lub innymi kamieniami szlachetnymi, ze z\u0142ota, proste, m\u0142otkowane b\u0105d\u017a [...]","protected":false},"author":4,"featured_media":17075,"parent":0,"menu_order":0,"comment_status":"closed","ping_status":"closed","template":"","meta":{"footnotes":""},"class_list":["post-11468","page","type-page","status-publish","has-post-thumbnail","hentry"],"yoast_head":"<!-- This site is optimized with the Yoast SEO plugin v24.6 - https:\/\/yoast.com\/wordpress\/plugins\/seo\/ -->\n<title>Pier\u015bcionki zar\u0119czynowe i obr\u0105czki z w\u0142asnego z\u0142ota - przetapianie i projektowanie | Schiffers<\/title>\n<meta name=\"description\" content=\"Odkryj wyj\u0105tkowe kolekcje obr\u0105czek oraz bi\u017cuterii \u015blubnej prosto z pracowni jubilerskiej Schiffers. Postaw na w pe\u0142ni spersonalizowane projekty w ten wyj\u0105tkowy dzie\u0144.\" \/>\n<meta name=\"robots\" content=\"index, follow, max-snippet:-1, max-image-preview:large, max-video-preview:-1\" \/>\n<link rel=\"canonical\" href=\"https:\/\/schiffers.pl\/en\/sluby-2\/\" \/>\n<meta property=\"og:locale\" content=\"en_US\" \/>\n<meta property=\"og:type\" content=\"article\" \/>\n<meta property=\"og:title\" content=\"Pier\u015bcionki zar\u0119czynowe i obr\u0105czki z w\u0142asnego z\u0142ota - przetapianie i projektowanie | Schiffers\" \/>\n<meta property=\"og:description\" content=\"Odkryj wyj\u0105tkowe kolekcje obr\u0105czek oraz bi\u017cuterii \u015blubnej prosto z pracowni jubilerskiej Schiffers. Postaw na w pe\u0142ni spersonalizowane projekty w ten wyj\u0105tkowy dzie\u0144.\" \/>\n<meta property=\"og:url\" content=\"https:\/\/schiffers.pl\/en\/sluby-2\/\" \/>\n<meta property=\"og:site_name\" content=\"Schiffers\" \/>\n<meta property=\"article:modified_time\" content=\"2026-03-19T17:12:26+00:00\" \/>\n<meta property=\"og:image\" content=\"https:\/\/schiffers.pl\/wp-content\/uploads\/2022\/08\/2U3A7792-scaled.jpg\" \/>\n\t<meta property=\"og:image:width\" content=\"2560\" \/>\n\t<meta property=\"og:image:height\" content=\"1707\" \/>\n\t<meta property=\"og:image:type\" content=\"image\/jpeg\" \/>\n<meta name=\"twitter:card\" content=\"summary_large_image\" \/>\n<meta name=\"twitter:label1\" content=\"Est. reading time\" \/>\n\t<meta name=\"twitter:data1\" content=\"7 minutes\" \/>\n<script type=\"application\/ld+json\" class=\"yoast-schema-graph\">{\"@context\":\"https:\/\/schema.org\",\"@graph\":[{\"@type\":\"WebPage\",\"@id\":\"https:\/\/schiffers.pl\/sluby-2\/\",\"url\":\"https:\/\/schiffers.pl\/sluby-2\/\",\"name\":\"Pier\u015bcionki zar\u0119czynowe i obr\u0105czki z w\u0142asnego z\u0142ota - przetapianie i projektowanie | Schiffers\",\"isPartOf\":{\"@id\":\"https:\/\/schiffers.pl\/#website\"},\"primaryImageOfPage\":{\"@id\":\"https:\/\/schiffers.pl\/sluby-2\/#primaryimage\"},\"image\":{\"@id\":\"https:\/\/schiffers.pl\/sluby-2\/#primaryimage\"},\"thumbnailUrl\":\"https:\/\/schiffers.pl\/wp-content\/uploads\/2022\/08\/2U3A7792-scaled.jpg\",\"datePublished\":\"2019-10-29T13:58:41+00:00\",\"dateModified\":\"2026-03-19T17:12:26+00:00\",\"description\":\"Odkryj wyj\u0105tkowe kolekcje obr\u0105czek oraz bi\u017cuterii \u015blubnej prosto z pracowni jubilerskiej Schiffers. Postaw na w pe\u0142ni spersonalizowane projekty w ten wyj\u0105tkowy dzie\u0144.\",\"breadcrumb\":{\"@id\":\"https:\/\/schiffers.pl\/sluby-2\/#breadcrumb\"},\"inLanguage\":\"en-US\",\"potentialAction\":[{\"@type\":\"ReadAction\",\"target\":[\"https:\/\/schiffers.pl\/sluby-2\/\"]}]},{\"@type\":\"ImageObject\",\"inLanguage\":\"en-US\",\"@id\":\"https:\/\/schiffers.pl\/sluby-2\/#primaryimage\",\"url\":\"https:\/\/schiffers.pl\/wp-content\/uploads\/2022\/08\/2U3A7792-scaled.jpg\",\"contentUrl\":\"https:\/\/schiffers.pl\/wp-content\/uploads\/2022\/08\/2U3A7792-scaled.jpg\",\"width\":2560,\"height\":1707},{\"@type\":\"BreadcrumbList\",\"@id\":\"https:\/\/schiffers.pl\/sluby-2\/#breadcrumb\",\"itemListElement\":[{\"@type\":\"ListItem\",\"position\":1,\"name\":\"Strona g\u0142\u00f3wna\",\"item\":\"https:\/\/schiffers.pl\/\"},{\"@type\":\"ListItem\",\"position\":2,\"name\":\"\u015aluby\"}]},{\"@type\":\"WebSite\",\"@id\":\"https:\/\/schiffers.pl\/#website\",\"url\":\"https:\/\/schiffers.pl\/\",\"name\":\"Schiffers\",\"description\":\"bi\u017cuteria\",\"potentialAction\":[{\"@type\":\"SearchAction\",\"target\":{\"@type\":\"EntryPoint\",\"urlTemplate\":\"https:\/\/schiffers.pl\/?s={search_term_string}\"},\"query-input\":{\"@type\":\"PropertyValueSpecification\",\"valueRequired\":true,\"valueName\":\"search_term_string\"}}],\"inLanguage\":\"en-US\"}]}<\/script>\n<!-- \/ Yoast SEO plugin. -->","yoast_head_json":{"title":"Pier\u015bcionki zar\u0119czynowe i obr\u0105czki z w\u0142asnego z\u0142ota - przetapianie i projektowanie | Schiffers","description":"Odkryj wyj\u0105tkowe kolekcje obr\u0105czek oraz bi\u017cuterii \u015blubnej prosto z pracowni jubilerskiej Schiffers. Postaw na w pe\u0142ni spersonalizowane projekty w ten wyj\u0105tkowy dzie\u0144.","robots":{"index":"index","follow":"follow","max-snippet":"max-snippet:-1","max-image-preview":"max-image-preview:large","max-video-preview":"max-video-preview:-1"},"canonical":"https:\/\/schiffers.pl\/en\/sluby-2\/","og_locale":"en_US","og_type":"article","og_title":"Pier\u015bcionki zar\u0119czynowe i obr\u0105czki z w\u0142asnego z\u0142ota - przetapianie i projektowanie | Schiffers","og_description":"Odkryj wyj\u0105tkowe kolekcje obr\u0105czek oraz bi\u017cuterii \u015blubnej prosto z pracowni jubilerskiej Schiffers. Postaw na w pe\u0142ni spersonalizowane projekty w ten wyj\u0105tkowy dzie\u0144.","og_url":"https:\/\/schiffers.pl\/en\/sluby-2\/","og_site_name":"Schiffers","article_modified_time":"2026-03-19T17:12:26+00:00","og_image":[{"width":2560,"height":1707,"url":"https:\/\/schiffers.pl\/wp-content\/uploads\/2022\/08\/2U3A7792-scaled.jpg","type":"image\/jpeg"}],"twitter_card":"summary_large_image","twitter_misc":{"Est. reading time":"7 minutes"},"schema":{"@context":"https:\/\/schema.org","@graph":[{"@type":"WebPage","@id":"https:\/\/schiffers.pl\/sluby-2\/","url":"https:\/\/schiffers.pl\/sluby-2\/","name":"Pier\u015bcionki zar\u0119czynowe i obr\u0105czki z w\u0142asnego z\u0142ota - przetapianie i projektowanie | Schiffers","isPartOf":{"@id":"https:\/\/schiffers.pl\/#website"},"primaryImageOfPage":{"@id":"https:\/\/schiffers.pl\/sluby-2\/#primaryimage"},"image":{"@id":"https:\/\/schiffers.pl\/sluby-2\/#primaryimage"},"thumbnailUrl":"https:\/\/schiffers.pl\/wp-content\/uploads\/2022\/08\/2U3A7792-scaled.jpg","datePublished":"2019-10-29T13:58:41+00:00","dateModified":"2026-03-19T17:12:26+00:00","description":"Odkryj wyj\u0105tkowe kolekcje obr\u0105czek oraz bi\u017cuterii \u015blubnej prosto z pracowni jubilerskiej Schiffers. Postaw na w pe\u0142ni spersonalizowane projekty w ten wyj\u0105tkowy dzie\u0144.","breadcrumb":{"@id":"https:\/\/schiffers.pl\/sluby-2\/#breadcrumb"},"inLanguage":"en-US","potentialAction":[{"@type":"ReadAction","target":["https:\/\/schiffers.pl\/sluby-2\/"]}]},{"@type":"ImageObject","inLanguage":"en-US","@id":"https:\/\/schiffers.pl\/sluby-2\/#primaryimage","url":"https:\/\/schiffers.pl\/wp-content\/uploads\/2022\/08\/2U3A7792-scaled.jpg","contentUrl":"https:\/\/schiffers.pl\/wp-content\/uploads\/2022\/08\/2U3A7792-scaled.jpg","width":2560,"height":1707},{"@type":"BreadcrumbList","@id":"https:\/\/schiffers.pl\/sluby-2\/#breadcrumb","itemListElement":[{"@type":"ListItem","position":1,"name":"Strona g\u0142\u00f3wna","item":"https:\/\/schiffers.pl\/"},{"@type":"ListItem","position":2,"name":"\u015aluby"}]},{"@type":"WebSite","@id":"https:\/\/schiffers.pl\/#website","url":"https:\/\/schiffers.pl\/","name":"Schiffers","description":"bi\u017cuteria","potentialAction":[{"@type":"SearchAction","target":{"@type":"EntryPoint","urlTemplate":"https:\/\/schiffers.pl\/?s={search_term_string}"},"query-input":{"@type":"PropertyValueSpecification","valueRequired":true,"valueName":"search_term_string"}}],"inLanguage":"en-US"}]}},"_links":{"self":[{"href":"https:\/\/schiffers.pl\/en\/wp-json\/wp\/v2\/pages\/11468","targetHints":{"allow":["GET"]}}],"collection":[{"href":"https:\/\/schiffers.pl\/en\/wp-json\/wp\/v2\/pages"}],"about":[{"href":"https:\/\/schiffers.pl\/en\/wp-json\/wp\/v2\/types\/page"}],"author":[{"embeddable":true,"href":"https:\/\/schiffers.pl\/en\/wp-json\/wp\/v2\/users\/4"}],"replies":[{"embeddable":true,"href":"https:\/\/schiffers.pl\/en\/wp-json\/wp\/v2\/comments?post=11468"}],"version-history":[{"count":60,"href":"https:\/\/schiffers.pl\/en\/wp-json\/wp\/v2\/pages\/11468\/revisions"}],"predecessor-version":[{"id":18095,"href":"https:\/\/schiffers.pl\/en\/wp-json\/wp\/v2\/pages\/11468\/revisions\/18095"}],"wp:featuredmedia":[{"embeddable":true,"href":"https:\/\/schiffers.pl\/en\/wp-json\/wp\/v2\/media\/17075"}],"wp:attachment":[{"href":"https:\/\/schiffers.pl\/en\/wp-json\/wp\/v2\/media?parent=11468"}],"curies":[{"name":"wp","href":"https:\/\/api.w.org\/{rel}","templated":true}]}}